{"id":8991,"date":"2025-03-24T09:17:02","date_gmt":"2025-03-24T09:17:02","guid":{"rendered":"https:\/\/duvall.be\/product\/televic-confidea-wireless-chairman-case-1-cd-and-5-dd-units-incl-batteries\/"},"modified":"2025-11-21T14:03:54","modified_gmt":"2025-11-21T14:03:54","slug":"televic-confidea-wireless-chairman-case-1-cd-and-5-dd-units-incl-batteries","status":"publish","type":"product","link":"https:\/\/duvall.be\/nl\/product\/televic-confidea-wireless-chairman-case-1-cd-and-5-dd-units-incl-batteries\/","title":{"rendered":"Televic Confidea G2 Wireless Chairman Case | 1 CD &amp; 5 DD Eenheden"},"content":{"rendered":"<p class=\"\" data-start=\"494\" data-end=\"773\">De Televic Confidea G2 Wireless Chairman Case is een complete draadloze conferentieoplossing, ontworpen voor professionele vergaderingen en evenementen. Hij bevat \u00e9\u00e9n voorzitterseenheid (CD G2) en vijf delegatie-units (DD G2), elk gevoed door lithium-ion batterijen. <\/p>\n<p class=\"\" data-start=\"775\" data-end=\"945\">Omdat het systeem draadloos is, is de installatie snel en moeiteloos. Bovendien biedt het stabiele, storingsvrije communicatie, zelfs in RF-gevoelige omgevingen. <\/p>\n<p class=\"\" data-start=\"947\" data-end=\"1280\">De voorzittersunit geeft volledige controle over de discussie. Het heeft een Prioriteitsknop om het woord te nemen en een Volgende-in-lijn knop om verzoeken van sprekers te beheren. <\/p>\n<p class=\"\" data-start=\"1282\" data-end=\"1519\">Daarnaast zorgt de Confidea G2 voor veilige communicatie. Hij maakt gebruik van AES 128-bits encryptie, waardoor onbevoegde toegang wordt voorkomen. Dankzij het effici\u00ebnte energiebeheer gaat de batterij tot 24 uur mee na \u00e9\u00e9n keer opladen.  <\/p>\n<p class=\"\" data-start=\"1521\" data-end=\"1623\">Over het geheel genomen is dit systeem perfect voor directiekamers, bedrijfsvergaderingen, raden en huuropstellingen.<\/p>\n<h3 data-start=\"1630\" data-end=\"1654\">Belangrijkste kenmerken<\/h3>\n<ul data-start=\"1656\" data-end=\"2485\">\n<li class=\"\" data-start=\"1656\" data-end=\"1757\">\n<p class=\"\" data-start=\"1658\" data-end=\"1757\"><strong data-start=\"1658\" data-end=\"1686\">Compleet Draadloos Systeem<\/strong> &#8211; Bevat 1 voorzittersunit (CD G2) en 5 delegatie-units (DD G2).<\/p>\n<\/li>\n<li class=\"\" data-start=\"1758\" data-end=\"1864\">\n<p class=\"\" data-start=\"1760\" data-end=\"1864\"><strong data-start=\"1760\" data-end=\"1790\">Geavanceerde voorzitterbediening<\/strong> &#8211; De knoppen Prioriteit en Volgende in de rij verbeteren het beheer van vergaderingen.<\/p>\n<\/li>\n<li class=\"\" data-start=\"1865\" data-end=\"1953\">\n<p class=\"\" data-start=\"1867\" data-end=\"1953\"><strong data-start=\"1867\" data-end=\"1888\">Veilig en betrouwbaar<\/strong> &#8211; Met AES 128-bits versleuteling blijven discussies priv\u00e9.<\/p>\n<\/li>\n<li class=\"\" data-start=\"2174\" data-end=\"2280\">\n<p class=\"\" data-start=\"2176\" data-end=\"2280\"><strong data-start=\"2176\" data-end=\"2197\">Lange batterijduur<\/strong> &#8211; Werkt tot 24 uur per lading met Confidea BP lithium-ion batterijen.<\/p>\n<\/li>\n<li class=\"\" data-start=\"2281\" data-end=\"2380\">\n<p class=\"\" data-start=\"2283\" data-end=\"2380\"><strong data-start=\"2283\" data-end=\"2303\">Moeiteloze installatie<\/strong> &#8211; Het draadloze ontwerp maakt een snelle implementatie mogelijk zonder technische expertise.<\/p>\n<\/li>\n<li class=\"\" data-start=\"2381\" data-end=\"2485\">\n<p class=\"\" data-start=\"2383\" data-end=\"2485\"><strong data-start=\"2383\" data-end=\"2410\">Storingsvrije audio<\/strong> &#8211; Ongevoelig voor interferentie van mobiele telefoons, voor heldere communicatie.<\/p>\n<\/li>\n<\/ul>\n","protected":false},"excerpt":{"rendered":"<p>De Televic Confidea G2 Wireless Chairman Case bevat \u00e9\u00e9n Confidea CD G2 Chairman Unit en vijf Confidea DD G2 Delegate Units, allemaal inclusief batterijen. Het biedt veilige draadloze communicatie, uitstekende geluidskwaliteit en eenvoudige installatie. <\/p>\n","protected":false},"featured_media":9334,"template":"","meta":{"_seopress_robots_primary_cat":"0","_seopress_titles_title":"Televic Confidea G2 Wireless Chairman Case","_seopress_titles_desc":"De Televic Confidea G2 Wireless Chairman Case bevat 1 Confidea CD G2 voorzittersunit en 5 DD G2 delegatie-units met batterijen.","_seopress_robots_index":"","_et_pb_use_builder":"","_et_pb_old_content":"","_et_gb_content_width":""},"product_brand":[148],"product_cat":[206],"product_tag":[264],"magma_product_family":[],"class_list":{"0":"post-8991","1":"product","2":"type-product","3":"status-publish","4":"has-post-thumbnail","6":"product_brand-televic-nl","7":"product_cat-microfoons","8":"product_tag-draadloos","9":"magma_scope-conference-av-technology-nl","11":"first","12":"instock","13":"shipping-taxable","14":"purchasable","15":"product-type-simple"},"_links":{"self":[{"href":"https:\/\/duvall.be\/nl\/wp-json\/wp\/v2\/product\/8991","targetHints":{"allow":["GET"]}}],"collection":[{"href":"https:\/\/duvall.be\/nl\/wp-json\/wp\/v2\/product"}],"about":[{"href":"https:\/\/duvall.be\/nl\/wp-json\/wp\/v2\/types\/product"}],"wp:featuredmedia":[{"embeddable":true,"href":"https:\/\/duvall.be\/nl\/wp-json\/wp\/v2\/media\/9334"}],"wp:attachment":[{"href":"https:\/\/duvall.be\/nl\/wp-json\/wp\/v2\/media?parent=8991"}],"wp:term":[{"taxonomy":"product_brand","embeddable":true,"href":"https:\/\/duvall.be\/nl\/wp-json\/wp\/v2\/product_brand?post=8991"},{"taxonomy":"product_cat","embeddable":true,"href":"https:\/\/duvall.be\/nl\/wp-json\/wp\/v2\/product_cat?post=8991"},{"taxonomy":"product_tag","embeddable":true,"href":"https:\/\/duvall.be\/nl\/wp-json\/wp\/v2\/product_tag?post=8991"},{"taxonomy":"magma_product_family","embeddable":true,"href":"https:\/\/duvall.be\/nl\/wp-json\/wp\/v2\/magma_product_family?post=8991"}],"curies":[{"name":"wp","href":"https:\/\/api.w.org\/{rel}","templated":true}]}}