{"id":9263,"date":"2025-03-21T14:34:07","date_gmt":"2025-03-21T14:34:07","guid":{"rendered":"https:\/\/duvall.be\/product\/bnc-cable-drum-50m-100m\/"},"modified":"2025-11-21T14:05:02","modified_gmt":"2025-11-21T14:05:02","slug":"bnc-cable-drum-50m-100m","status":"publish","type":"product","link":"https:\/\/duvall.be\/fr\/produit\/bnc-cable-drum-50m-100m\/","title":{"rendered":"C\u00e2ble BNC | 50 ou 100m"},"content":{"rendered":"<p data-start=\"428\" data-end=\"708\">Le c\u00e2ble BNC (50m &amp; 100m) fournit une transmission de signal fiable et sans interf\u00e9rence pour les applications de diffusion, de surveillance et AV. Construit avec un blindage coaxial de haute qualit\u00e9, il garantit une faible perte de signal et une clart\u00e9 maximale, m\u00eame sur de longues distances. <\/p>\n<p data-start=\"710\" data-end=\"1007\">Dot\u00e9 d&rsquo;un c\u00e2ble robuste, il est id\u00e9al pour la location, les \u00e9v\u00e9nements en direct et les installations mobiles, car il permet un d\u00e9ploiement et une r\u00e9tractation rapides. Qu&rsquo;il soit utilis\u00e9 pour la transmission vid\u00e9o SDI ou les syst\u00e8mes de distribution RF, ce c\u00e2ble BNC offre une connectivit\u00e9 stable et performante. <\/p>\n<h3 data-start=\"1009\" data-end=\"1033\">Caract\u00e9ristiques principales<\/h3>\n<ul data-start=\"1035\" data-end=\"1612\">\n<li data-start=\"1035\" data-end=\"1122\"><strong data-start=\"1037\" data-end=\"1072\">Transmission de qualit\u00e9 professionnelle<\/strong> &#8211; Id\u00e9al pour les applications SDI et RF.<\/li>\n<li data-start=\"1123\" data-end=\"1239\"><strong data-start=\"1125\" data-end=\"1151\">C\u00e2ble coaxial blind\u00e9<\/strong> &#8211; Minimise les interf\u00e9rences et la perte de signal, garantissant une transmission de haute qualit\u00e9.<\/li>\n<li data-start=\"1240\" data-end=\"1333\"><strong data-start=\"1242\" data-end=\"1271\">Options de longueur 50m et 100m<\/strong> &#8211; Parfait pour les installations vid\u00e9o et de diffusion \u00e0 longue distance.<\/li>\n<li data-start=\"1334\" data-end=\"1433\"><strong data-start=\"1336\" data-end=\"1358\">Tambour de c\u00e2ble durable<\/strong> &#8211; Prot\u00e8ge le c\u00e2ble et permet une manipulation et un transport faciles.<\/li>\n<li data-start=\"1434\" data-end=\"1518\"><strong data-start=\"1436\" data-end=\"1470\">Construction flexible et robuste<\/strong> &#8211; Con\u00e7ue pour une utilisation professionnelle fr\u00e9quente.<\/li>\n<li data-start=\"1519\" data-end=\"1612\"><strong data-start=\"1521\" data-end=\"1539\">Connecteurs BNC<\/strong> &#8211; Connexions s\u00e9curis\u00e9es \u00e0 verrouillage par rotation pour une transmission stable du signal.<\/li>\n<\/ul>\n","protected":false},"excerpt":{"rendered":"<p>Le c\u00e2ble BNC est un c\u00e2ble coaxial de haute qualit\u00e9 con\u00e7u pour la diffusion, la vid\u00e9o et la transmission de signaux RF. Disponible en longueurs de 50 m et 100 m, il est pr\u00e9-enroul\u00e9 sur un enrollateur durable pour un d\u00e9ploiement, un transport et un stockage faciles. Il est parfait pour les applications audiovisuelles, les \u00e9v\u00e9nements en direct et les applications vid\u00e9o professionnelles. <\/p>\n","protected":false},"featured_media":8947,"template":"","meta":{"_seopress_robots_primary_cat":"0","_seopress_titles_title":"C\u00e2ble BNC - 50m &amp; 100m | Coaxial blind\u00e9 pour vid\u00e9o &amp; RF","_seopress_titles_desc":"Le c\u00e2ble BNC (50m &amp; 100m) offre une transmission de signaux SDI et RF de haute qualit\u00e9 avec un c\u00e2ble coaxial blind\u00e9 sur une bobine durable pour une manipulation facile.","_seopress_robots_index":"","_et_pb_use_builder":"","_et_pb_old_content":"","_et_gb_content_width":""},"product_brand":[],"product_cat":[136],"product_tag":[],"magma_product_family":[],"class_list":{"0":"post-9263","1":"product","2":"type-product","3":"status-publish","4":"has-post-thumbnail","6":"product_cat-distribution-audio","7":"magma_scope-conference-av-technology-fr","9":"first","10":"instock","11":"shipping-taxable","12":"purchasable","13":"product-type-variable"},"_links":{"self":[{"href":"https:\/\/duvall.be\/fr\/wp-json\/wp\/v2\/product\/9263","targetHints":{"allow":["GET"]}}],"collection":[{"href":"https:\/\/duvall.be\/fr\/wp-json\/wp\/v2\/product"}],"about":[{"href":"https:\/\/duvall.be\/fr\/wp-json\/wp\/v2\/types\/product"}],"wp:featuredmedia":[{"embeddable":true,"href":"https:\/\/duvall.be\/fr\/wp-json\/wp\/v2\/media\/8947"}],"wp:attachment":[{"href":"https:\/\/duvall.be\/fr\/wp-json\/wp\/v2\/media?parent=9263"}],"wp:term":[{"taxonomy":"product_brand","embeddable":true,"href":"https:\/\/duvall.be\/fr\/wp-json\/wp\/v2\/product_brand?post=9263"},{"taxonomy":"product_cat","embeddable":true,"href":"https:\/\/duvall.be\/fr\/wp-json\/wp\/v2\/product_cat?post=9263"},{"taxonomy":"product_tag","embeddable":true,"href":"https:\/\/duvall.be\/fr\/wp-json\/wp\/v2\/product_tag?post=9263"},{"taxonomy":"magma_product_family","embeddable":true,"href":"https:\/\/duvall.be\/fr\/wp-json\/wp\/v2\/magma_product_family?post=9263"}],"curies":[{"name":"wp","href":"https:\/\/api.w.org\/{rel}","templated":true}]}}