{"id":9157,"date":"2025-03-25T12:37:08","date_gmt":"2025-03-25T12:37:08","guid":{"rendered":"https:\/\/duvall.be\/product\/tascam-mm-4d-in-x-dante-converter\/"},"modified":"2025-11-21T14:04:58","modified_gmt":"2025-11-21T14:04:58","slug":"tascam-mm-4d-in-x-dante-converter","status":"publish","type":"product","link":"https:\/\/duvall.be\/fr\/produit\/tascam-mm-4d-in-x-dante-converter\/","title":{"rendered":"Tascam MM-4D\/IN-X | Convertisseur Dante"},"content":{"rendered":"<p class=\"\" data-start=\"314\" data-end=\"911\">Le Tascam MM-4D\/IN-X est un convertisseur Dante hautes performances con\u00e7u pour les installations audio professionnelles. Il convertit les entr\u00e9es micro\/ligne 4 canaux en sorties Dante 4 canaux, tout en prenant en charge 4 canaux d&rsquo;entr\u00e9e Dante pour une int\u00e9gration audio transparente. Avec sa taille compacte de demi-rack, il est parfait pour les installations permanentes ou mobiles. \u00c9quip\u00e9 de pr\u00e9amplis micro Tascam de qualit\u00e9 studio, d&rsquo;un m\u00e9langeur matriciel DSP int\u00e9gr\u00e9 8 entr\u00e9es\/4 sorties, d&rsquo;effets audio avanc\u00e9s et d&rsquo;un support PoE, le MM-4D\/IN-X est un outil essentiel pour l&rsquo;extension des r\u00e9seaux Dante.   <\/p>\n<h3 data-start=\"314\" data-end=\"911\">Caract\u00e9ristiques principales<\/h3>\n<ul data-start=\"936\" data-end=\"1638\">\n<li class=\"\" data-start=\"936\" data-end=\"1018\">\n<p class=\"\" data-start=\"938\" data-end=\"1018\"><strong data-start=\"938\" data-end=\"984\">4 entr\u00e9es micro\/ligne et 4 entr\u00e9es\/sorties Dante<\/strong> pour une conversion audio polyvalente.<\/p>\n<\/li>\n<li class=\"\" data-start=\"1019\" data-end=\"1110\">\n<p class=\"\" data-start=\"1021\" data-end=\"1110\"><strong data-start=\"1021\" data-end=\"1061\">Matrice de mixage DSP 8 entr\u00e9es\/4 sorties int\u00e9gr\u00e9e<\/strong> pour le contr\u00f4le des zones et la personnalisation des signaux.<\/p>\n<\/li>\n<li class=\"\" data-start=\"1111\" data-end=\"1207\">\n<p class=\"\" data-start=\"1113\" data-end=\"1207\"><strong data-start=\"1113\" data-end=\"1150\">Pr\u00e9amplis micro TASCAM de qualit\u00e9 studio<\/strong> avec alimentation fant\u00f4me (+48V) et contr\u00f4le de gain \u00e0 distance.<\/p>\n<\/li>\n<li class=\"\" data-start=\"1208\" data-end=\"1289\">\n<p class=\"\" data-start=\"1210\" data-end=\"1289\"><strong data-start=\"1210\" data-end=\"1286\">Compresseur, \u00e9galiseur param\u00e9trique \u00e0 4 bandes, niveau automatique et autres effets avanc\u00e9s<\/strong>.<\/p>\n<\/li>\n<li class=\"\" data-start=\"1290\" data-end=\"1375\">\n<p class=\"\" data-start=\"1292\" data-end=\"1375\"><strong data-start=\"1292\" data-end=\"1340\">Fonction d&rsquo;att\u00e9nuation et compensateur de bruit ambiant<\/strong> pour des ajustements automatiques du niveau.<\/p>\n<\/li>\n<li class=\"\" data-start=\"1376\" data-end=\"1452\">\n<p class=\"\" data-start=\"1378\" data-end=\"1452\"><strong data-start=\"1378\" data-end=\"1411\">Routage flexible des entr\u00e9es\/sorties<\/strong> pour une gestion personnalis\u00e9e des flux de signaux.<\/p>\n<\/li>\n<li class=\"\" data-start=\"1453\" data-end=\"1546\">\n<p class=\"\" data-start=\"1455\" data-end=\"1546\"><strong data-start=\"1455\" data-end=\"1492\">Prise en charge du PoE (Power over Ethernet)<\/strong> pour une installation \u00e9conomique et simplifi\u00e9e.<\/p>\n<\/li>\n<li class=\"\" data-start=\"1547\" data-end=\"1638\">\n<p class=\"\" data-start=\"1549\" data-end=\"1638\"><strong data-start=\"1549\" data-end=\"1612\">Contr\u00f4le \u00e0 distance <\/strong>via les logiciels TASCAM DCP CONNECT et EZ CONNECT pour une configuration ais\u00e9e.<\/p>\n<\/li>\n<\/ul>\n","protected":false},"excerpt":{"rendered":"<p>Convertisseur Dante compact qui convertit les entr\u00e9es micro\/ligne \u00e0 4 canaux en signaux Dante. Dot\u00e9 d&rsquo;un m\u00e9langeur matriciel DSP int\u00e9gr\u00e9, d&rsquo;un routage flexible, d&rsquo;un support PoE et d&rsquo;options de contr\u00f4le \u00e0 distance, il est id\u00e9al pour les r\u00e9seaux audio Dante. <\/p>\n","protected":false},"featured_media":9160,"template":"","meta":{"_seopress_robots_primary_cat":"0","_seopress_titles_title":"Tascam MM-4D\/IN-X Convertisseur Dante - 4 entr\u00e9es micro\/ligne, 4 E\/S Dante","_seopress_titles_desc":"Le Tascam MM-4D\/IN-X est un convertisseur Dante compact, dot\u00e9 de 4 entr\u00e9es micro\/ligne, de 4 E\/S Dante, d&#039;un m\u00e9langeur DSP int\u00e9gr\u00e9, d&#039;une prise en charge PoE et d&#039;un routage flexible.","_seopress_robots_index":"","_et_pb_use_builder":"","_et_pb_old_content":"","_et_gb_content_width":""},"product_brand":[217],"product_cat":[141,136],"product_tag":[],"magma_product_family":[],"class_list":{"0":"post-9157","1":"product","2":"type-product","3":"status-publish","4":"has-post-thumbnail","6":"product_brand-tascam","7":"product_cat-conferences","8":"product_cat-distribution-audio","9":"magma_scope-conference-av-technology-fr","11":"first","12":"instock","13":"shipping-taxable","14":"purchasable","15":"product-type-simple"},"_links":{"self":[{"href":"https:\/\/duvall.be\/fr\/wp-json\/wp\/v2\/product\/9157","targetHints":{"allow":["GET"]}}],"collection":[{"href":"https:\/\/duvall.be\/fr\/wp-json\/wp\/v2\/product"}],"about":[{"href":"https:\/\/duvall.be\/fr\/wp-json\/wp\/v2\/types\/product"}],"wp:featuredmedia":[{"embeddable":true,"href":"https:\/\/duvall.be\/fr\/wp-json\/wp\/v2\/media\/9160"}],"wp:attachment":[{"href":"https:\/\/duvall.be\/fr\/wp-json\/wp\/v2\/media?parent=9157"}],"wp:term":[{"taxonomy":"product_brand","embeddable":true,"href":"https:\/\/duvall.be\/fr\/wp-json\/wp\/v2\/product_brand?post=9157"},{"taxonomy":"product_cat","embeddable":true,"href":"https:\/\/duvall.be\/fr\/wp-json\/wp\/v2\/product_cat?post=9157"},{"taxonomy":"product_tag","embeddable":true,"href":"https:\/\/duvall.be\/fr\/wp-json\/wp\/v2\/product_tag?post=9157"},{"taxonomy":"magma_product_family","embeddable":true,"href":"https:\/\/duvall.be\/fr\/wp-json\/wp\/v2\/magma_product_family?post=9157"}],"curies":[{"name":"wp","href":"https:\/\/api.w.org\/{rel}","templated":true}]}}