{"id":9144,"date":"2025-03-25T12:29:20","date_gmt":"2025-03-25T12:29:20","guid":{"rendered":"https:\/\/duvall.be\/product\/tascam-ml-4d-out-x-dante-converter\/"},"modified":"2025-11-21T14:04:59","modified_gmt":"2025-11-21T14:04:59","slug":"tascam-ml-4d-out-x-dante-converter","status":"publish","type":"product","link":"https:\/\/duvall.be\/fr\/produit\/tascam-ml-4d-out-x-dante-converter\/","title":{"rendered":"Tascam ML-4D\/OUT-X | Convertisseur Dante"},"content":{"rendered":"<p class=\"\" data-start=\"319\" data-end=\"853\">Le ML-4D\/OUT-X de Tascam est un convertisseur Dante de haute qualit\u00e9, qui convertit les signaux audio Dante en sorties ligne analogiques \u00e0 4 canaux. Con\u00e7u pour les applications audio professionnelles, cet appareil compact tient dans la moiti\u00e9 d&rsquo;un rack 1U, ce qui le rend id\u00e9al pour les installations fixes et mobiles. \u00c9quip\u00e9 d&rsquo;une matrice de mixage DSP 4 entr\u00e9es\/4 sorties, d&rsquo;un \u00e9galiseur et d&rsquo;effets audio avanc\u00e9s, et d&rsquo;un routage flexible des entr\u00e9es\/sorties, le ML-4D\/OUT-X optimise la distribution audio du r\u00e9seau Dante avec pr\u00e9cision et facilit\u00e9.  <\/p>\n<h3 data-start=\"855\" data-end=\"877\">Caract\u00e9ristiques principales<\/h3>\n<ul data-start=\"878\" data-end=\"1478\">\n<li class=\"\" data-start=\"878\" data-end=\"957\">\n<p class=\"\" data-start=\"880\" data-end=\"957\"><strong data-start=\"880\" data-end=\"915\">4 entr\u00e9es Dante et 4 sorties ligne<\/strong> pour une distribution flexible des signaux audio.<\/p>\n<\/li>\n<li class=\"\" data-start=\"958\" data-end=\"1050\">\n<p class=\"\" data-start=\"960\" data-end=\"1050\"><strong data-start=\"960\" data-end=\"989\">Matrice de mixage DSP int\u00e9gr\u00e9e<\/strong> pour un contr\u00f4le ind\u00e9pendant des zones et une personnalisation des signaux.<\/p>\n<\/li>\n<li class=\"\" data-start=\"1051\" data-end=\"1136\">\n<p class=\"\" data-start=\"1053\" data-end=\"1136\"><strong data-start=\"1053\" data-end=\"1101\">Fonction d&rsquo;att\u00e9nuation et compensateur de bruit ambiant<\/strong> pour des ajustements automatiques du niveau.<\/p>\n<\/li>\n<li class=\"\" data-start=\"1137\" data-end=\"1215\">\n<p class=\"\" data-start=\"1139\" data-end=\"1215\"><strong data-start=\"1139\" data-end=\"1183\">Egaliseur 10 bandes, HPF, LPF, d\u00e9lai et limiteur<\/strong> pour un contr\u00f4le audio pr\u00e9cis.<\/p>\n<\/li>\n<li class=\"\" data-start=\"1216\" data-end=\"1292\">\n<p class=\"\" data-start=\"1218\" data-end=\"1292\"><strong data-start=\"1218\" data-end=\"1251\">Routage flexible des entr\u00e9es\/sorties<\/strong> pour une gestion personnalis\u00e9e des flux de signaux.<\/p>\n<\/li>\n<li class=\"\" data-start=\"1293\" data-end=\"1386\">\n<p class=\"\" data-start=\"1295\" data-end=\"1386\"><strong data-start=\"1295\" data-end=\"1332\">Prise en charge du PoE (Power over Ethernet)<\/strong> pour une installation \u00e9conomique et simplifi\u00e9e.<\/p>\n<\/li>\n<li class=\"\" data-start=\"1387\" data-end=\"1478\">\n<p class=\"\" data-start=\"1389\" data-end=\"1478\"><strong data-start=\"1389\" data-end=\"1452\">Contr\u00f4le \u00e0 distance <\/strong>via les logiciels TASCAM DCP CONNECT et EZ CONNECT pour une configuration ais\u00e9e.<\/p>\n<\/li>\n<\/ul>\n","protected":false},"excerpt":{"rendered":"<p>Convertisseur Dante compact avec 4 sorties ligne analogiques et 4 entr\u00e9es\/sorties Dante. Il dispose d&rsquo;un m\u00e9langeur matriciel DSP int\u00e9gr\u00e9, d&rsquo;un routage flexible, d&rsquo;un support PoE et d&rsquo;options de contr\u00f4le \u00e0 distance pour une int\u00e9gration transparente dans les r\u00e9seaux audio Dante. <\/p>\n","protected":false},"featured_media":9148,"template":"","meta":{"_seopress_robots_primary_cat":"0","_seopress_titles_title":"Tascam ML-4D\/OUT-X Dante Converter - 4 sorties ligne, 4 E\/S Dante","_seopress_titles_desc":"Le ML-4D\/OUT-X de Tascam est un convertisseur Dante compact, dot\u00e9 de 4 sorties ligne analogiques, de 4 E\/S Dante, d&#039;un m\u00e9langeur DSP int\u00e9gr\u00e9, d&#039;une prise en charge PoE et d&#039;un routage flexible.","_seopress_robots_index":"","_et_pb_use_builder":"","_et_pb_old_content":"","_et_gb_content_width":""},"product_brand":[217],"product_cat":[141,136],"product_tag":[],"magma_product_family":[],"class_list":{"0":"post-9144","1":"product","2":"type-product","3":"status-publish","4":"has-post-thumbnail","6":"product_brand-tascam","7":"product_cat-conferences","8":"product_cat-distribution-audio","9":"magma_scope-conference-av-technology-fr","11":"first","12":"instock","13":"shipping-taxable","14":"purchasable","15":"product-type-simple"},"_links":{"self":[{"href":"https:\/\/duvall.be\/fr\/wp-json\/wp\/v2\/product\/9144","targetHints":{"allow":["GET"]}}],"collection":[{"href":"https:\/\/duvall.be\/fr\/wp-json\/wp\/v2\/product"}],"about":[{"href":"https:\/\/duvall.be\/fr\/wp-json\/wp\/v2\/types\/product"}],"wp:featuredmedia":[{"embeddable":true,"href":"https:\/\/duvall.be\/fr\/wp-json\/wp\/v2\/media\/9148"}],"wp:attachment":[{"href":"https:\/\/duvall.be\/fr\/wp-json\/wp\/v2\/media?parent=9144"}],"wp:term":[{"taxonomy":"product_brand","embeddable":true,"href":"https:\/\/duvall.be\/fr\/wp-json\/wp\/v2\/product_brand?post=9144"},{"taxonomy":"product_cat","embeddable":true,"href":"https:\/\/duvall.be\/fr\/wp-json\/wp\/v2\/product_cat?post=9144"},{"taxonomy":"product_tag","embeddable":true,"href":"https:\/\/duvall.be\/fr\/wp-json\/wp\/v2\/product_tag?post=9144"},{"taxonomy":"magma_product_family","embeddable":true,"href":"https:\/\/duvall.be\/fr\/wp-json\/wp\/v2\/magma_product_family?post=9144"}],"curies":[{"name":"wp","href":"https:\/\/api.w.org\/{rel}","templated":true}]}}