{"id":9142,"date":"2025-03-25T12:21:50","date_gmt":"2025-03-25T12:21:50","guid":{"rendered":"https:\/\/duvall.be\/product\/tascam-mm-2d-x-dante-convertisseur\/"},"modified":"2025-11-21T14:04:59","modified_gmt":"2025-11-21T14:04:59","slug":"tascam-mm-2d-x-dante-convertisseur","status":"publish","type":"product","link":"https:\/\/duvall.be\/fr\/produit\/tascam-mm-2d-x-dante-convertisseur\/","title":{"rendered":"Tascam MM-2D-X | Convertisseur Dante"},"content":{"rendered":"<p class=\"\" data-start=\"324\" data-end=\"880\">Le Tascam MM-2D-X est un convertisseur Dante hautes performances, con\u00e7u pour int\u00e9grer en toute transparence des sources audio analogiques dans des r\u00e9seaux Dante. Avec sa configuration d&rsquo;entr\u00e9e\/sortie micro\/ligne \u00e0 2 canaux et d&rsquo;entr\u00e9e\/sortie Dante \u00e0 4 canaux, cet appareil compact est id\u00e9al pour la radiodiffusion, les conf\u00e9rences et les installations audio professionnelles. Dot\u00e9 de pr\u00e9amplis micro TASCAM de qualit\u00e9 studio, d&rsquo;un puissant traitement DSP et de fonctions de contr\u00f4le \u00e0 distance, le MM-2D-X est un choix polyvalent pour les installations audio fixes et mobiles.  <\/p>\n<h3 data-start=\"882\" data-end=\"904\">Caract\u00e9ristiques principales<\/h3>\n<ul data-start=\"905\" data-end=\"1694\">\n<li class=\"\" data-start=\"905\" data-end=\"981\">\n<p class=\"\" data-start=\"907\" data-end=\"981\"><strong data-start=\"907\" data-end=\"945\">2 entr\u00e9es micro\/ligne et 2 sorties ligne<\/strong> pour une connectivit\u00e9 analogique flexible.<\/p>\n<\/li>\n<li class=\"\" data-start=\"982\" data-end=\"1068\">\n<p class=\"\" data-start=\"984\" data-end=\"1068\"><strong data-start=\"984\" data-end=\"1020\">4 entr\u00e9es et 4 sorties Dante<\/strong> pour une int\u00e9gration transparente dans les r\u00e9seaux Dante.<\/p>\n<\/li>\n<li class=\"\" data-start=\"1069\" data-end=\"1163\">\n<p class=\"\" data-start=\"1071\" data-end=\"1163\"><strong data-start=\"1071\" data-end=\"1106\">Pr\u00e9amplis micro TASCAM de qualit\u00e9 studio<\/strong> avec alimentation fant\u00f4me (+48V) et contr\u00f4le de gain \u00e0 distance.<\/p>\n<\/li>\n<li class=\"\" data-start=\"1164\" data-end=\"1260\">\n<p class=\"\" data-start=\"1166\" data-end=\"1260\"><strong data-start=\"1166\" data-end=\"1188\">M\u00e9langeur DSP int\u00e9gr\u00e9<\/strong> avec compresseur, \u00e9galiseur param\u00e9trique \u00e0 4 bandes et r\u00e9glage automatique du niveau.<\/p>\n<\/li>\n<li class=\"\" data-start=\"1261\" data-end=\"1350\">\n<p class=\"\" data-start=\"1263\" data-end=\"1350\"><strong data-start=\"1263\" data-end=\"1290\">M\u00e9langeur matriciel 6 entr\u00e9es\/4 sorties<\/strong> avec fonction ducking et compensation du bruit ambiant.<\/p>\n<\/li>\n<li class=\"\" data-start=\"1351\" data-end=\"1416\">\n<p class=\"\" data-start=\"1353\" data-end=\"1416\"><strong data-start=\"1353\" data-end=\"1386\">Routage flexible des entr\u00e9es\/sorties<\/strong> pour un flux de signaux personnalis\u00e9.<\/p>\n<\/li>\n<li class=\"\" data-start=\"1417\" data-end=\"1491\">\n<p class=\"\" data-start=\"1419\" data-end=\"1491\"><strong data-start=\"1419\" data-end=\"1463\">\u00c9galiseur 10 bandes, HPF, LPF, d\u00e9lai et limiteur<\/strong> pour un r\u00e9glage audio pr\u00e9cis.<\/p>\n<\/li>\n<li class=\"\" data-start=\"1492\" data-end=\"1575\">\n<p class=\"\" data-start=\"1494\" data-end=\"1575\"><strong data-start=\"1494\" data-end=\"1531\">Prise en charge du PoE (Power over Ethernet)<\/strong> pour une installation facile et rentable.<\/p>\n<\/li>\n<li class=\"\" data-start=\"1576\" data-end=\"1694\">\n<p class=\"\" data-start=\"1578\" data-end=\"1694\"><strong data-start=\"1578\" data-end=\"1641\">Contr\u00f4le \u00e0 distance via les logiciels TASCAM DCP CONNECT et EZ CONNECT<\/strong> pour une gestion du syst\u00e8me et une utilisation conviviale.<\/p>\n<\/li>\n<\/ul>\n","protected":false},"excerpt":{"rendered":"<p>Convertisseur Dante compact et polyvalent avec 2 entr\u00e9es micro\/ligne, 2 sorties ligne et 4 entr\u00e9es\/sorties Dante. Il comprend des pr\u00e9amplis micro TASCAM de haute qualit\u00e9, un m\u00e9langeur DSP int\u00e9gr\u00e9 et un support PoE pour une int\u00e9gration transparente dans les r\u00e9seaux audio Dante. <\/p>\n","protected":false},"featured_media":9134,"template":"","meta":{"_seopress_robots_primary_cat":"0","_seopress_titles_title":"Tascam MM-2D-X Convertisseur Dante","_seopress_titles_desc":"Le Tascam MM-2D-X est un convertisseur Dante compact avec 2 entr\u00e9es micro\/ligne, 2 sorties ligne et 4 E\/S Dante. Traitement DSP et support PoE.","_seopress_robots_index":"","_et_pb_use_builder":"","_et_pb_old_content":"","_et_gb_content_width":""},"product_brand":[217],"product_cat":[141,136],"product_tag":[],"magma_product_family":[],"class_list":{"0":"post-9142","1":"product","2":"type-product","3":"status-publish","4":"has-post-thumbnail","6":"product_brand-tascam","7":"product_cat-conferences","8":"product_cat-distribution-audio","9":"magma_scope-conference-av-technology-fr","11":"first","12":"instock","13":"shipping-taxable","14":"purchasable","15":"product-type-simple"},"_links":{"self":[{"href":"https:\/\/duvall.be\/fr\/wp-json\/wp\/v2\/product\/9142","targetHints":{"allow":["GET"]}}],"collection":[{"href":"https:\/\/duvall.be\/fr\/wp-json\/wp\/v2\/product"}],"about":[{"href":"https:\/\/duvall.be\/fr\/wp-json\/wp\/v2\/types\/product"}],"wp:featuredmedia":[{"embeddable":true,"href":"https:\/\/duvall.be\/fr\/wp-json\/wp\/v2\/media\/9134"}],"wp:attachment":[{"href":"https:\/\/duvall.be\/fr\/wp-json\/wp\/v2\/media?parent=9142"}],"wp:term":[{"taxonomy":"product_brand","embeddable":true,"href":"https:\/\/duvall.be\/fr\/wp-json\/wp\/v2\/product_brand?post=9142"},{"taxonomy":"product_cat","embeddable":true,"href":"https:\/\/duvall.be\/fr\/wp-json\/wp\/v2\/product_cat?post=9142"},{"taxonomy":"product_tag","embeddable":true,"href":"https:\/\/duvall.be\/fr\/wp-json\/wp\/v2\/product_tag?post=9142"},{"taxonomy":"magma_product_family","embeddable":true,"href":"https:\/\/duvall.be\/fr\/wp-json\/wp\/v2\/magma_product_family?post=9142"}],"curies":[{"name":"wp","href":"https:\/\/api.w.org\/{rel}","templated":true}]}}