{"id":9072,"date":"2025-03-24T14:26:37","date_gmt":"2025-03-24T14:26:37","guid":{"rendered":"https:\/\/duvall.be\/product\/televic-plixus-mme-dante-multimedia-engine\/"},"modified":"2025-11-21T14:04:59","modified_gmt":"2025-11-21T14:04:59","slug":"televic-plixus-mme-dante-multimedia-engine","status":"publish","type":"product","link":"https:\/\/duvall.be\/fr\/produit\/televic-plixus-mme-dante-multimedia-engine\/","title":{"rendered":"Televic Plixus MME Dante Multimedia Engine"},"content":{"rendered":"<p class=\"\" data-start=\"400\" data-end=\"746\">Le Televic Plixus MME Dante\u2122 Multimedia Engine est le c\u0153ur du r\u00e9seau Plixus, offrant une solution s\u00e9curis\u00e9e et efficace pour les environnements de conf\u00e9rence professionnels. Cette unit\u00e9 rackable de 19 pouces permet un son non compress\u00e9 de 48kSps sur 64 canaux et une vid\u00e9o HD 1080p \u00e0 faible latence (moins d&rsquo;une image de retard). <\/p>\n<p class=\"\" data-start=\"748\" data-end=\"1051\">Avec quatre ports de conf\u00e9rence Gigabit, le syst\u00e8me prend en charge le c\u00e2blage en guirlande ou en boucle avec redondance automatique, aliment\u00e9 par la technologie brevet\u00e9e Dual Branch de Televic. Il offre une int\u00e9gration Dante\u2122 transparente, permettant une connectivit\u00e9 directe avec des DSP, des m\u00e9langeurs ou des appareils d&rsquo;enregistrement tiers. <\/p>\n<p class=\"\" data-start=\"1053\" data-end=\"1362\">Le Plixus MME est con\u00e7u pour un contr\u00f4le intuitif gr\u00e2ce \u00e0 son serveur web int\u00e9gr\u00e9, permettant la gestion des microphones, le diagnostic du r\u00e9seau et la configuration via une interface facile \u00e0 utiliser. Il est \u00e9galement dot\u00e9 de capacit\u00e9s d&rsquo;autor\u00e9paration, r\u00e9acheminant les donn\u00e9es en cas de d\u00e9faillance afin de maintenir un fonctionnement ininterrompu. <\/p>\n<h3 data-start=\"1364\" data-end=\"1383\">Caract\u00e9ristiques principales<\/h3>\n<ul data-start=\"1384\" data-end=\"2163\">\n<li class=\"\" data-start=\"1384\" data-end=\"1453\">\n<p class=\"\" data-start=\"1386\" data-end=\"1453\"><strong data-start=\"1386\" data-end=\"1417\">Int\u00e9gration Dante\u2122 transparente<\/strong> pour la mise en r\u00e9seau audio de tiers.<\/p>\n<\/li>\n<li class=\"\" data-start=\"1454\" data-end=\"1531\">\n<p class=\"\" data-start=\"1456\" data-end=\"1531\"><strong data-start=\"1456\" data-end=\"1504\">Audio 48kSps non compress\u00e9 sur 64 canaux<\/strong> pour un son cristallin.<\/p>\n<\/li>\n<li class=\"\" data-start=\"1532\" data-end=\"1606\">\n<p class=\"\" data-start=\"1534\" data-end=\"1606\"><strong data-start=\"1534\" data-end=\"1574\">Transport vid\u00e9o HD 1080p \u00e0 faible latence<\/strong> avec moins d&rsquo;une image de retard.<\/p>\n<\/li>\n<li class=\"\" data-start=\"1607\" data-end=\"1692\">\n<p class=\"\" data-start=\"1609\" data-end=\"1692\">La <strong data-start=\"1609\" data-end=\"1642\">topologie du r\u00e9seau \u00e0 autor\u00e9g\u00e9n\u00e9ration<\/strong> garantit un r\u00e9acheminement automatique en cas de d\u00e9faillance.<\/p>\n<\/li>\n<li class=\"\" data-start=\"1693\" data-end=\"1770\">\n<p class=\"\" data-start=\"1695\" data-end=\"1770\"><strong data-start=\"1695\" data-end=\"1721\">Fonctionnalit\u00e9 HOT SWAP<\/strong> pour la configuration automatique des unit\u00e9s remplac\u00e9es.<\/p>\n<\/li>\n<li class=\"\" data-start=\"1771\" data-end=\"1845\">\n<p class=\"\" data-start=\"1773\" data-end=\"1845\"><strong data-start=\"1773\" data-end=\"1789\">Isolation IP<\/strong> pour emp\u00eacher les acc\u00e8s non autoris\u00e9s et maintenir la s\u00e9curit\u00e9.<\/p>\n<\/li>\n<li class=\"\" data-start=\"1846\" data-end=\"1920\">\n<p class=\"\" data-start=\"1848\" data-end=\"1920\"><strong data-start=\"1848\" data-end=\"1880\">Attribution dynamique de la bande passante<\/strong> pour optimiser les performances des conf\u00e9rences.<\/p>\n<\/li>\n<li class=\"\" data-start=\"1921\" data-end=\"1995\">\n<p class=\"\" data-start=\"1923\" data-end=\"1995\"><strong data-start=\"1923\" data-end=\"1957\">Support de c\u00e2blage en boucle redondant<\/strong> avec protection automatique contre les d\u00e9faillances.<\/p>\n<\/li>\n<li class=\"\" data-start=\"1996\" data-end=\"2083\">\n<p class=\"\" data-start=\"1998\" data-end=\"2083\"><strong data-start=\"1998\" data-end=\"2028\">Alimentation int\u00e9gr\u00e9e de 400 W<\/strong> avec sortie d&rsquo;alimentation externe pour les \u00e9quipements suppl\u00e9mentaires.<\/p>\n<\/li>\n<li class=\"\" data-start=\"2084\" data-end=\"2163\">\n<p class=\"\" data-start=\"2086\" data-end=\"2163\"><strong data-start=\"2086\" data-end=\"2117\">Contr\u00f4le intuitif bas\u00e9 sur le web<\/strong> pour une gestion et un diagnostic ais\u00e9s du syst\u00e8me.<\/p>\n<\/li>\n<\/ul>\n","protected":false},"excerpt":{"rendered":"<p>Le Televic Plixus MME est un moteur multim\u00e9dia haute performance qui garantit un transport audio, vid\u00e9o et de donn\u00e9es s\u00e9curis\u00e9 et \u00e0 faible latence pour les applications de conf\u00e9rence critiques. Gr\u00e2ce \u00e0 l&rsquo;int\u00e9gration Dante\u2122, \u00e0 la redondance auto-r\u00e9paratrice et \u00e0 la s\u00e9curit\u00e9 r\u00e9seau avanc\u00e9e, il offre une exp\u00e9rience de conf\u00e9rence transparente et fiable. <\/p>\n","protected":false},"featured_media":9064,"template":"","meta":{"_seopress_robots_primary_cat":"0","_seopress_titles_title":"Televic Plixus MME Dante Multimedia Engine | Solution de conf\u00e9rence","_seopress_titles_desc":"Le moteur multim\u00e9dia Televic Plixus MME Dante\u2122 offre un son et une vid\u00e9o de conf\u00e9rence \u00e0 faible latence gr\u00e2ce \u00e0 l&#039;int\u00e9gration Dante\u2122, ainsi qu&#039;une s\u00e9curit\u00e9 r\u00e9seau avanc\u00e9e.","_seopress_robots_index":"","_et_pb_use_builder":"","_et_pb_old_content":"","_et_gb_content_width":""},"product_brand":[149],"product_cat":[202],"product_tag":[],"magma_product_family":[],"class_list":{"0":"post-9072","1":"product","2":"type-product","3":"status-publish","4":"has-post-thumbnail","6":"product_brand-televic-fr","7":"product_cat-unites-centrales-et-wap","8":"magma_scope-conference-av-technology-fr","10":"first","11":"instock","12":"shipping-taxable","13":"purchasable","14":"product-type-simple"},"_links":{"self":[{"href":"https:\/\/duvall.be\/fr\/wp-json\/wp\/v2\/product\/9072","targetHints":{"allow":["GET"]}}],"collection":[{"href":"https:\/\/duvall.be\/fr\/wp-json\/wp\/v2\/product"}],"about":[{"href":"https:\/\/duvall.be\/fr\/wp-json\/wp\/v2\/types\/product"}],"wp:featuredmedia":[{"embeddable":true,"href":"https:\/\/duvall.be\/fr\/wp-json\/wp\/v2\/media\/9064"}],"wp:attachment":[{"href":"https:\/\/duvall.be\/fr\/wp-json\/wp\/v2\/media?parent=9072"}],"wp:term":[{"taxonomy":"product_brand","embeddable":true,"href":"https:\/\/duvall.be\/fr\/wp-json\/wp\/v2\/product_brand?post=9072"},{"taxonomy":"product_cat","embeddable":true,"href":"https:\/\/duvall.be\/fr\/wp-json\/wp\/v2\/product_cat?post=9072"},{"taxonomy":"product_tag","embeddable":true,"href":"https:\/\/duvall.be\/fr\/wp-json\/wp\/v2\/product_tag?post=9072"},{"taxonomy":"magma_product_family","embeddable":true,"href":"https:\/\/duvall.be\/fr\/wp-json\/wp\/v2\/magma_product_family?post=9072"}],"curies":[{"name":"wp","href":"https:\/\/api.w.org\/{rel}","templated":true}]}}