{"id":9052,"date":"2025-03-24T14:14:31","date_gmt":"2025-03-24T14:14:31","guid":{"rendered":"https:\/\/duvall.be\/product\/televic-lingua-t-digital-infrared-transmitter-6-12-or-40-channels\/"},"modified":"2025-11-21T14:05:00","modified_gmt":"2025-11-21T14:05:00","slug":"televic-lingua-t-infrarouge-emetteur-6-12-ou-40-canaux","status":"publish","type":"product","link":"https:\/\/duvall.be\/fr\/produit\/televic-lingua-t-infrarouge-emetteur-6-12-ou-40-canaux\/","title":{"rendered":"Televic Lingua T \u00c9metteur num\u00e9rique \u00e0 infrarouge &#8211; 6, 12 ou 40 canaux"},"content":{"rendered":"<p class=\"\" data-start=\"81\" data-end=\"419\">L&rsquo;\u00e9metteur infrarouge num\u00e9rique Televic Lingua T est au c\u0153ur d&rsquo;un syst\u00e8me de distribution linguistique enti\u00e8rement num\u00e9rique, assurant une interpr\u00e9tation transparente et de haute qualit\u00e9 lors de conf\u00e9rences, de r\u00e9unions et d&rsquo;\u00e9v\u00e9nements multilingues. Il prend en charge jusqu&rsquo;\u00e0 40 canaux via un r\u00e9seau Dante\u2122 redondant, \u00e9liminant ainsi les limitations de l&rsquo;audio analogique. <\/p>\n<h3 data-start=\"421\" data-end=\"445\">Caract\u00e9ristiques principales<\/h3>\n<ul data-start=\"447\" data-end=\"1083\">\n<li class=\"\" data-start=\"447\" data-end=\"545\">\n<p class=\"\" data-start=\"449\" data-end=\"545\"><strong data-start=\"449\" data-end=\"477\">Prise en charge \u00e9volutive des canaux<\/strong> &#8211; Livr\u00e9 avec 6 canaux ; extensible \u00e0 12 ou 40 canaux<\/p>\n<\/li>\n<li class=\"\" data-start=\"546\" data-end=\"631\">\n<p class=\"\" data-start=\"548\" data-end=\"631\"><strong data-start=\"548\" data-end=\"576\">Audio num\u00e9rique via Dante\u2122<\/strong> &#8211; assure une transmission de haute qualit\u00e9 \u00e0 faible latence.<\/p>\n<\/li>\n<li class=\"\" data-start=\"632\" data-end=\"732\">\n<p class=\"\" data-start=\"634\" data-end=\"732\"><strong data-start=\"634\" data-end=\"662\">Configuration sans effort<\/strong> &#8211; Configuration bas\u00e9e sur le Web, surveillance et compensation automatique des retards<\/p>\n<\/li>\n<li class=\"\" data-start=\"733\" data-end=\"824\">\n<p class=\"\" data-start=\"735\" data-end=\"824\"><strong data-start=\"735\" data-end=\"770\">Identification flexible des canaux<\/strong> &#8211; Attribution de codes de langue ISO pour une s\u00e9lection claire<\/p>\n<\/li>\n<li class=\"\" data-start=\"825\" data-end=\"915\">\n<p class=\"\" data-start=\"827\" data-end=\"915\"><strong data-start=\"827\" data-end=\"847\">Sorties multiples<\/strong> &#8211; Quatre connecteurs BNC, chacun prenant en charge jusqu&rsquo;\u00e0 20 radiateurs<\/p>\n<\/li>\n<li class=\"\" data-start=\"916\" data-end=\"1000\">\n<p class=\"\" data-start=\"918\" data-end=\"1000\"><strong data-start=\"918\" data-end=\"936\">Modes prioritaires<\/strong> &#8211; Distribuez de la musique ou un signal audio d&rsquo;urgence sur tous les canaux.<\/p>\n<\/li>\n<li class=\"\" data-start=\"1001\" data-end=\"1083\">\n<p class=\"\" data-start=\"1003\" data-end=\"1083\"><strong data-start=\"1003\" data-end=\"1032\">Surveillance audio int\u00e9gr\u00e9e<\/strong> &#8211; \u00c9metteur infrarouge pour les tests et le d\u00e9bogage<\/p>\n<\/li>\n<\/ul>\n<p class=\"\" data-start=\"1085\" data-end=\"1288\">Con\u00e7u pour une installation plug &amp; play, l&rsquo;\u00e9metteur Lingua T simplifie la distribution audio des interpr\u00e8tes, ce qui le rend id\u00e9al pour les centres de conf\u00e9rence, les institutions et les \u00e9v\u00e9nements multilingues.<\/p>\n","protected":false},"excerpt":{"rendered":"<p>L&rsquo;\u00e9metteur infrarouge num\u00e9rique Televic Lingua T est une solution de haute qualit\u00e9 pour les conf\u00e9rences multilingues. Avec six canaux standard, il assure une distribution audio sans interf\u00e9rence par infrarouge, prenant en charge la connectivit\u00e9 Dante\u2122 et la compensation automatique des retards. <\/p>\n","protected":false},"featured_media":9045,"template":"","meta":{"_seopress_robots_primary_cat":"0","_seopress_titles_title":"%%title%% %%page%%","_seopress_titles_desc":"L&#039;\u00e9metteur num\u00e9rique infrarouge Televic Lingua T offre un son multilingue sans interf\u00e9rence avec six canaux, la prise en charge de Dante et une configuration facile bas\u00e9e sur le Web.","_seopress_robots_index":"","_et_pb_use_builder":"","_et_pb_old_content":"","_et_gb_content_width":""},"product_brand":[149],"product_cat":[200],"product_tag":[],"magma_product_family":[],"class_list":{"0":"post-9052","1":"product","2":"type-product","3":"status-publish","4":"has-post-thumbnail","6":"product_brand-televic","7":"product_cat-emetteurs","8":"magma_scope-multilingual-meetings-events-fr","10":"first","11":"instock","12":"shipping-taxable","13":"purchasable","14":"product-type-variable"},"_links":{"self":[{"href":"https:\/\/duvall.be\/fr\/wp-json\/wp\/v2\/product\/9052","targetHints":{"allow":["GET"]}}],"collection":[{"href":"https:\/\/duvall.be\/fr\/wp-json\/wp\/v2\/product"}],"about":[{"href":"https:\/\/duvall.be\/fr\/wp-json\/wp\/v2\/types\/product"}],"wp:featuredmedia":[{"embeddable":true,"href":"https:\/\/duvall.be\/fr\/wp-json\/wp\/v2\/media\/9045"}],"wp:attachment":[{"href":"https:\/\/duvall.be\/fr\/wp-json\/wp\/v2\/media?parent=9052"}],"wp:term":[{"taxonomy":"product_brand","embeddable":true,"href":"https:\/\/duvall.be\/fr\/wp-json\/wp\/v2\/product_brand?post=9052"},{"taxonomy":"product_cat","embeddable":true,"href":"https:\/\/duvall.be\/fr\/wp-json\/wp\/v2\/product_cat?post=9052"},{"taxonomy":"product_tag","embeddable":true,"href":"https:\/\/duvall.be\/fr\/wp-json\/wp\/v2\/product_tag?post=9052"},{"taxonomy":"magma_product_family","embeddable":true,"href":"https:\/\/duvall.be\/fr\/wp-json\/wp\/v2\/magma_product_family?post=9052"}],"curies":[{"name":"wp","href":"https:\/\/api.w.org\/{rel}","templated":true}]}}