{"id":9038,"date":"2025-03-24T14:01:50","date_gmt":"2025-03-24T14:01:50","guid":{"rendered":"https:\/\/duvall.be\/product\/televic-confidea-wcap-g3-wireless-conference-access-point\/"},"modified":"2025-11-21T14:05:00","modified_gmt":"2025-11-21T14:05:00","slug":"televic-confidea-wcap-g3-wireless-conference-access-point","status":"publish","type":"product","link":"https:\/\/duvall.be\/fr\/produit\/televic-confidea-wcap-g3-wireless-conference-access-point\/","title":{"rendered":"Televic Confidea WCAP G3 | Point d&rsquo;acc\u00e8s pour conf\u00e9rence sans fil"},"content":{"rendered":"<p class=\"\" data-start=\"71\" data-end=\"434\">Le Televic Confidea WCAP G3 est le centre n\u00e9vralgique du syst\u00e8me de conf\u00e9rence sans fil Confidea\u00ae. Il fournit un son s\u00e9curis\u00e9, sans interf\u00e9rence et de haute qualit\u00e9 pour les discussions et les votes. Avec un fonctionnement RF quadri-bande, un balayage de spectre int\u00e9gr\u00e9 et un contr\u00f4le bas\u00e9 sur un navigateur, il garantit une fiabilit\u00e9 \u00e0 toute \u00e9preuve et une installation rapide pour les r\u00e9unions professionnelles. <\/p>\n<h3 data-start=\"436\" data-end=\"460\">Caract\u00e9ristiques principales<\/h3>\n<ul data-start=\"462\" data-end=\"1091\">\n<li class=\"\" data-start=\"462\" data-end=\"571\">\n<p class=\"\" data-start=\"464\" data-end=\"571\"><strong data-start=\"464\" data-end=\"496\">Connexion sans fil fiable<\/strong> &#8211; Fonctionnement quadri-bande (2,4 GHz et 5 GHz) avec s\u00e9lection dynamique des fr\u00e9quences<\/p>\n<\/li>\n<li class=\"\" data-start=\"572\" data-end=\"653\">\n<p class=\"\" data-start=\"574\" data-end=\"653\"><strong data-start=\"574\" data-end=\"598\">Port\u00e9e en champ libre de 30 m<\/strong> &#8211; extensible avec des WCAP suppl\u00e9mentaires pour des installations plus importantes<\/p>\n<\/li>\n<li class=\"\" data-start=\"654\" data-end=\"744\">\n<p class=\"\" data-start=\"656\" data-end=\"744\"><strong data-start=\"656\" data-end=\"680\">Fonctionnement autonome<\/strong> &#8211; Fonctionne comme une unit\u00e9 centrale pour les discussions et les votes de base.<\/p>\n<\/li>\n<li class=\"\" data-start=\"745\" data-end=\"831\">\n<p class=\"\" data-start=\"747\" data-end=\"831\"><strong data-start=\"747\" data-end=\"772\">Contr\u00f4le par navigateur<\/strong> &#8211; Aucun logiciel suppl\u00e9mentaire n&rsquo;est n\u00e9cessaire, l&rsquo;acc\u00e8s se fait par l&rsquo;interm\u00e9diaire d&rsquo;une interface web.<\/p>\n<\/li>\n<li class=\"\" data-start=\"832\" data-end=\"928\">\n<p class=\"\" data-start=\"834\" data-end=\"928\"><strong data-start=\"834\" data-end=\"855\">S\u00e9curit\u00e9 avanc\u00e9e<\/strong> &#8211; Protocole propri\u00e9taire, syst\u00e8me de porte ouverte\/ferm\u00e9e et cryptage AES-128<\/p>\n<\/li>\n<li class=\"\" data-start=\"929\" data-end=\"1014\">\n<p class=\"\" data-start=\"931\" data-end=\"1014\"><strong data-start=\"931\" data-end=\"954\">Int\u00e9gration AV facile<\/strong> &#8211; Connexion aux syst\u00e8mes de conf\u00e9rence, aux DSP et aux cam\u00e9ras PTZ<\/p>\n<\/li>\n<li class=\"\" data-start=\"1015\" data-end=\"1091\">\n<p class=\"\" data-start=\"1017\" data-end=\"1091\"><strong data-start=\"1017\" data-end=\"1036\">Audio optimis\u00e9<\/strong> &#8211; con\u00e7u pour une meilleure intelligibilit\u00e9 de la parole<\/p>\n<\/li>\n<\/ul>\n<p class=\"\" data-start=\"1093\" data-end=\"1305\">Ce point d&rsquo;acc\u00e8s compact mais puissant garantit des conf\u00e9rences sans fil stables et s\u00e9curis\u00e9es avec un minimum d&rsquo;installation, ce qui le rend id\u00e9al pour les environnements locatifs, les salles de conf\u00e9rence des entreprises et les institutions gouvernementales.<\/p>\n","protected":false},"excerpt":{"rendered":"<p>Le Confidea WCAP G3 de Televic est le c\u0153ur du syst\u00e8me de conf\u00e9rence sans fil Confidea\u00ae de Televic, offrant une transmission audio sans fil s\u00e9curis\u00e9e, sans interf\u00e9rence et de haute qualit\u00e9. Avec un fonctionnement RF quadri-bande, un balayage de spectre int\u00e9gr\u00e9 et un contr\u00f4le bas\u00e9 sur un navigateur, il garantit une fiabilit\u00e9 \u00e0 toute \u00e9preuve et une installation facile pour les applications de discussion et de vote sans fil. Il est id\u00e9al pour les installations de location, les salles de conf\u00e9rence des entreprises et les institutions gouvernementales.  <\/p>\n","protected":false},"featured_media":9032,"template":"","meta":{"_seopress_robots_primary_cat":"0","_seopress_titles_title":"%%title%% %%page%%","_seopress_titles_desc":"Televic Confidea WCAP G3 - Le c\u0153ur du syst\u00e8me de conf\u00e9rence sans fil de Televic, avec RF quadri-bande, cryptage AES 128 bits et contr\u00f4le par navigateur.","_seopress_robots_index":"","_et_pb_use_builder":"","_et_pb_old_content":"","_et_gb_content_width":""},"product_brand":[149],"product_cat":[202],"product_tag":[],"magma_product_family":[],"class_list":{"0":"post-9038","1":"product","2":"type-product","3":"status-publish","4":"has-post-thumbnail","6":"product_brand-televic-fr","7":"product_cat-unites-centrales-et-wap","8":"magma_scope-conference-av-technology-fr","10":"first","11":"instock","12":"shipping-taxable","13":"purchasable","14":"product-type-simple"},"_links":{"self":[{"href":"https:\/\/duvall.be\/fr\/wp-json\/wp\/v2\/product\/9038","targetHints":{"allow":["GET"]}}],"collection":[{"href":"https:\/\/duvall.be\/fr\/wp-json\/wp\/v2\/product"}],"about":[{"href":"https:\/\/duvall.be\/fr\/wp-json\/wp\/v2\/types\/product"}],"wp:featuredmedia":[{"embeddable":true,"href":"https:\/\/duvall.be\/fr\/wp-json\/wp\/v2\/media\/9032"}],"wp:attachment":[{"href":"https:\/\/duvall.be\/fr\/wp-json\/wp\/v2\/media?parent=9038"}],"wp:term":[{"taxonomy":"product_brand","embeddable":true,"href":"https:\/\/duvall.be\/fr\/wp-json\/wp\/v2\/product_brand?post=9038"},{"taxonomy":"product_cat","embeddable":true,"href":"https:\/\/duvall.be\/fr\/wp-json\/wp\/v2\/product_cat?post=9038"},{"taxonomy":"product_tag","embeddable":true,"href":"https:\/\/duvall.be\/fr\/wp-json\/wp\/v2\/product_tag?post=9038"},{"taxonomy":"magma_product_family","embeddable":true,"href":"https:\/\/duvall.be\/fr\/wp-json\/wp\/v2\/magma_product_family?post=9038"}],"curies":[{"name":"wp","href":"https:\/\/api.w.org\/{rel}","templated":true}]}}