{"id":9024,"date":"2025-03-24T13:48:13","date_gmt":"2025-03-24T13:48:13","guid":{"rendered":"https:\/\/duvall.be\/?post_type=product&#038;p=9024"},"modified":"2025-11-21T14:05:00","modified_gmt":"2025-11-21T14:05:00","slug":"televic-confidea-g2-wireless-delegate-caisse-8-div-interpretation-vote","status":"publish","type":"product","link":"https:\/\/duvall.be\/fr\/produit\/televic-confidea-g2-wireless-delegate-caisse-8-div-interpretation-vote\/","title":{"rendered":"Televic Confidea G2 Wireless Delegate Case | 8 DIV Units"},"content":{"rendered":"<p data-start=\"492\" data-end=\"859\">La caisse de d\u00e9l\u00e9gu\u00e9 sans fil Televic Confidea G2 est une solution compl\u00e8te de conf\u00e9rence sans fil pour les r\u00e9unions structur\u00e9es et multilingues. Ce syst\u00e8me est id\u00e9al pour les environnements locatifs, les salles de conf\u00e9rence des entreprises et les institutions gouvernementales. <\/p>\n<ul data-start=\"861\" data-end=\"1248\">\n<li data-start=\"1005\" data-end=\"1131\"><strong data-start=\"1007\" data-end=\"1046\">Unit\u00e9s de d\u00e9l\u00e9gation Confidea DIV G2 (8x<\/strong>) : Unit\u00e9s de d\u00e9l\u00e9gation sans fil pour la discussion, le vote et l&rsquo;\u00e9coute de l&rsquo;interpr\u00e9tation.<\/li>\n<li data-start=\"1132\" data-end=\"1248\"><strong data-start=\"1134\" data-end=\"1170\">Batteries Confidea BP (incluses)<\/strong>: Batteries Li-ion rechargeables offrant jusqu&rsquo;\u00e0 24 heures d&rsquo;autonomie.<\/li>\n<\/ul>\n<h3 data-start=\"1250\" data-end=\"1274\">Caract\u00e9ristiques principales<\/h3>\n<p data-start=\"2069\" data-end=\"2145\"><strong data-start=\"2075\" data-end=\"2143\">Confidea DIV G2 Unit\u00e9 de d\u00e9l\u00e9gation sans fil<\/strong><\/p>\n<ul data-start=\"2146\" data-end=\"2530\">\n<li data-start=\"2146\" data-end=\"2212\"><strong data-start=\"2148\" data-end=\"2170\">Commande du microphone<\/strong> &#8211; Mode \u00ab\u00a0Push-to-talk\u00a0\u00bb ou \u00ab\u00a0Request-to-speak\u00a0\u00bb (demande de parole)<\/li>\n<li data-start=\"2213\" data-end=\"2289\"><strong data-start=\"2215\" data-end=\"2243\">Interpr\u00e9tation<\/strong> &#8211; Prise en charge d&rsquo;un maximum de 4 canaux de traduction<\/li>\n<li data-start=\"2290\" data-end=\"2368\"><strong data-start=\"2292\" data-end=\"2313\">Vote \u00e9lectronique<\/strong> &#8211; 5 boutons de vote pour une prise de d\u00e9cision efficace<\/li>\n<li data-start=\"2452\" data-end=\"2530\"><strong data-start=\"2454\" data-end=\"2487\">Communication sans fil s\u00e9curis\u00e9e<\/strong> &#8211; Crypt\u00e9e et r\u00e9sistante aux interf\u00e9rences<\/li>\n<\/ul>\n<p data-start=\"2532\" data-end=\"2569\"><strong data-start=\"2538\" data-end=\"2567\">Confidea BP Battery Pack<\/strong><\/p>\n<ul data-start=\"2570\" data-end=\"2923\">\n<li data-start=\"2729\" data-end=\"2821\"><strong data-start=\"2731\" data-end=\"2751\">Surveillance intelligente<\/strong> &#8211; L&rsquo;\u00e9tat de la batterie peut \u00eatre visualis\u00e9 via des indicateurs LED ou un navigateur web.<\/li>\n<li data-start=\"2822\" data-end=\"2923\"><strong data-start=\"2824\" data-end=\"2853\">Options de chargement flexibles<\/strong> &#8211; Chargement via les unit\u00e9s Confidea, le plateau de chargement ou l&rsquo;adaptateur externe<\/li>\n<\/ul>\n<p data-start=\"2925\" data-end=\"3104\">Cette caisse de d\u00e9l\u00e9gu\u00e9 sans fil Televic Confidea offre un syst\u00e8me de communication sans fil structur\u00e9, s\u00e9curis\u00e9 et intuitif pour les r\u00e9unions multilingues et avec droit de vote.<\/p>\n","protected":false},"excerpt":{"rendered":"<p>La caisse de d\u00e9l\u00e9gu\u00e9s sans fil Confidea G2 de Televic comprend 8 unit\u00e9s de d\u00e9l\u00e9gu\u00e9s Confidea DIV G2, ainsi que les piles. Ce syst\u00e8me sans fil prend en charge l&rsquo;interpr\u00e9tation et le vote, assurant ainsi une communication transparente et s\u00e9curis\u00e9e lors des r\u00e9unions et des conf\u00e9rences. <\/p>\n","protected":false},"featured_media":9314,"template":"","meta":{"_seopress_robots_primary_cat":"0","_seopress_titles_title":"Televic Confidea G2 Wireless Delegate Case - 8 DIV","_seopress_titles_desc":"La caisse de d\u00e9l\u00e9gu\u00e9s sans fil Televic Confidea G2 comprend 8 unit\u00e9s de d\u00e9l\u00e9gu\u00e9s avec batteries, permettant l&#039;interpr\u00e9tation et le vote sans fil.","_seopress_robots_index":"","_et_pb_use_builder":"","_et_pb_old_content":"","_et_gb_content_width":""},"product_brand":[149],"product_cat":[205],"product_tag":[265],"magma_product_family":[],"class_list":{"0":"post-9024","1":"product","2":"type-product","3":"status-publish","4":"has-post-thumbnail","6":"product_brand-televic-fr","7":"product_cat-microphones-fr","8":"product_tag-sans-fil","10":"first","11":"instock","12":"shipping-taxable","13":"purchasable","14":"product-type-simple"},"_links":{"self":[{"href":"https:\/\/duvall.be\/fr\/wp-json\/wp\/v2\/product\/9024","targetHints":{"allow":["GET"]}}],"collection":[{"href":"https:\/\/duvall.be\/fr\/wp-json\/wp\/v2\/product"}],"about":[{"href":"https:\/\/duvall.be\/fr\/wp-json\/wp\/v2\/types\/product"}],"wp:featuredmedia":[{"embeddable":true,"href":"https:\/\/duvall.be\/fr\/wp-json\/wp\/v2\/media\/9314"}],"wp:attachment":[{"href":"https:\/\/duvall.be\/fr\/wp-json\/wp\/v2\/media?parent=9024"}],"wp:term":[{"taxonomy":"product_brand","embeddable":true,"href":"https:\/\/duvall.be\/fr\/wp-json\/wp\/v2\/product_brand?post=9024"},{"taxonomy":"product_cat","embeddable":true,"href":"https:\/\/duvall.be\/fr\/wp-json\/wp\/v2\/product_cat?post=9024"},{"taxonomy":"product_tag","embeddable":true,"href":"https:\/\/duvall.be\/fr\/wp-json\/wp\/v2\/product_tag?post=9024"},{"taxonomy":"magma_product_family","embeddable":true,"href":"https:\/\/duvall.be\/fr\/wp-json\/wp\/v2\/magma_product_family?post=9024"}],"curies":[{"name":"wp","href":"https:\/\/api.w.org\/{rel}","templated":true}]}}