{"id":9015,"date":"2025-03-24T13:08:17","date_gmt":"2025-03-24T13:08:17","guid":{"rendered":"https:\/\/duvall.be\/product\/bosch-dcn-ng-conference-system-10-discussion-units-with-long-microphones\/"},"modified":"2025-11-21T14:05:00","modified_gmt":"2025-11-21T14:05:00","slug":"bosch-dcn-ng-conference-system-10-discussion-units-with-long-microphones","status":"publish","type":"product","link":"https:\/\/duvall.be\/fr\/produit\/bosch-dcn-ng-conference-system-10-discussion-units-with-long-microphones\/","title":{"rendered":"Bosch DCN NG Conference System | 10 Unit\u00e9s | Micros Longs"},"content":{"rendered":"<p class=\"\" data-start=\"481\" data-end=\"866\">Le syst\u00e8me de conf\u00e9rence DCN NG de Bosch &#8211; 10 unit\u00e9s de discussion avec microphones longs comprend 10 unit\u00e9s de discussion DCN-DISDCS-D de Bosch, chacune \u00e9quip\u00e9e d&rsquo;un microphone enfichable DCN-MICL de Bosch (480 mm) pour une capture vocale am\u00e9lior\u00e9e et un positionnement flexible. Cette configuration de conf\u00e9rence professionnelle garantit une communication transparente, une prise en charge multilingue et un fonctionnement convivial. <\/p>\n<h3 data-start=\"481\" data-end=\"866\">Caract\u00e9ristiques principales<\/h3>\n<ul>\n<li data-start=\"481\" data-end=\"866\"><strong data-start=\"907\" data-end=\"933\">S\u00e9lecteurs \u00e0 deux canaux<\/strong> &#8211; Ils permettent \u00e0 deux participants d&rsquo;\u00e9couter simultan\u00e9ment des canaux de langues diff\u00e9rentes.<\/li>\n<li data-start=\"481\" data-end=\"866\"><strong data-start=\"1023\" data-end=\"1060\">Microphone long enfichable (480 mm<\/strong> ) &#8211; Id\u00e9al pour les orateurs qui ont besoin d&rsquo;une plus grande port\u00e9e et d&rsquo;une plus grande flexibilit\u00e9.<\/li>\n<li data-start=\"481\" data-end=\"866\"><strong data-start=\"1140\" data-end=\"1164\">Haut-parleur int\u00e9gr\u00e9<\/strong> &#8211; Automatiquement mis en sourdine lorsque le microphone est actif, afin d&rsquo;\u00e9viter tout effet de r\u00e9troaction acoustique.<\/li>\n<li data-start=\"481\" data-end=\"866\"><strong data-start=\"1252\" data-end=\"1297\">Connexions pour casque d&rsquo;\u00e9coute avec contr\u00f4le du volume<\/strong> &#8211; permettant une \u00e9coute priv\u00e9e \u00e0 des niveaux de volume individuels.<\/li>\n<li data-start=\"481\" data-end=\"866\"><strong data-start=\"1360\" data-end=\"1393\">Conception r\u00e9sistante aux interf\u00e9rences<\/strong> &#8211; Garantit un fonctionnement sans faille, m\u00eame dans les environnements o\u00f9 l&rsquo;utilisation des t\u00e9l\u00e9phones portables est importante.<\/li>\n<li data-start=\"481\" data-end=\"866\"><strong data-start=\"1483\" data-end=\"1509\">Configuration flexible<\/strong> &#8211; Utilisable comme unit\u00e9 de d\u00e9l\u00e9gu\u00e9, unit\u00e9 de double d\u00e9l\u00e9gu\u00e9, unit\u00e9 de pr\u00e9sident, ou avec un bouton auxiliaire.<\/li>\n<\/ul>\n<p class=\"\" data-start=\"1614\" data-end=\"1816\">Cet ensemble de conf\u00e9rence est parfait pour les discussions \u00e0 grande \u00e9chelle, les conseils, les salles de r\u00e9union et les conf\u00e9rences multilingues, garantissant une communication claire et sans interf\u00e9rence dans tout environnement professionnel.<\/p>\n","protected":false},"excerpt":{"rendered":"<p class=\"\" data-start=\"116\" data-end=\"444\">Un ensemble de 10 unit\u00e9s de discussion DCN-DISDCS-D de Bosch, chacune \u00e9quip\u00e9e d&rsquo;un long microphone enfichable DCN-MICL de Bosch (480 mm). Con\u00e7u pour une communication claire et efficace, ce syst\u00e8me est id\u00e9al pour les conf\u00e9rences, les salles de conf\u00e9rence et les \u00e9v\u00e9nements multilingues o\u00f9 un son de haute qualit\u00e9 et un positionnement flexible sont essentiels. <\/p>\n","protected":false},"featured_media":9372,"template":"","meta":{"_seopress_robots_primary_cat":"0","_seopress_titles_title":"Syst\u00e8me de conf\u00e9rence DCN NG de Bosch - 10 unit\u00e9s avec micros longs","_seopress_titles_desc":"Jeu de 10 unit\u00e9s de discussion Bosch DCN-DISDCS-D, chacune avec un microphone long Bosch DCN-MICL de 480 mm. S\u00e9lection \u00e0 deux canaux, haut-parleur int\u00e9gr\u00e9.","_seopress_robots_index":"","_et_pb_use_builder":"","_et_pb_old_content":"","_et_gb_content_width":""},"product_brand":[151],"product_cat":[205],"product_tag":[268],"magma_product_family":[287],"class_list":{"0":"post-9015","1":"product","2":"type-product","3":"status-publish","4":"has-post-thumbnail","6":"product_brand-bosch","7":"product_cat-microphones","8":"product_tag-filaire","9":"magma_scope-conference-av-technology-fr","10":"magma_product_family-bosch-dcn","12":"first","13":"instock","14":"shipping-taxable","15":"purchasable","16":"product-type-simple"},"_links":{"self":[{"href":"https:\/\/duvall.be\/fr\/wp-json\/wp\/v2\/product\/9015","targetHints":{"allow":["GET"]}}],"collection":[{"href":"https:\/\/duvall.be\/fr\/wp-json\/wp\/v2\/product"}],"about":[{"href":"https:\/\/duvall.be\/fr\/wp-json\/wp\/v2\/types\/product"}],"wp:featuredmedia":[{"embeddable":true,"href":"https:\/\/duvall.be\/fr\/wp-json\/wp\/v2\/media\/9372"}],"wp:attachment":[{"href":"https:\/\/duvall.be\/fr\/wp-json\/wp\/v2\/media?parent=9015"}],"wp:term":[{"taxonomy":"product_brand","embeddable":true,"href":"https:\/\/duvall.be\/fr\/wp-json\/wp\/v2\/product_brand?post=9015"},{"taxonomy":"product_cat","embeddable":true,"href":"https:\/\/duvall.be\/fr\/wp-json\/wp\/v2\/product_cat?post=9015"},{"taxonomy":"product_tag","embeddable":true,"href":"https:\/\/duvall.be\/fr\/wp-json\/wp\/v2\/product_tag?post=9015"},{"taxonomy":"magma_product_family","embeddable":true,"href":"https:\/\/duvall.be\/fr\/wp-json\/wp\/v2\/magma_product_family?post=9015"}],"curies":[{"name":"wp","href":"https:\/\/api.w.org\/{rel}","templated":true}]}}