{"id":9010,"date":"2025-03-24T13:01:47","date_gmt":"2025-03-24T13:01:47","guid":{"rendered":"https:\/\/duvall.be\/product\/bosch-dcn-ng-conference-systeme-10-discussion-units-with-short-microphones\/"},"modified":"2025-11-21T14:05:00","modified_gmt":"2025-11-21T14:05:00","slug":"bosch-dcn-ng-conference-systeme-10-discussion-units-with-short-microphones","status":"publish","type":"product","link":"https:\/\/duvall.be\/fr\/produit\/bosch-dcn-ng-conference-systeme-10-discussion-units-with-short-microphones\/","title":{"rendered":"Bosch DCN NG Conference System | 10 Unit\u00e9s | Micro Court"},"content":{"rendered":"<p class=\"\" data-start=\"519\" data-end=\"863\">La caisse de microphones courts de conf\u00e9rence DCN NG Bosch comprend 10 unit\u00e9s de discussion DCN-DISDCS-D Bosch, chacune \u00e9quip\u00e9e d&rsquo;un microphone court enfichable DCN-MICS Bosch de 310 mm. Cet ensemble pr\u00eat \u00e0 l&#8217;emploi garantit une communication claire, un contr\u00f4le intuitif par l&rsquo;utilisateur et une excellente intelligibilit\u00e9 de la parole dans toute conf\u00e9rence ou \u00e9v\u00e9nement multilingue. <\/p>\n<h3>Caract\u00e9ristiques principales<\/h3>\n<ul>\n<li><strong>S\u00e9lecteurs \u00e0 deux canaux<\/strong> &#8211; Ils permettent \u00e0 deux participants d&rsquo;\u00e9couter simultan\u00e9ment des canaux de langues diff\u00e9rentes.<\/li>\n<li><strong>Microphone court enfichable (310 mm<\/strong> ) &#8211; Pour une prise de parole discr\u00e8te et pr\u00e9cise.<\/li>\n<li><strong>Haut-parleur int\u00e9gr\u00e9<\/strong> &#8211; Automatiquement mis en sourdine lorsque le microphone est actif, afin d&rsquo;\u00e9viter tout effet de r\u00e9troaction acoustique.<\/li>\n<li><strong>Connexions pour casque d&rsquo;\u00e9coute avec contr\u00f4le du volume <\/strong>&#8211; permettant une \u00e9coute priv\u00e9e \u00e0 des niveaux de volume individuels.<\/li>\n<li><strong>Conception r\u00e9sistante aux interf\u00e9rences<\/strong> &#8211; Minimise les perturbations dues aux signaux des t\u00e9l\u00e9phones portables.<\/li>\n<li><strong>Configuration flexible<\/strong> &#8211; Peut \u00eatre utilis\u00e9 comme unit\u00e9 de d\u00e9l\u00e9gu\u00e9, unit\u00e9 de double d\u00e9l\u00e9gu\u00e9, unit\u00e9 de pr\u00e9sident, ou avec un bouton auxiliaire.<\/li>\n<\/ul>\n<p class=\"\" data-start=\"1563\" data-end=\"1738\">Cet ensemble de conf\u00e9rence est id\u00e9al pour les conseils, les r\u00e9unions d&rsquo;entreprise, les \u00e9v\u00e9nements multilingues et les discussions \u00e0 grande \u00e9chelle n\u00e9cessitant une communication claire et sans interf\u00e9rences.<\/p>\n","protected":false},"excerpt":{"rendered":"<p>Une caisse de 10 unit\u00e9s de discussion DCN-DISDCS-D de Bosch, chacune \u00e9quip\u00e9e d&rsquo;un microphone enfichable DCN-MICS de Bosch (310 mm). Ces unit\u00e9s de discussion polyvalentes et conviviales sont con\u00e7ues pour les conf\u00e9rences multilingues. Elles offrent une s\u00e9lection \u00e0 deux canaux, un son de haute qualit\u00e9 et une int\u00e9gration transparente dans les syst\u00e8mes de conf\u00e9rence Bosch DCN Next Generation. <\/p>\n","protected":false},"featured_media":9369,"template":"","meta":{"_seopress_robots_primary_cat":"0","_seopress_titles_title":"Syst\u00e8me de conf\u00e9rence DCN NG de Bosch - 10 unit\u00e9s avec micro court","_seopress_titles_desc":"Set de 10 unit\u00e9s de discussion Bosch DCN-DISDCS-D, chacune avec un microphone court Bosch DCN-MICS de 310 mm. S\u00e9lection \u00e0 deux canaux, haut-parleur int\u00e9gr\u00e9.","_seopress_robots_index":"","_et_pb_use_builder":"","_et_pb_old_content":"","_et_gb_content_width":""},"product_brand":[151],"product_cat":[205],"product_tag":[268],"magma_product_family":[],"class_list":{"0":"post-9010","1":"product","2":"type-product","3":"status-publish","4":"has-post-thumbnail","6":"product_brand-bosch-fr","7":"product_cat-microphones-fr","8":"product_tag-filaire","9":"magma_scope-conference-av-technology-fr","11":"first","12":"instock","13":"shipping-taxable","14":"purchasable","15":"product-type-simple"},"_links":{"self":[{"href":"https:\/\/duvall.be\/fr\/wp-json\/wp\/v2\/product\/9010","targetHints":{"allow":["GET"]}}],"collection":[{"href":"https:\/\/duvall.be\/fr\/wp-json\/wp\/v2\/product"}],"about":[{"href":"https:\/\/duvall.be\/fr\/wp-json\/wp\/v2\/types\/product"}],"wp:featuredmedia":[{"embeddable":true,"href":"https:\/\/duvall.be\/fr\/wp-json\/wp\/v2\/media\/9369"}],"wp:attachment":[{"href":"https:\/\/duvall.be\/fr\/wp-json\/wp\/v2\/media?parent=9010"}],"wp:term":[{"taxonomy":"product_brand","embeddable":true,"href":"https:\/\/duvall.be\/fr\/wp-json\/wp\/v2\/product_brand?post=9010"},{"taxonomy":"product_cat","embeddable":true,"href":"https:\/\/duvall.be\/fr\/wp-json\/wp\/v2\/product_cat?post=9010"},{"taxonomy":"product_tag","embeddable":true,"href":"https:\/\/duvall.be\/fr\/wp-json\/wp\/v2\/product_tag?post=9010"},{"taxonomy":"magma_product_family","embeddable":true,"href":"https:\/\/duvall.be\/fr\/wp-json\/wp\/v2\/magma_product_family?post=9010"}],"curies":[{"name":"wp","href":"https:\/\/api.w.org\/{rel}","templated":true}]}}