{"id":9007,"date":"2025-03-24T09:57:14","date_gmt":"2025-03-24T09:57:14","guid":{"rendered":"https:\/\/duvall.be\/product\/televic-confidea-flex-g4-10x-confidea-bp-g4-rechargeable-batteries\/"},"modified":"2025-11-21T14:05:01","modified_gmt":"2025-11-21T14:05:01","slug":"televic-confidea-flex-g4-10x-confidea-bp-g4-rechargeable-batteries","status":"publish","type":"product","link":"https:\/\/duvall.be\/fr\/produit\/televic-confidea-flex-g4-10x-confidea-bp-g4-rechargeable-batteries\/","title":{"rendered":"Televic Confidea Flex G4 | 10 batteries rechargeables Confidea BP G4"},"content":{"rendered":"<p class=\"\" data-start=\"447\" data-end=\"727\">La batterie rechargeable Televic Confidea BP G4 est con\u00e7ue pour alimenter efficacement les unit\u00e9s de conf\u00e9rence sans fil Confidea Flex G4. Cette batterie lithium-ion haute capacit\u00e9 garantit une grande autonomie, ce qui la rend id\u00e9ale pour les r\u00e9unions, les \u00e9v\u00e9nements et les installations de location. <\/p>\n<p class=\"\" data-start=\"729\" data-end=\"1100\">Gr\u00e2ce \u00e0 une surveillance intelligente avanc\u00e9e, le microcontr\u00f4leur int\u00e9gr\u00e9 suit le processus de recharge et emp\u00eache la surcharge, la surchauffe et les courts-circuits. Une fonction de charge rapide permet \u00e0 la batterie d&rsquo;atteindre 50 % en seulement 45 minutes et 65 % en une heure. Une charge compl\u00e8te prend environ 2 heures, offrant jusqu&rsquo;\u00e0 12 heures d&rsquo;utilisation continue.  <\/p>\n<p class=\"\" data-start=\"1102\" data-end=\"1337\">Chaque batterie est dot\u00e9e d&rsquo;un bouton de test et d&rsquo;indicateurs de capacit\u00e9 LED permettant de v\u00e9rifier instantan\u00e9ment les niveaux de charge restants. Le plateau de charge Confidea CHT G4 (vendu s\u00e9par\u00e9ment) peut charger jusqu&rsquo;\u00e0 10 batteries simultan\u00e9ment. <\/p>\n<p class=\"\" data-start=\"1339\" data-end=\"1432\">Ce pack comprend 10 natteries mais ne comprend pas de chargeur ni d&rsquo;unit\u00e9s de conf\u00e9rence.<\/p>\n<p>Caract\u00e9ristiques principales :<\/p>\n<ul>\n<li><strong>Lot de 10<\/strong> batteries rechargeables Confidea BP G4<\/li>\n<li><strong>Chargement rapide :<\/strong> Chargement de 50 % en 45 minutes, 100 % en 2 heures\/<\/li>\n<li><strong>Autonomie de<\/strong> <strong>12 heures<\/strong> pour une utilisation typique avec les appareils Confidea Flex G4<\/li>\n<li><strong>Bouton-poussoir<\/strong> de <strong>test<\/strong> avec indicateurs LED pour l&rsquo;\u00e9tat de charge<\/li>\n<li><strong>Microcontr\u00f4leur intelligent<\/strong> pour la protection contre les surcharges, les courts-circuits et la chaleur<\/li>\n<li><strong>Compatible avec le plateau de charge Confidea CHT G4<\/strong> (lou\u00e9 s\u00e9par\u00e9ment)<\/li>\n<\/ul>\n","protected":false},"excerpt":{"rendered":"<p>Lot de 10 batteries lithium-ion rechargeables Confidea BP G4 pour les unit\u00e9s Televic Confidea Flex G4. Ces batteries haute capacit\u00e9 offrent une charge rapide, une longue dur\u00e9e de vie et un contr\u00f4le intelligent pour une alimentation fiable dans les installations de conf\u00e9rence sans fil. Le chargeur et les appareils ne sont pas inclus.  <\/p>\n","protected":false},"featured_media":9002,"template":"","meta":{"_seopress_robots_primary_cat":"0","_seopress_titles_title":"Televic Confidea Flex G4 - 10x Confidea BP G4 Batteries","_seopress_titles_desc":"Lot de 10 batteries rechargeables au lithium-ion Confidea BP G4 pour les appareils Televic Confidea Flex G4. Autonomie de 12 heures, charge rapide en 45 min, voyants d&#039;\u00e9tat LED.","_seopress_robots_index":"","_et_pb_use_builder":"","_et_pb_old_content":"","_et_gb_content_width":""},"product_brand":[149],"product_cat":[201],"product_tag":[],"magma_product_family":[],"class_list":{"0":"post-9007","1":"product","2":"type-product","3":"status-publish","4":"has-post-thumbnail","6":"product_brand-televic-fr","7":"product_cat-batteries-et-chargeurs","8":"magma_scope-conference-av-technology-fr","10":"first","11":"instock","12":"shipping-taxable","13":"purchasable","14":"product-type-simple"},"_links":{"self":[{"href":"https:\/\/duvall.be\/fr\/wp-json\/wp\/v2\/product\/9007","targetHints":{"allow":["GET"]}}],"collection":[{"href":"https:\/\/duvall.be\/fr\/wp-json\/wp\/v2\/product"}],"about":[{"href":"https:\/\/duvall.be\/fr\/wp-json\/wp\/v2\/types\/product"}],"wp:featuredmedia":[{"embeddable":true,"href":"https:\/\/duvall.be\/fr\/wp-json\/wp\/v2\/media\/9002"}],"wp:attachment":[{"href":"https:\/\/duvall.be\/fr\/wp-json\/wp\/v2\/media?parent=9007"}],"wp:term":[{"taxonomy":"product_brand","embeddable":true,"href":"https:\/\/duvall.be\/fr\/wp-json\/wp\/v2\/product_brand?post=9007"},{"taxonomy":"product_cat","embeddable":true,"href":"https:\/\/duvall.be\/fr\/wp-json\/wp\/v2\/product_cat?post=9007"},{"taxonomy":"product_tag","embeddable":true,"href":"https:\/\/duvall.be\/fr\/wp-json\/wp\/v2\/product_tag?post=9007"},{"taxonomy":"magma_product_family","embeddable":true,"href":"https:\/\/duvall.be\/fr\/wp-json\/wp\/v2\/magma_product_family?post=9007"}],"curies":[{"name":"wp","href":"https:\/\/api.w.org\/{rel}","templated":true}]}}