{"id":8998,"date":"2025-03-24T09:33:10","date_gmt":"2025-03-24T09:33:10","guid":{"rendered":"https:\/\/duvall.be\/product\/televic-confidea-wireless-delegate-case-8-dd-units-incl-batteries\/"},"modified":"2025-11-21T14:05:02","modified_gmt":"2025-11-21T14:05:02","slug":"televic-confidea-wireless-delegate-case-8-dd-units-incl-batteries","status":"publish","type":"product","link":"https:\/\/duvall.be\/fr\/produit\/televic-confidea-wireless-delegate-case-8-dd-units-incl-batteries\/","title":{"rendered":"Televic Confidea G2 Wireless Delegate Case | 8 DD Units"},"content":{"rendered":"<p class=\"\" data-start=\"389\" data-end=\"678\">La mallette de d\u00e9l\u00e9gu\u00e9s sans fil Confidea G2 de Televic est une solution de conf\u00e9rence sans fil compl\u00e8te con\u00e7ue pour des discussions transparentes dans les salles de conf\u00e9rence, les conseils et les \u00e9v\u00e9nements. Elle comprend huit unit\u00e9s d\u00e9l\u00e9gu\u00e9es Confidea DD G2, chacune aliment\u00e9e par des batteries lithium-ion haute performance. <\/p>\n<p class=\"\" data-start=\"680\" data-end=\"1062\">Gr\u00e2ce \u00e0 sa conception sans fil, le syst\u00e8me est rapide \u00e0 mettre en place et fonctionne de mani\u00e8re fiable dans les environnements o\u00f9 les radiofr\u00e9quences sont difficiles \u00e0 g\u00e9rer. Les unit\u00e9s d\u00e9l\u00e9gu\u00e9es sont dot\u00e9es d&rsquo;un bouton d&rsquo;activation du microphone, ce qui permet aux participants de parler instantan\u00e9ment ou de demander \u00e0 parler lorsque c&rsquo;est n\u00e9cessaire. En outre, elles prennent en charge jusqu&rsquo;\u00e0 4 canaux d&rsquo;interpr\u00e9tation, ce qui les rend id\u00e9ales pour les conf\u00e9rences multilingues.  <\/p>\n<p class=\"\" data-start=\"1064\" data-end=\"1332\">Pour plus de s\u00e9curit\u00e9, le syst\u00e8me Confidea G2 est dot\u00e9 d&rsquo;un syst\u00e8me de cryptage AES 128 bits qui garantit la confidentialit\u00e9 des communications. La longue dur\u00e9e de vie de la batterie &#8211; jusqu&rsquo;\u00e0 24 heures par charge &#8211; r\u00e9duit le besoin de recharges fr\u00e9quentes, ce qui en fait un outil id\u00e9al pour la location et l&rsquo;utilisation lors d&rsquo;\u00e9v\u00e9nements. <\/p>\n<p class=\"\" data-start=\"1334\" data-end=\"1471\">Dans l&rsquo;ensemble, cette solution garantit une communication claire, des discussions s\u00e9curis\u00e9es et un fonctionnement convivial dans tous les environnements professionnels.<\/p>\n<h3 data-start=\"1478\" data-end=\"1502\">Caract\u00e9ristiques principales<\/h3>\n<ul data-start=\"1504\" data-end=\"2086\">\n<li class=\"\" data-start=\"1504\" data-end=\"1584\">\n<p class=\"\" data-start=\"1506\" data-end=\"1584\"><strong data-start=\"1506\" data-end=\"1534\">Syst\u00e8me sans fil complet<\/strong> &#8211; Comprend <strong data-start=\"1546\" data-end=\"1581\">8<\/strong> unit\u00e9s d\u00e9l\u00e9gu\u00e9es Confidea DD G2.<\/p>\n<\/li>\n<li class=\"\" data-start=\"1585\" data-end=\"1677\">\n<p class=\"\" data-start=\"1587\" data-end=\"1677\"><strong>S\u00e9curit\u00e9 et fiabilit\u00e9 &#8211; <\/strong>Cryptage AES 128 bits pour une communication prot\u00e9g\u00e9e.<\/p>\n<\/li>\n<li class=\"\" data-start=\"1792\" data-end=\"1880\">\n<p class=\"\" data-start=\"1794\" data-end=\"1880\"><strong data-start=\"1794\" data-end=\"1814\">Installation sans effort<\/strong> &#8211; La conception sans fil permet un d\u00e9ploiement rapide et sans probl\u00e8me.<\/p>\n<\/li>\n<li class=\"\" data-start=\"1881\" data-end=\"1979\">\n<p class=\"\" data-start=\"1883\" data-end=\"1979\"><strong data-start=\"1883\" data-end=\"1910\">Audio sans interf\u00e9rence<\/strong> &#8211; Immunis\u00e9 contre les interf\u00e9rences des t\u00e9l\u00e9phones portables pour une communication claire.<\/p>\n<\/li>\n<li class=\"\" data-start=\"1980\" data-end=\"2086\">\n<p class=\"\" data-start=\"1982\" data-end=\"2086\"><strong data-start=\"1982\" data-end=\"2003\">Longue dur\u00e9e de vie de la batterie<\/strong> &#8211; Jusqu&rsquo;\u00e0 24 heures par charge avec les batteries lithium-ion Confidea BP.<\/p>\n<\/li>\n<\/ul>\n","protected":false},"excerpt":{"rendered":"<p>La mallette de d\u00e9l\u00e9gu\u00e9 sans fil Confidea G2 de Televic comprend huit unit\u00e9s de d\u00e9l\u00e9gu\u00e9 Confidea DD G3 avec piles incluses. Elle offre une communication sans fil s\u00e9curis\u00e9e, une excellente qualit\u00e9 audio et une installation facile pour les r\u00e9unions professionnelles. <\/p>\n","protected":false},"featured_media":9339,"template":"","meta":{"_seopress_robots_primary_cat":"0","_seopress_titles_title":"Televic Confidea G2 Wireless Delegate Case | 8 DD Units","_seopress_titles_desc":"La mallette de d\u00e9l\u00e9gu\u00e9s sans fil Televic Confidea comprend 8 unit\u00e9s de d\u00e9l\u00e9gu\u00e9s Confidea DD G2 avec des batteries de longue dur\u00e9e.","_seopress_robots_index":"","_et_pb_use_builder":"","_et_pb_old_content":"","_et_gb_content_width":""},"product_brand":[149],"product_cat":[205],"product_tag":[265],"magma_product_family":[],"class_list":{"0":"post-8998","1":"product","2":"type-product","3":"status-publish","4":"has-post-thumbnail","6":"product_brand-televic-fr","7":"product_cat-microphones-fr","8":"product_tag-sans-fil","9":"magma_scope-conference-av-technology-fr","11":"first","12":"instock","13":"shipping-taxable","14":"purchasable","15":"product-type-simple"},"_links":{"self":[{"href":"https:\/\/duvall.be\/fr\/wp-json\/wp\/v2\/product\/8998","targetHints":{"allow":["GET"]}}],"collection":[{"href":"https:\/\/duvall.be\/fr\/wp-json\/wp\/v2\/product"}],"about":[{"href":"https:\/\/duvall.be\/fr\/wp-json\/wp\/v2\/types\/product"}],"wp:featuredmedia":[{"embeddable":true,"href":"https:\/\/duvall.be\/fr\/wp-json\/wp\/v2\/media\/9339"}],"wp:attachment":[{"href":"https:\/\/duvall.be\/fr\/wp-json\/wp\/v2\/media?parent=8998"}],"wp:term":[{"taxonomy":"product_brand","embeddable":true,"href":"https:\/\/duvall.be\/fr\/wp-json\/wp\/v2\/product_brand?post=8998"},{"taxonomy":"product_cat","embeddable":true,"href":"https:\/\/duvall.be\/fr\/wp-json\/wp\/v2\/product_cat?post=8998"},{"taxonomy":"product_tag","embeddable":true,"href":"https:\/\/duvall.be\/fr\/wp-json\/wp\/v2\/product_tag?post=8998"},{"taxonomy":"magma_product_family","embeddable":true,"href":"https:\/\/duvall.be\/fr\/wp-json\/wp\/v2\/magma_product_family?post=8998"}],"curies":[{"name":"wp","href":"https:\/\/api.w.org\/{rel}","templated":true}]}}