{"id":8992,"date":"2025-03-24T09:17:02","date_gmt":"2025-03-24T09:17:02","guid":{"rendered":"https:\/\/duvall.be\/product\/televic-confidea-wireless-chairman-case-1-cd-and-5-dd-units-incl-batteries\/"},"modified":"2025-11-21T14:05:02","modified_gmt":"2025-11-21T14:05:02","slug":"televic-confidea-wireless-chairman-case-1-cd-and-5-dd-units-incl-batteries","status":"publish","type":"product","link":"https:\/\/duvall.be\/fr\/produit\/televic-confidea-wireless-chairman-case-1-cd-and-5-dd-units-incl-batteries\/","title":{"rendered":"Televic Confidea G2 Wireless Chairman Case | 1 CD &amp; 5 DD Units"},"content":{"rendered":"<p class=\"\" data-start=\"494\" data-end=\"773\">La mallette Televic Confidea G2 Wireless Chairman est une solution compl\u00e8te de conf\u00e9rence sans fil, con\u00e7ue pour les r\u00e9unions et les \u00e9v\u00e9nements professionnels. Elle comprend une unit\u00e9 Pr\u00e9sident (CD G2) et cinq unit\u00e9s D\u00e9l\u00e9gu\u00e9s (DD G2), toutes aliment\u00e9es par des batteries lithium-ion. <\/p>\n<p class=\"\" data-start=\"775\" data-end=\"945\">Le syst\u00e8me \u00e9tant sans fil, l&rsquo;installation est rapide et sans effort. De plus, il assure une communication stable et sans interf\u00e9rence, m\u00eame dans les environnements o\u00f9 les radiofr\u00e9quences sont difficiles \u00e0 g\u00e9rer. <\/p>\n<p class=\"\" data-start=\"947\" data-end=\"1280\">L&rsquo;unit\u00e9 Pr\u00e9sident permet de contr\u00f4ler enti\u00e8rement la discussion. Elle comporte un bouton \u00ab\u00a0Priorit\u00e9\u00a0\u00bb pour prendre la parole et un bouton \u00ab\u00a0Suivant\u00a0\u00bb pour g\u00e9rer les demandes des orateurs. <\/p>\n<p class=\"\" data-start=\"1282\" data-end=\"1519\">En outre, le Confidea G2 assure une communication s\u00e9curis\u00e9e. Il utilise le cryptage AES 128 bits, emp\u00eachant tout acc\u00e8s non autoris\u00e9. Gr\u00e2ce \u00e0 sa gestion efficace de l&rsquo;\u00e9nergie, l&rsquo;autonomie de la batterie peut atteindre 24 heures avec une seule charge.  <\/p>\n<p class=\"\" data-start=\"1521\" data-end=\"1623\">Dans l&rsquo;ensemble, ce syst\u00e8me est parfait pour les salles de conf\u00e9rence, les r\u00e9unions d&rsquo;entreprise, les conseils et les installations de location.<\/p>\n<h3 data-start=\"1630\" data-end=\"1654\">Caract\u00e9ristiques principales<\/h3>\n<ul data-start=\"1656\" data-end=\"2485\">\n<li class=\"\" data-start=\"1656\" data-end=\"1757\">\n<p class=\"\" data-start=\"1658\" data-end=\"1757\"><strong data-start=\"1658\" data-end=\"1686\">Syst\u00e8me sans fil complet<\/strong> &#8211; Comprend 1 unit\u00e9 pour le pr\u00e9sident (CD G2) et 5 unit\u00e9s pour les d\u00e9l\u00e9gu\u00e9s (DD G2).<\/p>\n<\/li>\n<li class=\"\" data-start=\"1758\" data-end=\"1864\">\n<p class=\"\" data-start=\"1760\" data-end=\"1864\"><strong data-start=\"1760\" data-end=\"1790\">Commandes avanc\u00e9es du pr\u00e9sident<\/strong> &#8211; Les boutons de priorit\u00e9 et de ligne suivante am\u00e9liorent la gestion des r\u00e9unions.<\/p>\n<\/li>\n<li class=\"\" data-start=\"1865\" data-end=\"1953\">\n<p class=\"\" data-start=\"1867\" data-end=\"1953\"><strong data-start=\"1867\" data-end=\"1888\">S\u00fbr et fiable<\/strong> &#8211; Gr\u00e2ce au cryptage AES 128 bits, les discussions restent priv\u00e9es.<\/p>\n<\/li>\n<li class=\"\" data-start=\"2174\" data-end=\"2280\">\n<p class=\"\" data-start=\"2176\" data-end=\"2280\"><strong data-start=\"2176\" data-end=\"2197\">Longue dur\u00e9e de vie de la batterie<\/strong> &#8211; Jusqu&rsquo;\u00e0 24 heures par charge avec les batteries lithium-ion Confidea BP.<\/p>\n<\/li>\n<li class=\"\" data-start=\"2281\" data-end=\"2380\">\n<p class=\"\" data-start=\"2283\" data-end=\"2380\"><strong data-start=\"2283\" data-end=\"2303\">Installation sans effort<\/strong> &#8211; La conception sans fil permet un d\u00e9ploiement rapide sans expertise technique.<\/p>\n<\/li>\n<li class=\"\" data-start=\"2381\" data-end=\"2485\">\n<p class=\"\" data-start=\"2383\" data-end=\"2485\"><strong data-start=\"2383\" data-end=\"2410\">Audio sans interf\u00e9rence<\/strong> &#8211; Immunis\u00e9 contre les interf\u00e9rences des t\u00e9l\u00e9phones portables, il garantit une communication claire.<\/p>\n<\/li>\n<\/ul>\n","protected":false},"excerpt":{"rendered":"<p>La mallette Televic Confidea G2 Wireless Chairman comprend une unit\u00e9 Confidea CD G2 Chairman et cinq unit\u00e9s Confidea DD G2 Delegate, toutes avec les piles incluses. Il offre une communication sans fil s\u00e9curis\u00e9e, une excellente qualit\u00e9 audio et une installation facile. <\/p>\n","protected":false},"featured_media":9336,"template":"","meta":{"_seopress_robots_primary_cat":"0","_seopress_titles_title":"Televic Confidea G2 Wireless Chairman Case","_seopress_titles_desc":"La mallette Televic Confidea G2 Wireless Chairman comprend 1 unit\u00e9 Confidea CD G2 Chairman et 5 unit\u00e9s DD G2 Delegate avec batteries.","_seopress_robots_index":"","_et_pb_use_builder":"","_et_pb_old_content":"","_et_gb_content_width":""},"product_brand":[149],"product_cat":[205],"product_tag":[265],"magma_product_family":[],"class_list":{"0":"post-8992","1":"product","2":"type-product","3":"status-publish","4":"has-post-thumbnail","6":"product_brand-televic-fr","7":"product_cat-microphones-fr","8":"product_tag-sans-fil","9":"magma_scope-conference-av-technology-fr","11":"first","12":"instock","13":"shipping-taxable","14":"purchasable","15":"product-type-simple"},"_links":{"self":[{"href":"https:\/\/duvall.be\/fr\/wp-json\/wp\/v2\/product\/8992","targetHints":{"allow":["GET"]}}],"collection":[{"href":"https:\/\/duvall.be\/fr\/wp-json\/wp\/v2\/product"}],"about":[{"href":"https:\/\/duvall.be\/fr\/wp-json\/wp\/v2\/types\/product"}],"wp:featuredmedia":[{"embeddable":true,"href":"https:\/\/duvall.be\/fr\/wp-json\/wp\/v2\/media\/9336"}],"wp:attachment":[{"href":"https:\/\/duvall.be\/fr\/wp-json\/wp\/v2\/media?parent=8992"}],"wp:term":[{"taxonomy":"product_brand","embeddable":true,"href":"https:\/\/duvall.be\/fr\/wp-json\/wp\/v2\/product_brand?post=8992"},{"taxonomy":"product_cat","embeddable":true,"href":"https:\/\/duvall.be\/fr\/wp-json\/wp\/v2\/product_cat?post=8992"},{"taxonomy":"product_tag","embeddable":true,"href":"https:\/\/duvall.be\/fr\/wp-json\/wp\/v2\/product_tag?post=8992"},{"taxonomy":"magma_product_family","embeddable":true,"href":"https:\/\/duvall.be\/fr\/wp-json\/wp\/v2\/magma_product_family?post=8992"}],"curies":[{"name":"wp","href":"https:\/\/api.w.org\/{rel}","templated":true}]}}