{"id":8977,"date":"2025-03-21T15:46:34","date_gmt":"2025-03-21T15:46:34","guid":{"rendered":"https:\/\/duvall.be\/product\/audipack-silent-9300-interpreter-booth\/"},"modified":"2025-11-21T14:05:02","modified_gmt":"2025-11-21T14:05:02","slug":"audipack-silent-9300-interpreter-booth","status":"publish","type":"product","link":"https:\/\/duvall.be\/fr\/produit\/audipack-silent-9300-interpreter-booth\/","title":{"rendered":"Cabine d&rsquo;interpr\u00e9tation Audipack Silent 9300"},"content":{"rendered":"<p data-start=\"399\" data-end=\"653\">Pour une interpr\u00e9tation efficace, le silence est essentiel, et l&rsquo;Audipack Silent 9300 vous le garantit. Cette cabine d&rsquo;interpr\u00e9tation de haute qualit\u00e9 offre une isolation acoustique sup\u00e9rieure, ce qui permet aux interpr\u00e8tes de travailler dans un environnement silencieux et concentr\u00e9. <\/p>\n<p data-start=\"655\" data-end=\"1009\">Avec une surface r\u00e9sistante aux rayures et un cadre en aluminium anodis\u00e9 durable, le Silent 9300 allie esth\u00e9tique et praticit\u00e9. La cabine est modulaire et facile \u00e0 assembler, ce qui permet \u00e0 une seule personne de l&rsquo;installer en quelques minutes. Les panneaux interchangeables offrent une grande flexibilit\u00e9 dans l&rsquo;agencement de la cabine, y compris dans l&#8217;emplacement des portes.  <\/p>\n<p data-start=\"1011\" data-end=\"1312\">Con\u00e7ue pour des installations fixes ou mobiles, la Silent 9300 est parfaite pour les centres de conf\u00e9rence, les soci\u00e9t\u00e9s de location et les \u00e9v\u00e9nements en direct. La cabine est conforme aux normes ISO 4043, ce qui garantit une isolation acoustique de premier ordre pour les services d&rsquo;interpr\u00e9tation professionnels. <\/p>\n<h3 data-start=\"1011\" data-end=\"1312\">Caract\u00e9ristiques principales<\/h3>\n<ul>\n<li data-start=\"1345\" data-end=\"1436\"><strong data-start=\"1347\" data-end=\"1369\">Conforme \u00e0 la norme ISO 4043<\/strong> &#8211; Isolation acoustique sup\u00e9rieure pour une interpr\u00e9tation professionnelle.<\/li>\n<li data-start=\"1437\" data-end=\"1527\"><strong data-start=\"1439\" data-end=\"1461\">Installation rapide et facile<\/strong> &#8211; Assemblage par une seule personne \u00e0 l&rsquo;aide de m\u00e9canismes de verrouillage sp\u00e9ciaux.<\/li>\n<li data-start=\"1528\" data-end=\"1613\"><strong data-start=\"1530\" data-end=\"1552\">Flexible et modulaire<\/strong> &#8211; Panneaux interchangeables et positionnement adaptable des portes.<\/li>\n<li data-start=\"1614\" data-end=\"1701\"><strong data-start=\"1616\" data-end=\"1640\">Construction de qualit\u00e9 sup\u00e9rieure<\/strong> &#8211; Surface r\u00e9sistante aux rayures et cadre en aluminium anodis\u00e9.<\/li>\n<li data-start=\"1702\" data-end=\"1795\"><strong data-start=\"1704\" data-end=\"1730\">Spacieux et confortable<\/strong> &#8211; Con\u00e7u pour deux interpr\u00e8tes avec une table int\u00e9gr\u00e9e.<\/li>\n<li data-start=\"1796\" data-end=\"1894\"><strong data-start=\"1798\" data-end=\"1822\">Ventilation<\/strong> &#8211; Unit\u00e9s de ventilation amovibles (170 mm).<\/li>\n<\/ul>\n","protected":false},"excerpt":{"rendered":"<p>La cabine d&rsquo;interpr\u00e9tation Audipack Silent 9300 est une cabine de haute qualit\u00e9, conforme \u00e0 la norme ISO 4043, con\u00e7ue pour l&rsquo;interpr\u00e9tation professionnelle. Elle offre une isolation acoustique exceptionnelle, une conception modulaire et une installation rapide, ce qui la rend id\u00e9ale pour les conf\u00e9rences et les \u00e9v\u00e9nements multilingues. <\/p>\n<p><em>Un suppl\u00e9ment peut \u00eatre demand\u00e9 pour la location de cabines d\u2019interpr\u00e9tation vides.<\/em><\/p>\n","protected":false},"featured_media":8975,"template":"","meta":{"_seopress_robots_primary_cat":"85","_seopress_titles_title":"%%title%% %%page%%","_seopress_titles_desc":"La cabine d'interpr\u00e9tation Audipack Silent 9300 offre isolation acoustique conforme \u00e0 la norme ISO 4043, conception modulaire et installation rapide. Cliquez pour la location chez duvall ","_seopress_robots_index":"","_et_pb_use_builder":"","_et_pb_old_content":"","_et_gb_content_width":""},"product_brand":[168],"product_cat":[137],"product_tag":[],"magma_product_family":[],"class_list":{"0":"post-8977","1":"product","2":"type-product","3":"status-publish","4":"has-post-thumbnail","6":"product_brand-audipack","7":"product_cat-interpretation","8":"magma_scope-multilingual-meetings-events-fr","10":"first","11":"instock","12":"shipping-taxable","13":"purchasable","14":"product-type-simple"},"_links":{"self":[{"href":"https:\/\/duvall.be\/fr\/wp-json\/wp\/v2\/product\/8977","targetHints":{"allow":["GET"]}}],"collection":[{"href":"https:\/\/duvall.be\/fr\/wp-json\/wp\/v2\/product"}],"about":[{"href":"https:\/\/duvall.be\/fr\/wp-json\/wp\/v2\/types\/product"}],"wp:featuredmedia":[{"embeddable":true,"href":"https:\/\/duvall.be\/fr\/wp-json\/wp\/v2\/media\/8975"}],"wp:attachment":[{"href":"https:\/\/duvall.be\/fr\/wp-json\/wp\/v2\/media?parent=8977"}],"wp:term":[{"taxonomy":"product_brand","embeddable":true,"href":"https:\/\/duvall.be\/fr\/wp-json\/wp\/v2\/product_brand?post=8977"},{"taxonomy":"product_cat","embeddable":true,"href":"https:\/\/duvall.be\/fr\/wp-json\/wp\/v2\/product_cat?post=8977"},{"taxonomy":"product_tag","embeddable":true,"href":"https:\/\/duvall.be\/fr\/wp-json\/wp\/v2\/product_tag?post=8977"},{"taxonomy":"magma_product_family","embeddable":true,"href":"https:\/\/duvall.be\/fr\/wp-json\/wp\/v2\/magma_product_family?post=8977"}],"curies":[{"name":"wp","href":"https:\/\/api.w.org\/{rel}","templated":true}]}}