{"id":8877,"date":"2025-03-20T10:24:34","date_gmt":"2025-03-20T10:24:34","guid":{"rendered":"https:\/\/duvall.be\/product\/televic-confidea-flex-g4-wap-caisse-incl-10-charge\/"},"modified":"2025-11-21T14:05:04","modified_gmt":"2025-11-21T14:05:04","slug":"televic-confidea-flex-g4-wap-caisse-incl-10-charge","status":"publish","type":"product","link":"https:\/\/duvall.be\/fr\/produit\/televic-confidea-flex-g4-wap-caisse-incl-10-charge\/","title":{"rendered":"Televic Confidea Flex G4 | Caisse WAP Dante &amp; 1 Plateau de charge"},"content":{"rendered":"<p data-start=\"422\" data-end=\"620\">La caisse WAP Confidea Flex G4 de Televic est con\u00e7u pour la gestion des conf\u00e9rences sans fil et le chargement des batteries, offrant une installation robuste et s\u00e9curis\u00e9e pour les environnements de r\u00e9union professionnels.<\/p>\n<ul data-start=\"622\" data-end=\"1205\">\n<li data-start=\"622\" data-end=\"982\"><strong>Confidea WAP G4 avec Dante<\/strong>: un point d&rsquo;acc\u00e8s sans fil compact mais puissant, qui constitue le c\u0153ur du syst\u00e8me de conf\u00e9rence sans fil Confidea G4. Il assure une communication s\u00e9curis\u00e9e et sans interf\u00e9rence, s&rsquo;int\u00e8gre aux syst\u00e8mes audio compatibles Dante et prend en charge des fonctions avanc\u00e9es de gestion de r\u00e9union gr\u00e2ce au logiciel Web int\u00e9gr\u00e9. <\/li>\n<li data-start=\"983\" data-end=\"1205\"><strong>Confidea CHT G4 Charging Tray<\/strong>: Station de charge montable en rack capable de charger jusqu&rsquo;\u00e0 10 batteries simultan\u00e9ment. Elle offre des capacit\u00e9s de charge rapide, une surveillance intelligente et une gestion bas\u00e9e sur le web. <\/li>\n<\/ul>\n<h3 data-start=\"1207\" data-end=\"1231\">Caract\u00e9ristiques principales<\/h3>\n<p data-start=\"1233\" data-end=\"1272\"><strong data-start=\"1239\" data-end=\"1270\">Confidea WAP G4 avec Dante<\/strong><\/p>\n<ul data-start=\"1273\" data-end=\"1958\">\n<li data-start=\"1273\" data-end=\"1395\"><strong data-start=\"1275\" data-end=\"1327\">Gestion s\u00e9curis\u00e9e et fiable des conf\u00e9rences sans fil<\/strong> &#8211; Gestion automatique des canaux et pr\u00e9vention des interf\u00e9rences<\/li>\n<li data-start=\"1396\" data-end=\"1486\"><strong data-start=\"1398\" data-end=\"1414\">Alimentation PoE+<\/strong> &#8211; Prise en charge de l&rsquo;alimentation par Ethernet (PoE+) ou d&rsquo;une source d&rsquo;alimentation externe<\/li>\n<li data-start=\"1487\" data-end=\"1578\"><strong data-start=\"1489\" data-end=\"1520\">Logiciel Web int\u00e9gr\u00e9<\/strong> &#8211; Installation, configuration et surveillance \u00e0 l&rsquo;aide d&rsquo;un assistant<\/li>\n<li data-start=\"1579\" data-end=\"1684\"><strong data-start=\"1581\" data-end=\"1614\">Audio et connectivit\u00e9 avanc\u00e9s<\/strong> &#8211; Dante (8&#215;8 canaux), entr\u00e9e\/sortie analogique, USB et LAN<\/li>\n<li data-start=\"1685\" data-end=\"1797\"><strong data-start=\"1687\" data-end=\"1718\">Fonctions de gestion des r\u00e9unions<\/strong> &#8211; Prise en charge de la mod\u00e9ration, du vote, de l&rsquo;identification des participants et de l&rsquo;\u00e9tablissement de rapports<\/li>\n<li data-start=\"1798\" data-end=\"1868\"><strong data-start=\"1800\" data-end=\"1826\">Capacit\u00e9s d&rsquo;enregistrement<\/strong> &#8211; Options de stockage interne et externe<\/li>\n<li data-start=\"1869\" data-end=\"1958\"><strong data-start=\"1871\" data-end=\"1898\">Int\u00e9gration avec des tiers<\/strong> &#8211; Compatible avec Zoom, Teams et les syst\u00e8mes de contr\u00f4le AV<\/li>\n<\/ul>\n<p data-start=\"1960\" data-end=\"2002\"><strong>Confidea CHT G4 Charging Tray<\/strong><\/p>\n<ul data-start=\"2003\" data-end=\"2348\">\n<li data-start=\"2003\" data-end=\"2098\"><strong data-start=\"2005\" data-end=\"2050\">Charge jusqu&rsquo;\u00e0 10 batteries simultan\u00e9ment<\/strong> &#8211; Id\u00e9al pour les conf\u00e9rences \u00e0 forte demande.<\/li>\n<li data-start=\"2099\" data-end=\"2185\"><strong data-start=\"2101\" data-end=\"2128\">Technologie de charge rapide<\/strong> &#8211; charge de 50 % en 45 minutes, charge compl\u00e8te en 2 heures<\/li>\n<li data-start=\"2186\" data-end=\"2274\"><strong data-start=\"2188\" data-end=\"2216\">Surveillance intelligente de la batterie<\/strong> &#8211; Emp\u00eache la surcharge et prolonge la dur\u00e9e de vie de la batterie<\/li>\n<li data-start=\"2275\" data-end=\"2348\"><strong data-start=\"2277\" data-end=\"2310\">Conception compacte et peu encombrante<\/strong> &#8211; Format rackable 1U<\/li>\n<\/ul>\n<p data-start=\"2350\" data-end=\"2530\">L&rsquo;\u00e9tui WAP Televic Confidea Flex G4 est indispensable pour les installations professionnelles de conf\u00e9rence sans fil. Il assure une gestion transparente du syst\u00e8me et un chargement efficace de la batterie.<\/p>\n","protected":false},"excerpt":{"rendered":"<p>La caisse Confidea Flex G4 WAP de Televic comprend 1 Confidea WAP G4 avec Dante et 1 plateau de charge Confidea CHT G4. Cette solution compacte et efficace permet de g\u00e9rer un syst\u00e8me de conf\u00e9rence sans fil et de recharger jusqu&rsquo;\u00e0 10 batteries.  Les batteries ne sont pas incluses.<\/p>\n","protected":false},"featured_media":9375,"template":"","meta":{"_seopress_robots_primary_cat":"0","_seopress_titles_title":"Televic Confidea Flex - WAP avec Dante et plateau de chargement \u00e0 10 emplacements","_seopress_titles_desc":"La caisse Confidea Flex G4 WAP de Televic comprend 1 Confidea WAP G4 avec Dante et 1 plateau de charge Confidea CHT G4, pour la gestion et la charge des conf\u00e9rences sans fil.","_seopress_robots_index":"","_et_pb_use_builder":"","_et_pb_old_content":"","_et_gb_content_width":""},"product_brand":[149],"product_cat":[201,202],"product_tag":[],"magma_product_family":[],"class_list":{"0":"post-8877","1":"product","2":"type-product","3":"status-publish","4":"has-post-thumbnail","6":"product_brand-televic-fr","7":"product_cat-batteries-et-chargeurs","8":"product_cat-unites-centrales-et-wap","9":"magma_scope-conference-av-technology-fr","11":"first","12":"instock","13":"shipping-taxable","14":"purchasable","15":"product-type-simple"},"_links":{"self":[{"href":"https:\/\/duvall.be\/fr\/wp-json\/wp\/v2\/product\/8877","targetHints":{"allow":["GET"]}}],"collection":[{"href":"https:\/\/duvall.be\/fr\/wp-json\/wp\/v2\/product"}],"about":[{"href":"https:\/\/duvall.be\/fr\/wp-json\/wp\/v2\/types\/product"}],"wp:featuredmedia":[{"embeddable":true,"href":"https:\/\/duvall.be\/fr\/wp-json\/wp\/v2\/media\/9375"}],"wp:attachment":[{"href":"https:\/\/duvall.be\/fr\/wp-json\/wp\/v2\/media?parent=8877"}],"wp:term":[{"taxonomy":"product_brand","embeddable":true,"href":"https:\/\/duvall.be\/fr\/wp-json\/wp\/v2\/product_brand?post=8877"},{"taxonomy":"product_cat","embeddable":true,"href":"https:\/\/duvall.be\/fr\/wp-json\/wp\/v2\/product_cat?post=8877"},{"taxonomy":"product_tag","embeddable":true,"href":"https:\/\/duvall.be\/fr\/wp-json\/wp\/v2\/product_tag?post=8877"},{"taxonomy":"magma_product_family","embeddable":true,"href":"https:\/\/duvall.be\/fr\/wp-json\/wp\/v2\/magma_product_family?post=8877"}],"curies":[{"name":"wp","href":"https:\/\/api.w.org\/{rel}","templated":true}]}}