{"id":8867,"date":"2025-03-20T09:59:32","date_gmt":"2025-03-20T09:59:32","guid":{"rendered":"https:\/\/duvall.be\/product\/televic-confidea-flex-g4-10-conference-microphones-incl-10-batteries\/"},"modified":"2025-11-21T14:05:04","modified_gmt":"2025-11-21T14:05:04","slug":"televic-confidea-flex-g4-10-conference-microphones-incl-10-batteries","status":"publish","type":"product","link":"https:\/\/duvall.be\/fr\/produit\/televic-confidea-flex-g4-10-conference-microphones-incl-10-batteries\/","title":{"rendered":"Televic Confidea Flex G4 Wireless Case | 10 Postes"},"content":{"rendered":"<p data-start=\"522\" data-end=\"861\">La caisse Confidea Flex G4 de Televic est un syst\u00e8me de conf\u00e9rence sans fil complet con\u00e7u pour la flexibilit\u00e9, la facilit\u00e9 d&rsquo;utilisation et un son de haute qualit\u00e9. Il comprend 10 unit\u00e9s Confidea Flex G4 et 10 batteries rechargeables Confidea BP G4, ce qui en fait une solution enti\u00e8rement portable pour les installations de conf\u00e9rence fixes et mobiles. <\/p>\n<p data-start=\"863\" data-end=\"1294\">Chaque unit\u00e9 Confidea Flex G4 est dot\u00e9e d&rsquo;un \u00e9cran tactile de 5,2 pouces et d&rsquo;une interface intuitive qui prend en charge de multiples fonctionnalit\u00e9s, notamment la pr\u00e9sidence, la d\u00e9l\u00e9gation, le double usage, le vote et l&rsquo;interpr\u00e9tation. Avec un design \u00e9l\u00e9gant et un retour haptique avanc\u00e9, il assure une interaction transparente pour tous les participants. Le syst\u00e8me comprend \u00e9galement une connectivit\u00e9 aliment\u00e9e par Plixus, garantissant une communication stable et sans interf\u00e9rences.  <\/p>\n<h3 data-start=\"1296\" data-end=\"1320\">Caract\u00e9ristiques principales<\/h3>\n<ul data-start=\"1321\" data-end=\"2106\">\n<li data-start=\"1321\" data-end=\"1404\">10 <strong data-start=\"1323\" data-end=\"1361\">microphones de conf\u00e9rence sans fil<\/strong> &#8211; Comprend 10 unit\u00e9s Confidea Flex G4<\/li>\n<li data-start=\"1405\" data-end=\"1507\"><strong data-start=\"1407\" data-end=\"1437\">Fonctionnalit\u00e9 personnalisable<\/strong> &#8211; Les unit\u00e9s peuvent \u00eatre configur\u00e9es en tant que pr\u00e9sident, d\u00e9l\u00e9gu\u00e9 ou double usage.<\/li>\n<li data-start=\"1508\" data-end=\"1615\"><strong data-start=\"1510\" data-end=\"1538\">\u00c9cran tactile de 5,2 pouces<\/strong> &#8211; Permet de mettre \u00e0 jour l&rsquo;ordre du jour, de voter, de chronom\u00e9trer les discours et de contr\u00f4ler les r\u00e9unions.<\/li>\n<li data-start=\"1616\" data-end=\"1710\"><strong data-start=\"1618\" data-end=\"1648\">Performances audio sup\u00e9rieures<\/strong> &#8211; Son de haute qualit\u00e9 avec pr\u00e9vention automatique de l&rsquo;effet Larsen<\/li>\n<li data-start=\"1711\" data-end=\"1824\"><strong data-start=\"1713\" data-end=\"1745\">Batteries rechargeables intelligentes<\/strong> &#8211; 10 batteries Confidea BP G4 avec une autonomie de 12 heures et une charge rapide<\/li>\n<li data-start=\"1825\" data-end=\"1910\"><strong data-start=\"1827\" data-end=\"1845\">Plixus-Powered<\/strong> &#8211; Connectivit\u00e9 sans fil stable avec redondance en guirlande<\/li>\n<li data-start=\"1911\" data-end=\"2012\"><strong data-start=\"1913\" data-end=\"1937\">Interaction avanc\u00e9e<\/strong> &#8211; Inclut le vote, la connexion NFC, le contr\u00f4le de l&rsquo;agenda et la s\u00e9lection de la langue.<\/li>\n<li data-start=\"2013\" data-end=\"2106\"><strong data-start=\"2015\" data-end=\"2036\">Portable et s\u00e9curis\u00e9<\/strong> &#8211; Livr\u00e9 dans une caisse de transport durable pour une installation et une mobilit\u00e9 ais\u00e9es<\/li>\n<\/ul>\n<p data-start=\"2108\" data-end=\"2301\">La caisse Televic Confidea Flex G4 est la solution id\u00e9ale pour les environnements de conf\u00e9rence professionnels et tr\u00e8s sollicit\u00e9s. Il garantit une communication sans faille, la fiabilit\u00e9 et la facilit\u00e9 d&rsquo;utilisation.<\/p>\n","protected":false},"excerpt":{"rendered":"<p>La caisse Televic Confidea Flex G4 comprend 10 microphones de conf\u00e9rence sans fil avec 10 batteries rechargeables pour une exp\u00e9rience de conf\u00e9rence polyvalente, de haute qualit\u00e9 et conviviale. Dot\u00e9 d&rsquo;un \u00e9cran tactile de 5,2 pouces, de fonctionnalit\u00e9s personnalisables et d&rsquo;une fiabilit\u00e9 aliment\u00e9e par Plixus, ce syst\u00e8me est id\u00e9al pour les r\u00e9unions dynamiques et professionnelles. <\/p>\n","protected":false},"featured_media":9366,"template":"","meta":{"_seopress_robots_primary_cat":"0","_seopress_titles_title":"Televic Confidea Flex G4 - 10 microphones de conf\u00e9rence et batteries","_seopress_titles_desc":"La caisse Televic Confidea Flex G4 comprend 10 microphones sans fil et 10 batteries rechargeables, offrant un son de haute qualit\u00e9 et un \u00e9cran tactile fonctionnel.","_seopress_robots_index":"","_et_pb_use_builder":"","_et_pb_old_content":"","_et_gb_content_width":""},"product_brand":[149],"product_cat":[205],"product_tag":[265],"magma_product_family":[],"class_list":{"0":"post-8867","1":"product","2":"type-product","3":"status-publish","4":"has-post-thumbnail","6":"product_brand-televic-fr","7":"product_cat-microphones-fr","8":"product_tag-sans-fil","9":"magma_scope-conference-av-technology-fr","11":"first","12":"instock","13":"featured","14":"shipping-taxable","15":"purchasable","16":"product-type-simple"},"_links":{"self":[{"href":"https:\/\/duvall.be\/fr\/wp-json\/wp\/v2\/product\/8867","targetHints":{"allow":["GET"]}}],"collection":[{"href":"https:\/\/duvall.be\/fr\/wp-json\/wp\/v2\/product"}],"about":[{"href":"https:\/\/duvall.be\/fr\/wp-json\/wp\/v2\/types\/product"}],"wp:featuredmedia":[{"embeddable":true,"href":"https:\/\/duvall.be\/fr\/wp-json\/wp\/v2\/media\/9366"}],"wp:attachment":[{"href":"https:\/\/duvall.be\/fr\/wp-json\/wp\/v2\/media?parent=8867"}],"wp:term":[{"taxonomy":"product_brand","embeddable":true,"href":"https:\/\/duvall.be\/fr\/wp-json\/wp\/v2\/product_brand?post=8867"},{"taxonomy":"product_cat","embeddable":true,"href":"https:\/\/duvall.be\/fr\/wp-json\/wp\/v2\/product_cat?post=8867"},{"taxonomy":"product_tag","embeddable":true,"href":"https:\/\/duvall.be\/fr\/wp-json\/wp\/v2\/product_tag?post=8867"},{"taxonomy":"magma_product_family","embeddable":true,"href":"https:\/\/duvall.be\/fr\/wp-json\/wp\/v2\/magma_product_family?post=8867"}],"curies":[{"name":"wp","href":"https:\/\/api.w.org\/{rel}","templated":true}]}}