{"id":8843,"date":"2025-03-24T11:19:07","date_gmt":"2025-03-24T11:19:07","guid":{"rendered":"https:\/\/duvall.be\/?post_type=product&#038;p=8843"},"modified":"2025-11-21T14:05:00","modified_gmt":"2025-11-21T14:05:00","slug":"televic-lingua-radiator-set-de-2","status":"publish","type":"product","link":"https:\/\/duvall.be\/fr\/produit\/televic-lingua-radiator-set-de-2\/","title":{"rendered":"Televic Lingua Radiator | Set de 2"},"content":{"rendered":"<p data-start=\"443\" data-end=\"764\">Le set de radiateurs Lingua de Televic est une solution de transmission infrarouge haute performance pour les salles de conf\u00e9rence, con\u00e7ue pour distribuer le son interpr\u00e9t\u00e9 aux d\u00e9l\u00e9gu\u00e9s sans interf\u00e9rence. Ce kit comprend deux radiateurs Lingua RAD, offrant une couverture fiable et cristalline et une installation facile. <\/p>\n<p data-start=\"766\" data-end=\"1081\">Avec son design compact et l\u00e9ger, le Lingua RAD est parfait pour les installations rapides et mobiles. Il assure une compensation automatique de la ligne de retard, \u00e9liminant la perte de signal ou les zones mortes, m\u00eame dans les grandes installations \u00e0 plusieurs radiateurs. La fixation VESA 100 offre des options d&rsquo;installation flexibles pour diff\u00e9rents lieux.  <\/p>\n<h3><strong data-start=\"1088\" data-end=\"1105\">Caract\u00e9ristiques principales<\/strong><\/h3>\n<ul data-start=\"1108\" data-end=\"1682\">\n<li data-start=\"1108\" data-end=\"1193\"><strong data-start=\"1110\" data-end=\"1127\">Large couverture<\/strong> &#8211; Couvre jusqu&rsquo;\u00e0 2400 m\u00b2 avec une seule porteuse et 4 canaux<\/li>\n<li data-start=\"1194\" data-end=\"1301\"><strong data-start=\"1196\" data-end=\"1223\">Audio sans interf\u00e9rence<\/strong> &#8211; \u00e9met entre 2 et 10 MHz, \u00e0 l&rsquo;abri des interf\u00e9rences de l&rsquo;\u00e9clairage \u00e0 haute fr\u00e9quence<\/li>\n<li data-start=\"1302\" data-end=\"1408\"><strong data-start=\"1304\" data-end=\"1341\">Compensation automatique de la ligne de retard<\/strong> &#8211; \u00c9limine la perte de signal et les zones mortes dans les installations \u00e0 plusieurs radiateurs.<\/li>\n<li data-start=\"1409\" data-end=\"1506\"><strong data-start=\"1411\" data-end=\"1438\">Efficacit\u00e9 \u00e9nerg\u00e9tique intelligente<\/strong> &#8211; Mode veille automatique et r\u00e9glages de puissance ajustables pour les petites pi\u00e8ces<\/li>\n<li data-start=\"1507\" data-end=\"1596\"><strong data-start=\"1509\" data-end=\"1534\">Installation flexible<\/strong> &#8211; Montage VESA 100 et anneau de s\u00e9curit\u00e9 pour un montage s\u00fbr<\/li>\n<li data-start=\"1597\" data-end=\"1682\"><strong data-start=\"1599\" data-end=\"1623\">Int\u00e9gration transparente<\/strong> &#8211; conforme aux normes IEC 61603-7 et IEC 60914<\/li>\n<\/ul>\n<p data-start=\"1684\" data-end=\"1873\">Id\u00e9al pour les salles de conf\u00e9rence, les r\u00e9unions multilingues et les grands espaces \u00e9v\u00e9nementiels, le set de radiateurs Televic Lingua assure une distribution audio sans faille pour les interpr\u00e8tes et les d\u00e9l\u00e9gu\u00e9s.<\/p>\n","protected":false},"excerpt":{"rendered":"<p>Le set de radiateurs Lingua de Televic comprend deux radiateurs Lingua RAD haute puissance (25W), con\u00e7us pour une transmission audio infrarouge d&rsquo;une clart\u00e9 cristalline dans les salles de conf\u00e9rence. Dot\u00e9 d&rsquo;une compensation automatique de la ligne de retard, d&rsquo;un mode veille \u00e9conome en \u00e9nergie et d&rsquo;une large couverture, il garantit une communication multilingue sans faille. <\/p>\n","protected":false},"featured_media":8841,"template":"","meta":{"_seopress_robots_primary_cat":"0","_seopress_titles_title":"Televic Lingua Radiateur Set de 2 - Audio infrarouge, large couverture","_seopress_titles_desc":"Le Set de radiateurs Televic Lingua (2x Lingua RAD) fournit un son infrarouge clair et sans interf\u00e9rence avec une compensation automatique de la ligne de retard.","_seopress_robots_index":"","_et_pb_use_builder":"","_et_pb_old_content":"","_et_gb_content_width":""},"product_brand":[149],"product_cat":[198],"product_tag":[],"magma_product_family":[290],"class_list":{"0":"post-8843","1":"product","2":"type-product","3":"status-publish","4":"has-post-thumbnail","6":"product_brand-televic","7":"product_cat-radiateurs","8":"magma_scope-multilingual-meetings-events-fr","9":"magma_product_family-televic-lingua","11":"first","12":"instock","13":"shipping-taxable","14":"purchasable","15":"product-type-simple"},"_links":{"self":[{"href":"https:\/\/duvall.be\/fr\/wp-json\/wp\/v2\/product\/8843","targetHints":{"allow":["GET"]}}],"collection":[{"href":"https:\/\/duvall.be\/fr\/wp-json\/wp\/v2\/product"}],"about":[{"href":"https:\/\/duvall.be\/fr\/wp-json\/wp\/v2\/types\/product"}],"wp:featuredmedia":[{"embeddable":true,"href":"https:\/\/duvall.be\/fr\/wp-json\/wp\/v2\/media\/8841"}],"wp:attachment":[{"href":"https:\/\/duvall.be\/fr\/wp-json\/wp\/v2\/media?parent=8843"}],"wp:term":[{"taxonomy":"product_brand","embeddable":true,"href":"https:\/\/duvall.be\/fr\/wp-json\/wp\/v2\/product_brand?post=8843"},{"taxonomy":"product_cat","embeddable":true,"href":"https:\/\/duvall.be\/fr\/wp-json\/wp\/v2\/product_cat?post=8843"},{"taxonomy":"product_tag","embeddable":true,"href":"https:\/\/duvall.be\/fr\/wp-json\/wp\/v2\/product_tag?post=8843"},{"taxonomy":"magma_product_family","embeddable":true,"href":"https:\/\/duvall.be\/fr\/wp-json\/wp\/v2\/magma_product_family?post=8843"}],"curies":[{"name":"wp","href":"https:\/\/api.w.org\/{rel}","templated":true}]}}