{"id":8717,"date":"2025-03-13T15:55:54","date_gmt":"2025-03-13T15:55:54","guid":{"rendered":"https:\/\/duvall.be\/product\/televic-confidea-flex-cht-g4-plateau-charge-10-batteries\/"},"modified":"2025-11-21T14:05:05","modified_gmt":"2025-11-21T14:05:05","slug":"televic-confidea-flex-cht-g4-dual-charging-tray-for-20-batteries","status":"publish","type":"product","link":"https:\/\/duvall.be\/fr\/produit\/televic-confidea-flex-cht-g4-dual-charging-tray-for-20-batteries\/","title":{"rendered":"Televic Confidea Flex CHT G4 | Double plateau de charge pour 20 batteries"},"content":{"rendered":"<p data-start=\"94\" data-end=\"326\">Le Confidea CHT G4 est un plateau de charge mont\u00e9 en rack con\u00e7u pour charger jusqu&rsquo;\u00e0 10 batteries simultan\u00e9ment. Cet ensemble contient 2 CHT G4 pour un total de 20 emplacements de batterie.<\/p>\n<p data-start=\"328\" data-end=\"657\">Con\u00e7u pour \u00eatre efficace, le Confidea CHT G4 charge compl\u00e8tement les batteries en seulement deux heures. En seulement 45 minutes, les batteries atteignent 50 % de charge, ce qui est suffisant pour six heures de fonctionnement dans les unit\u00e9s Confidea FLEX G4 utilisant une seule batterie. La technologie de surveillance intelligente garantit que le fait de laisser les batteries dans le chargeur ne d\u00e9grade pas leur dur\u00e9e de vie.  <\/p>\n<p data-start=\"659\" data-end=\"796\">Une connexion LAN int\u00e9gr\u00e9e permet un acc\u00e8s \u00e0 distance via une interface web, ce qui facilite les mises \u00e0 jour du micrologiciel et la surveillance de la batterie en temps r\u00e9el.<\/p>\n<h3 data-start=\"798\" data-end=\"817\">Caract\u00e9ristiques principales<\/h3>\n<ul data-start=\"819\" data-end=\"1373\">\n<li data-start=\"819\" data-end=\"908\"><strong data-start=\"821\" data-end=\"845\">Conception peu encombrante : la<\/strong> taille 1U montable en rack s&rsquo;int\u00e8gre parfaitement dans les racks d&rsquo;\u00e9quipement.<\/li>\n<li data-start=\"909\" data-end=\"1001\"><strong data-start=\"911\" data-end=\"929\">Chargement rapide :<\/strong> Recharge compl\u00e8tement les batteries en 2 heures ou atteint 50 % en seulement 45 minutes.<\/li>\n<li data-start=\"1002\" data-end=\"1083\"><strong data-start=\"1004\" data-end=\"1033\">Gestion intelligente de la batterie :<\/strong> Surveille l&rsquo;\u00e9tat de la batterie pour \u00e9viter sa d\u00e9gradation.<\/li>\n<li data-start=\"1084\" data-end=\"1188\"><strong data-start=\"1086\" data-end=\"1116\">Capacit\u00e9 de 20 piles :<\/strong> Charge jusqu&rsquo;\u00e0 20 piles simultan\u00e9ment avec des indicateurs d&rsquo;\u00e9tat LED.<\/li>\n<li data-start=\"1189\" data-end=\"1281\"><strong data-start=\"1191\" data-end=\"1212\">Connectivit\u00e9 LAN :<\/strong> Interface web int\u00e9gr\u00e9e pour la surveillance \u00e0 distance et les mises \u00e0 jour du micrologiciel.<\/li>\n<li data-start=\"1282\" data-end=\"1373\"><strong data-start=\"1284\" data-end=\"1311\">Alimentation universelle :<\/strong> L&rsquo;alimentation automatique s&rsquo;adapte aux diff\u00e9rentes sources d&rsquo;alimentation.<\/li>\n<\/ul>\n<p data-start=\"1375\" data-end=\"1516\">Le Confidea CHT G4 est une solution de charge id\u00e9ale pour les environnements de conf\u00e9rence qui n\u00e9cessitent une rotation rapide et une gestion efficace de l&rsquo;\u00e9nergie.<\/p>\n<p data-start=\"1375\" data-end=\"1516\"><strong>Les piles ne sont pas incluses<\/strong><\/p>\n","protected":false},"excerpt":{"rendered":"<p>Le Confidea CHT G4 est un plateau de charge mont\u00e9 en rack pouvant accueillir jusqu&rsquo;\u00e0 10 batteries. Ce kit contient 2 CHT G4 pour un total de 20 emplacements de batterie. Il offre une charge rapide, une surveillance intelligente et une interface web pour une gestion facile.  <\/p>\n<p><strong>Les batteries ne sont pas incluses.<\/strong><\/p>\n","protected":false},"featured_media":9378,"template":"","meta":{"_seopress_robots_primary_cat":"0","_seopress_titles_title":"Televic Confidea Flex CHT G4 | Double plateau de charge pour 20 batteries","_seopress_titles_desc":"Le kit Confidea CHT G4 contient des plateaux de charge pouvant accueillir jusqu&#039;\u00e0 20 batteries. Il offre une charge rapide, une surveillance intelligente et un acc\u00e8s \u00e0 distance via une interface web.","_seopress_robots_index":"","_et_pb_use_builder":"","_et_pb_old_content":"","_et_gb_content_width":""},"product_brand":[149],"product_cat":[201],"product_tag":[],"magma_product_family":[],"class_list":{"0":"post-8717","1":"product","2":"type-product","3":"status-publish","4":"has-post-thumbnail","6":"product_brand-televic-fr","7":"product_cat-batteries-et-chargeurs","8":"magma_scope-conference-av-technology-fr","10":"first","11":"instock","12":"shipping-taxable","13":"purchasable","14":"product-type-simple"},"_links":{"self":[{"href":"https:\/\/duvall.be\/fr\/wp-json\/wp\/v2\/product\/8717","targetHints":{"allow":["GET"]}}],"collection":[{"href":"https:\/\/duvall.be\/fr\/wp-json\/wp\/v2\/product"}],"about":[{"href":"https:\/\/duvall.be\/fr\/wp-json\/wp\/v2\/types\/product"}],"wp:featuredmedia":[{"embeddable":true,"href":"https:\/\/duvall.be\/fr\/wp-json\/wp\/v2\/media\/9378"}],"wp:attachment":[{"href":"https:\/\/duvall.be\/fr\/wp-json\/wp\/v2\/media?parent=8717"}],"wp:term":[{"taxonomy":"product_brand","embeddable":true,"href":"https:\/\/duvall.be\/fr\/wp-json\/wp\/v2\/product_brand?post=8717"},{"taxonomy":"product_cat","embeddable":true,"href":"https:\/\/duvall.be\/fr\/wp-json\/wp\/v2\/product_cat?post=8717"},{"taxonomy":"product_tag","embeddable":true,"href":"https:\/\/duvall.be\/fr\/wp-json\/wp\/v2\/product_tag?post=8717"},{"taxonomy":"magma_product_family","embeddable":true,"href":"https:\/\/duvall.be\/fr\/wp-json\/wp\/v2\/magma_product_family?post=8717"}],"curies":[{"name":"wp","href":"https:\/\/api.w.org\/{rel}","templated":true}]}}