{"id":8705,"date":"2025-03-13T14:45:37","date_gmt":"2025-03-13T14:45:37","guid":{"rendered":"https:\/\/duvall.be\/product\/cabine-interpretation-congress-move\/"},"modified":"2025-11-21T14:05:05","modified_gmt":"2025-11-21T14:05:05","slug":"cabine-interpretation-congress-move","status":"publish","type":"product","link":"https:\/\/duvall.be\/fr\/produit\/cabine-interpretation-congress-move\/","title":{"rendered":"MCI Congress Move Cabine d&rsquo;interpr\u00e9tation"},"content":{"rendered":"<p data-start=\"232\" data-end=\"630\">La Congress Move est une cabine mobile modulaire haut de gamme con\u00e7ue pour l&rsquo;interpr\u00e9tation simultan\u00e9e. Elle offre d&rsquo;excellentes performances acoustiques, un montage rapide et une mobilit\u00e9 sup\u00e9rieure, ce qui la rend id\u00e9ale pour les \u00e9v\u00e9nements, les conf\u00e9rences et les lieux dont l&rsquo;accessibilit\u00e9 est limit\u00e9e. Son syst\u00e8me de panneaux modulaires et son m\u00e9canisme de verrouillage QuickLock permettent un transport et une installation faciles dans les ascenseurs, les monte-charges ou les camionnettes.  <\/p>\n<p data-start=\"632\" data-end=\"936\">Cette cabine assure un environnement de travail confortable pour les interpr\u00e8tes. Le syst\u00e8me d&rsquo;extraction d&rsquo;air int\u00e9gr\u00e9 maintient un flux d&rsquo;air continu, tandis que l&rsquo;\u00e9clairage LED am\u00e9liore la visibilit\u00e9. En outre, elle est conforme aux normes ISO-4043-2016 et poss\u00e8de une certification de r\u00e9sistance aux flammes M2, ce qui garantit sa s\u00e9curit\u00e9 et sa durabilit\u00e9.  <\/p>\n<h3 data-start=\"938\" data-end=\"957\">Caract\u00e9ristiques principales<\/h3>\n<ul data-start=\"959\" data-end=\"1658\">\n<li data-start=\"959\" data-end=\"1098\"><strong data-start=\"961\" data-end=\"994\">Assemblage rapide et sans outil :<\/strong> Le syst\u00e8me QuickLock permet une installation rapide sans outils. Une personne peut l&rsquo;assembler en seulement 20 minutes. <\/li>\n<li data-start=\"1099\" data-end=\"1223\"><strong data-start=\"1101\" data-end=\"1131\">Isolation acoustique sup\u00e9rieure :<\/strong> La cabine est conforme aux normes ISO-4043-2016, ce qui garantit un environnement sans distraction.<\/li>\n<li data-start=\"1224\" data-end=\"1328\"><strong data-start=\"1226\" data-end=\"1263\">Conception portable et peu encombrante :<\/strong> Ses panneaux l\u00e9gers s&rsquo;int\u00e8grent facilement dans les espaces de transport compacts.<\/li>\n<li data-start=\"1329\" data-end=\"1438\"><strong data-start=\"1331\" data-end=\"1364\">Flux d&rsquo;air et \u00e9clairage optimis\u00e9s :<\/strong> Deux unit\u00e9s d&rsquo;extraction d&rsquo;air et des lumi\u00e8res LED am\u00e9liorent le confort et la visibilit\u00e9.<\/li>\n<li data-start=\"1439\" data-end=\"1551\"><strong data-start=\"1441\" data-end=\"1485\">Construction durable et r\u00e9sistante au feu :<\/strong> Les mat\u00e9riaux ignifuges (certifi\u00e9s UL-723) renforcent la s\u00e9curit\u00e9.<\/li>\n<li data-start=\"1552\" data-end=\"1658\"><strong data-start=\"1554\" data-end=\"1590\">Transport s\u00fbr et pratique :<\/strong> 2 flight cases de transport \u00e0 oues facilitent la mobilit\u00e9 et le stockage.<\/li>\n<\/ul>\n<p>&nbsp;<\/p>\n","protected":false},"excerpt":{"rendered":"<p>Le Congress Move est une cabine d\u2019interpr\u00e9tation mobile pour deux interpr\u00e8tes, qui se monte rapidement et sans outil, qui est conforme \u00e0 la norme ISO-4043-2016 et qui offre une excellente isolation acoustique.<\/p>\n<p><em>Un suppl\u00e9ment peut \u00eatre demand\u00e9 pour la location de cabines d\u2019interpr\u00e9tation vides.<\/em><\/p>\n","protected":false},"featured_media":8703,"template":"","meta":{"_seopress_robots_primary_cat":"none","_seopress_titles_title":"Congress Move Interpreter Booth | Cabine mobile pour 2 interpr\u00e8tes","_seopress_titles_desc":"La cabine d'interpr\u00e9tation Congress Move est une cabine mobile modulaire pour deux interpr\u00e8tes, conforme \u00e0 la norme ISO-4043-2016. Cliquez ici pour la location \u00e0 sec. ","_seopress_robots_index":"","_et_pb_use_builder":"","_et_pb_old_content":"","_et_gb_content_width":""},"product_brand":[153],"product_cat":[208],"product_tag":[],"magma_product_family":[],"class_list":{"0":"post-8705","1":"product","2":"type-product","3":"status-publish","4":"has-post-thumbnail","6":"product_brand-mci-fr","7":"product_cat-cabines-dinterpretation","8":"magma_scope-multilingual-meetings-events-fr","10":"first","11":"instock","12":"shipping-taxable","13":"purchasable","14":"product-type-simple"},"_links":{"self":[{"href":"https:\/\/duvall.be\/fr\/wp-json\/wp\/v2\/product\/8705","targetHints":{"allow":["GET"]}}],"collection":[{"href":"https:\/\/duvall.be\/fr\/wp-json\/wp\/v2\/product"}],"about":[{"href":"https:\/\/duvall.be\/fr\/wp-json\/wp\/v2\/types\/product"}],"wp:featuredmedia":[{"embeddable":true,"href":"https:\/\/duvall.be\/fr\/wp-json\/wp\/v2\/media\/8703"}],"wp:attachment":[{"href":"https:\/\/duvall.be\/fr\/wp-json\/wp\/v2\/media?parent=8705"}],"wp:term":[{"taxonomy":"product_brand","embeddable":true,"href":"https:\/\/duvall.be\/fr\/wp-json\/wp\/v2\/product_brand?post=8705"},{"taxonomy":"product_cat","embeddable":true,"href":"https:\/\/duvall.be\/fr\/wp-json\/wp\/v2\/product_cat?post=8705"},{"taxonomy":"product_tag","embeddable":true,"href":"https:\/\/duvall.be\/fr\/wp-json\/wp\/v2\/product_tag?post=8705"},{"taxonomy":"magma_product_family","embeddable":true,"href":"https:\/\/duvall.be\/fr\/wp-json\/wp\/v2\/magma_product_family?post=8705"}],"curies":[{"name":"wp","href":"https:\/\/api.w.org\/{rel}","templated":true}]}}