{"id":8675,"date":"2025-03-13T13:24:20","date_gmt":"2025-03-13T13:24:20","guid":{"rendered":"https:\/\/duvall.be\/?post_type=product&#038;p=8675"},"modified":"2025-11-21T14:05:06","modified_gmt":"2025-11-21T14:05:06","slug":"confidea-t-2d2i-double-delegate-interpretation-unit","status":"publish","type":"product","link":"https:\/\/duvall.be\/fr\/produit\/confidea-t-2d2i-double-delegate-interpretation-unit\/","title":{"rendered":"Televic Confidea Wired Delegate Case | 8 T-2D2I Units"},"content":{"rendered":"<p data-start=\"97\" data-end=\"436\">Le Confidea T-2D2I est le poste de conf\u00e9rence, con\u00e7ue pour les discussions avec interpr\u00e9tation simultan\u00e9e. Il peut accueillir deux participants, ce qui leur permet de participer activement tout en \u00e9coutant l&rsquo;orateur dans la langue de leur choix. D&rsquo;un design fin et moderne, l&rsquo;unit\u00e9 garantit une excellente clart\u00e9 audio et un fonctionnement intuitif.  <\/p>\n<p data-start=\"97\" data-end=\"436\">Cette mallette contient 8 unit\u00e9s d\u00e9l\u00e9gu\u00e9es T-2D2I.<\/p>\n<h3 data-start=\"438\" data-end=\"457\">Caract\u00e9ristiques principales<\/h3>\n<ul data-start=\"459\" data-end=\"1425\">\n<li data-start=\"459\" data-end=\"586\"><strong data-start=\"461\" data-end=\"487\">Prise en charge de deux d\u00e9l\u00e9gu\u00e9s :<\/strong> Deux participants peuvent parler, demander \u00e0 parler et \u00e9couter les canaux d&rsquo;interpr\u00e9tation simultan\u00e9ment.<\/li>\n<li data-start=\"587\" data-end=\"807\"><strong data-start=\"589\" data-end=\"628\">S\u00e9lection du canal et contr\u00f4le du volume :<\/strong> Deux \u00e9crans OLED affichent le num\u00e9ro du canal s\u00e9lectionn\u00e9, le nom de la langue (format ISO) et le niveau de volume. Chaque d\u00e9l\u00e9gu\u00e9 dispose d&rsquo;une sortie casque personnelle avec r\u00e9glage ind\u00e9pendant du volume. <\/li>\n<li data-start=\"808\" data-end=\"952\"><strong data-start=\"810\" data-end=\"833\">Audio de haute qualit\u00e9 :<\/strong> Un haut-parleur int\u00e9gr\u00e9 d\u00e9livre un son clair et se met automatiquement en sourdine lorsque le microphone est actif, afin d&rsquo;\u00e9viter tout effet larsen.<\/li>\n<li data-start=\"953\" data-end=\"1145\"><strong data-start=\"955\" data-end=\"984\">Installation facile et rapide :<\/strong> L&rsquo;unit\u00e9 se connecte via un c\u00e2blage r\u00e9seau Plixus\u00ae Cat 5e dans une configuration en guirlande. Les connecteurs RJ45 cach\u00e9s et les encoches pour les c\u00e2bles permettent de s\u00e9curiser et d&rsquo;ordonner le c\u00e2blage. <\/li>\n<li data-start=\"1146\" data-end=\"1282\"><strong data-start=\"1148\" data-end=\"1184\">Communication sans interf\u00e9rence :<\/strong> Le microphone amovible r\u00e9siste aux interf\u00e9rences des t\u00e9l\u00e9phones portables, garantissant ainsi des discussions ininterrompues.<\/li>\n<li data-start=\"1283\" data-end=\"1425\"><strong data-start=\"1285\" data-end=\"1319\">Fonctionnement fiable et flexible :<\/strong> Le r\u00e9seau Plixus\u00ae offre un c\u00e2blage redondant et des options de remplacement \u00e0 chaud pour maximiser la fiabilit\u00e9 du syst\u00e8me.<\/li>\n<\/ul>\n<p>Le Confidea T-2D2I allie style, clart\u00e9 et facilit\u00e9 d&rsquo;utilisation. Ses connexions d&rsquo;entr\u00e9e\/sortie interchangeables et \u00e0 d\u00e9tection automatique permettent une installation simple et rapide, parfaite pour les environnements de r\u00e9union dynamiques. Les participants peuvent laisser leur t\u00e9l\u00e9phone portable allum\u00e9 sans interf\u00e9rence, ce qui garantit des discussions fluides. Soutenu par la technologie Plixus\u00ae, le syst\u00e8me offre une connectivit\u00e9 stable et une grande adaptabilit\u00e9, ce qui en fait un choix id\u00e9al pour les conf\u00e9rences professionnelles.   <\/p>\n","protected":false},"excerpt":{"rendered":"<p>Le Confidea T-2D2I est un poste conf\u00e9rence \u00e0 double usage con\u00e7ue pour l&rsquo;interpr\u00e9tation simultan\u00e9e et les discussions. Il prend en charge deux participants et offre une s\u00e9lection ind\u00e9pendante des canaux, un contr\u00f4le du volume et des microphones sans interf\u00e9rence. L&rsquo;unit\u00e9 garantit un son clair, une installation facile et une connectivit\u00e9 fiable, ce qui la rend id\u00e9ale pour les environnements de conf\u00e9rence professionnels.  <\/p>\n<p>Cette mallette contient 8 unit\u00e9s d\u00e9l\u00e9gu\u00e9es T-2D2I.<\/p>\n","protected":false},"featured_media":9342,"template":"","meta":{"_seopress_robots_primary_cat":"0","_seopress_titles_title":"Confidea T-2D2I | 8x Unit\u00e9 double d\u00e9l\u00e9gu\u00e9e","_seopress_titles_desc":"La mallette Confidea T-2D2I contient 8 unit\u00e9s d\u00e9l\u00e9gu\u00e9es avec s\u00e9lection \u00e0 double canal et microphones sans interf\u00e9rence. Installation rapide et connectivit\u00e9 fiable.","_seopress_robots_index":"","_et_pb_use_builder":"","_et_pb_old_content":"","_et_gb_content_width":""},"product_brand":[149],"product_cat":[205],"product_tag":[268],"magma_product_family":[],"class_list":{"0":"post-8675","1":"product","2":"type-product","3":"status-publish","4":"has-post-thumbnail","6":"product_brand-televic-fr","7":"product_cat-microphones-fr","8":"product_tag-filaire","9":"magma_scope-conference-av-technology-fr","11":"first","12":"instock","13":"shipping-taxable","14":"purchasable","15":"product-type-simple"},"_links":{"self":[{"href":"https:\/\/duvall.be\/fr\/wp-json\/wp\/v2\/product\/8675","targetHints":{"allow":["GET"]}}],"collection":[{"href":"https:\/\/duvall.be\/fr\/wp-json\/wp\/v2\/product"}],"about":[{"href":"https:\/\/duvall.be\/fr\/wp-json\/wp\/v2\/types\/product"}],"wp:featuredmedia":[{"embeddable":true,"href":"https:\/\/duvall.be\/fr\/wp-json\/wp\/v2\/media\/9342"}],"wp:attachment":[{"href":"https:\/\/duvall.be\/fr\/wp-json\/wp\/v2\/media?parent=8675"}],"wp:term":[{"taxonomy":"product_brand","embeddable":true,"href":"https:\/\/duvall.be\/fr\/wp-json\/wp\/v2\/product_brand?post=8675"},{"taxonomy":"product_cat","embeddable":true,"href":"https:\/\/duvall.be\/fr\/wp-json\/wp\/v2\/product_cat?post=8675"},{"taxonomy":"product_tag","embeddable":true,"href":"https:\/\/duvall.be\/fr\/wp-json\/wp\/v2\/product_tag?post=8675"},{"taxonomy":"magma_product_family","embeddable":true,"href":"https:\/\/duvall.be\/fr\/wp-json\/wp\/v2\/magma_product_family?post=8675"}],"curies":[{"name":"wp","href":"https:\/\/api.w.org\/{rel}","templated":true}]}}