{"id":8633,"date":"2025-03-10T10:06:18","date_gmt":"2025-03-10T10:06:18","guid":{"rendered":"https:\/\/duvall.be\/product\/televic-unite-set-20\/"},"modified":"2025-11-21T14:05:06","modified_gmt":"2025-11-21T14:05:06","slug":"televic-unite-set-20","status":"publish","type":"product","link":"https:\/\/duvall.be\/fr\/produit\/televic-unite-set-20\/","title":{"rendered":"Televic Unite Set | 20 participants et 1 orateur"},"content":{"rendered":"<p>Le syst\u00e8me Televic Unite est une solution professionnelle de communication sans fil con\u00e7ue pour les <strong>visites guid\u00e9es<\/strong>, la <strong>pr\u00e9sentation sans fil<\/strong>, l&rsquo;<strong>interpr\u00e9tation et la distribution des langues<\/strong>. Dot\u00e9 d&rsquo;un son num\u00e9rique de haute qualit\u00e9 et d&rsquo;une transmission s\u00e9curis\u00e9e, ce syst\u00e8me permet une communication transparente et sans interf\u00e9rence dans divers environnements. <\/p>\n<h3 data-start=\"708\" data-end=\"737\">Composants du paquet<\/h3>\n<ul data-start=\"738\" data-end=\"1375\">\n<li data-start=\"738\" data-end=\"887\"><strong data-start=\"740\" data-end=\"774\">Televic Unite CC Charging Case<\/strong> &#8211; Une solution de chargement et de stockage durable et portable qui garantit que tous les appareils sont aliment\u00e9s et pr\u00eats \u00e0 l&#8217;emploi.<\/li>\n<li data-start=\"888\" data-end=\"1054\"><strong data-start=\"890\" data-end=\"940\">Emetteur \u00e0 main Televic Unite TH (1 unit\u00e9)<\/strong> &#8211; Microphone \u00e0 main num\u00e9rique avec technologie antibruit et DSP int\u00e9gr\u00e9 pour une clart\u00e9 vocale sup\u00e9rieure.<\/li>\n<li data-start=\"1055\" data-end=\"1235\"><strong data-start=\"1057\" data-end=\"1107\">R\u00e9cepteurs de poche Televic Unite RP (20 unit\u00e9s<\/strong> ) &#8211; R\u00e9cepteurs l\u00e9gers con\u00e7us pour une r\u00e9ception audio claire et s\u00e9curis\u00e9e, garantissant une excellente exp\u00e9rience \u00e0 tous les participants.<\/li>\n<li data-start=\"1236\" data-end=\"1375\"><strong data-start=\"1238\" data-end=\"1268\">Casques d&rsquo;\u00e9coute Alamar (20 unit\u00e9s)<\/strong> &#8211; Casques d&rsquo;\u00e9coute l\u00e9gers et confortables optimis\u00e9s pour une utilisation de longue dur\u00e9e,<\/li>\n<\/ul>\n<h3 data-start=\"1377\" data-end=\"1400\">Caract\u00e9ristiques principales<\/h3>\n<ul data-start=\"1401\" data-end=\"1840\">\n<li data-start=\"1401\" data-end=\"1525\"><strong data-start=\"1403\" data-end=\"1434\">Transmission num\u00e9rique s\u00e9curis\u00e9e<\/strong> &#8211; Fonctionne avec un cryptage AES-256 pour garantir une communication s\u00e9curis\u00e9e et sans interf\u00e9rence.<\/li>\n<li data-start=\"1526\" data-end=\"1631\"><strong data-start=\"1528\" data-end=\"1555\">Fonctionnement convivial<\/strong> &#8211; L&rsquo;appairage automatique et les commandes intuitives facilitent l&rsquo;installation et l&rsquo;utilisation.<\/li>\n<li data-start=\"1632\" data-end=\"1730\"><strong data-start=\"1634\" data-end=\"1655\">Longue dur\u00e9e de vie de la batterie<\/strong> &#8211; Elle offre une dur\u00e9e de fonctionnement prolong\u00e9e, ce qui la rend id\u00e9ale pour les \u00e9v\u00e9nements d&rsquo;une journ\u00e9e enti\u00e8re.<\/li>\n<li data-start=\"1731\" data-end=\"1840\"><strong data-start=\"1733\" data-end=\"1755\">Portable et durable<\/strong> &#8211; L&rsquo;\u00e9tui de chargement robuste prot\u00e8ge tous les composants et permet un transport facile.<\/li>\n<\/ul>\n<h3>Cas d&rsquo;utilisation<\/h3>\n<ul>\n<li><strong>Visites guid\u00e9es &#8211; <\/strong>Utilisez Unite comme syst\u00e8me de guidage pour les visites d&rsquo;usines, de mus\u00e9es ou d&rsquo;installations touristiques.<\/li>\n<li><strong>Pr\u00e9sentation sans fil &#8211; <\/strong>Utilisez le microphone sans fil Unite pour les pr\u00e9sentations, les r\u00e9unions, les conf\u00e9rences ou dans les \u00e9tablissements d&rsquo;enseignement.<\/li>\n<li><strong>Interpr\u00e9tation et distribution des langues &#8211; <\/strong>Utilisez Unite comme syst\u00e8me d&rsquo;interpr\u00e9tation et comme solution de distribution des langues pour que l&rsquo;audience  <strong><br \/>\n<\/strong><\/li>\n<\/ul>\n<p data-start=\"1842\" data-end=\"2013\">Le syst\u00e8me Televic Unite offre un son sans fil de haute qualit\u00e9 pour les applications professionnelles.<\/p>\n","protected":false},"excerpt":{"rendered":"<p>Le Televic Unite Set est une solution professionnelle de communication sans fil con\u00e7ue pour les <strong>visites guid\u00e9es<\/strong>, la <strong>pr\u00e9sentation sans fil<\/strong>, l&rsquo;<strong>interpr\u00e9tation et la distribution des langues.<\/strong> Il comprend un \u00e9tui de chargement CC, un \u00e9metteur portable TH, 20 r\u00e9cepteurs de poche RP et 20 casques d&rsquo;\u00e9coute Alamar, garantissant une transmission audio claire et s\u00e9curis\u00e9e. <\/p>\n","protected":false},"featured_media":8465,"template":"","meta":{"_seopress_robots_primary_cat":"0","_seopress_titles_title":"Televic Unite Set pour 20 personnes - Location pour visites et conf\u00e9rences","_seopress_titles_desc":"Communication sans fil pour les visites guid\u00e9es, les conf\u00e9rences et les interpr\u00e8tes avec le Televic Unite Set pour 20 participants. Un son de haute qualit\u00e9 et une installation facile.","_seopress_robots_index":"","_et_pb_use_builder":"","_et_pb_old_content":"","_et_gb_content_width":""},"product_brand":[149],"product_cat":[214],"product_tag":[],"magma_product_family":[280],"class_list":{"0":"post-8633","1":"product","2":"type-product","3":"status-publish","4":"has-post-thumbnail","6":"product_brand-televic","7":"product_cat-sets","8":"magma_scope-tour-guide-systems-fr","9":"magma_product_family-televic-unite","11":"first","12":"instock","13":"featured","14":"shipping-taxable","15":"purchasable","16":"product-type-simple"},"_links":{"self":[{"href":"https:\/\/duvall.be\/fr\/wp-json\/wp\/v2\/product\/8633","targetHints":{"allow":["GET"]}}],"collection":[{"href":"https:\/\/duvall.be\/fr\/wp-json\/wp\/v2\/product"}],"about":[{"href":"https:\/\/duvall.be\/fr\/wp-json\/wp\/v2\/types\/product"}],"wp:featuredmedia":[{"embeddable":true,"href":"https:\/\/duvall.be\/fr\/wp-json\/wp\/v2\/media\/8465"}],"wp:attachment":[{"href":"https:\/\/duvall.be\/fr\/wp-json\/wp\/v2\/media?parent=8633"}],"wp:term":[{"taxonomy":"product_brand","embeddable":true,"href":"https:\/\/duvall.be\/fr\/wp-json\/wp\/v2\/product_brand?post=8633"},{"taxonomy":"product_cat","embeddable":true,"href":"https:\/\/duvall.be\/fr\/wp-json\/wp\/v2\/product_cat?post=8633"},{"taxonomy":"product_tag","embeddable":true,"href":"https:\/\/duvall.be\/fr\/wp-json\/wp\/v2\/product_tag?post=8633"},{"taxonomy":"magma_product_family","embeddable":true,"href":"https:\/\/duvall.be\/fr\/wp-json\/wp\/v2\/magma_product_family?post=8633"}],"curies":[{"name":"wp","href":"https:\/\/api.w.org\/{rel}","templated":true}]}}