{"id":8627,"date":"2025-03-06T10:11:07","date_gmt":"2025-03-06T10:11:07","guid":{"rendered":"https:\/\/duvall.be\/product\/televic-unite-rp-recepteur-de-poche\/"},"modified":"2025-11-21T14:05:09","modified_gmt":"2025-11-21T14:05:09","slug":"televic-unite-rp-recepteur-de-poche","status":"publish","type":"product","link":"https:\/\/duvall.be\/fr\/produit\/televic-unite-rp-recepteur-de-poche\/","title":{"rendered":"Televic Unite RP R\u00e9cepteur de poche"},"content":{"rendered":"<p data-start=\"837\" data-end=\"1093\">Le r\u00e9cepteur de poche Televic Unite RP am\u00e9liore la communication pour les visites guid\u00e9es, l&rsquo;interpr\u00e9tation et l&rsquo;\u00e9coute. Sa conception compacte et l\u00e9g\u00e8re garantit le confort lors d&rsquo;une utilisation prolong\u00e9e. L&rsquo;appareil fournit un son de haute qualit\u00e9 en mettant l&rsquo;accent sur la s\u00e9curit\u00e9 et la protection de la vie priv\u00e9e.  <\/p>\n<h3 data-start=\"1095\" data-end=\"1112\">Caract\u00e9ristiques principales<\/h3>\n<ul data-start=\"1114\" data-end=\"2372\">\n<li data-start=\"1114\" data-end=\"1345\">\n<p data-start=\"1116\" data-end=\"1345\"><strong data-start=\"1116\" data-end=\"1148\">R\u00e9ception audio de haute qualit\u00e9<\/strong><br data-start=\"1149\" data-end=\"1152\">L&rsquo;Unite RP fournit un son clair et fiable. Il utilise la technologie DECT, ce qui garantit une communication stable et sans interf\u00e9rences. Cette caract\u00e9ristique le rend id\u00e9al pour les \u00e9v\u00e9nements publics et priv\u00e9s.  <\/p>\n<\/li>\n<li data-start=\"1347\" data-end=\"1555\">\n<p data-start=\"1349\" data-end=\"1555\"><strong data-start=\"1349\" data-end=\"1379\">\u00c9cran OLED convivial<\/strong><br data-start=\"1380\" data-end=\"1383\">Le r\u00e9cepteur est dot\u00e9 d&rsquo;un \u00e9cran OLED qui facilite la navigation. Il affiche des d\u00e9tails essentiels tels que la s\u00e9lection des canaux et l&rsquo;\u00e9tat de la batterie, aidant ainsi les utilisateurs \u00e0 g\u00e9rer les param\u00e8tres en toute confiance. <\/p>\n<\/li>\n<li data-start=\"1557\" data-end=\"1761\">\n<p data-start=\"1559\" data-end=\"1761\"><strong data-start=\"1559\" data-end=\"1585\">Connectivit\u00e9 polyvalente<\/strong><br data-start=\"1586\" data-end=\"1589\">\u00c9quip\u00e9 d&rsquo;une prise jack de 3,5 mm, le r\u00e9cepteur prend en charge les \u00e9couteurs, les casques et les boucles d&rsquo;induction pour les appareils auditifs. Cette flexibilit\u00e9 garantit le confort de tous les participants. <\/p>\n<\/li>\n<li data-start=\"1763\" data-end=\"1966\">\n<p data-start=\"1765\" data-end=\"1966\"><strong data-start=\"1765\" data-end=\"1790\">Longue dur\u00e9e de vie de la batterie<\/strong><br data-start=\"1791\" data-end=\"1794\">La batterie lithium-ion offre plus de 15 heures d&rsquo;utilisation sur une seule charge. Cette longue dur\u00e9e de vie est id\u00e9ale pour les \u00e9v\u00e9nements d&rsquo;une journ\u00e9e, en minimisant le besoin de recharge. <\/p>\n<\/li>\n<li data-start=\"1968\" data-end=\"2144\">\n<p data-start=\"1970\" data-end=\"2144\"><strong data-start=\"1970\" data-end=\"2006\">Communication s\u00e9curis\u00e9e et priv\u00e9e<\/strong><br data-start=\"2007\" data-end=\"2010\">Le cryptage AES-256 garantit une communication s\u00e9curis\u00e9e, ce qui rend l&rsquo;appareil adapt\u00e9 aux r\u00e9unions confidentielles et aux informations sensibles.<\/p>\n<\/li>\n<li data-start=\"2146\" data-end=\"2372\">\n<p data-start=\"2148\" data-end=\"2372\"><strong data-start=\"2148\" data-end=\"2181\">Conception ergonomique et flexible<\/strong>:<br data-start=\"2182\" data-end=\"2185\">L&rsquo;Unite RP est l\u00e9ger et facile \u00e0 porter. Utilisez le clip ceinture ou la lani\u00e8re pour porter confortablement le r\u00e9cepteur pendant des p\u00e9riodes prolong\u00e9es, offrant ainsi une grande flexibilit\u00e9 dans diff\u00e9rents environnements. <\/p>\n<\/li>\n<\/ul>\n<h3 data-start=\"2374\" data-end=\"2428\">Pourquoi choisir Televic Unite ?<\/h3>\n<p data-start=\"2430\" data-end=\"2726\">Televic Unite est la solution parfaite pour une communication claire et s\u00e9curis\u00e9e. Il est id\u00e9al pour les visites guid\u00e9es, les conf\u00e9rences et les services d&rsquo;interpr\u00e9tation. Avec un son de haute qualit\u00e9, une autonomie de batterie prolong\u00e9e et un cryptage robuste, ce r\u00e9cepteur garantit une exp\u00e9rience transparente pour les utilisateurs.  <\/p>\n","protected":false},"excerpt":{"rendered":"<p>Le r\u00e9cepteur de poche Televic Unite RP offre une r\u00e9ception audio claire pour les <strong>visites guid\u00e9es<\/strong>, l&rsquo;<strong>interpr\u00e9tation <\/strong>et les <strong>conf\u00e9rences silencieuses<\/strong>. Dot\u00e9 d&rsquo;un \u00e9cran OLED, d&rsquo;une autonomie de plus de 15 heures et d&rsquo;un cryptage s\u00e9curis\u00e9 AES-256, il garantit une communication fiable et priv\u00e9e dans un design compact. <\/p>\n","protected":false},"featured_media":8285,"template":"","meta":{"_seopress_robots_primary_cat":"0","_seopress_titles_title":"Televic Unite - Visites guid\u00e9es, interpr\u00e9tation et conf\u00e9rences silencieuses","_seopress_titles_desc":"Le r\u00e9cepteur de poche Televic Unite offre un son clair et une autonomie de plus de 15 heures. Id\u00e9al pour les visites guid\u00e9es, l&#039;interpr\u00e9tation et les conf\u00e9rences silencieuses.","_seopress_robots_index":"","_et_pb_use_builder":"","_et_pb_old_content":"","_et_gb_content_width":""},"product_brand":[149],"product_cat":[211,136],"product_tag":[],"magma_product_family":[280],"class_list":{"0":"post-8627","1":"product","2":"type-product","3":"status-publish","4":"has-post-thumbnail","6":"product_brand-televic","7":"product_cat-composants","8":"product_cat-distribution-audio","9":"magma_scope-conference-av-technology-fr","10":"magma_scope-multilingual-meetings-events-fr","11":"magma_scope-tour-guide-systems-fr","12":"magma_product_family-televic-unite","14":"first","15":"instock","16":"shipping-taxable","17":"purchasable","18":"product-type-simple"},"_links":{"self":[{"href":"https:\/\/duvall.be\/fr\/wp-json\/wp\/v2\/product\/8627","targetHints":{"allow":["GET"]}}],"collection":[{"href":"https:\/\/duvall.be\/fr\/wp-json\/wp\/v2\/product"}],"about":[{"href":"https:\/\/duvall.be\/fr\/wp-json\/wp\/v2\/types\/product"}],"wp:featuredmedia":[{"embeddable":true,"href":"https:\/\/duvall.be\/fr\/wp-json\/wp\/v2\/media\/8285"}],"wp:attachment":[{"href":"https:\/\/duvall.be\/fr\/wp-json\/wp\/v2\/media?parent=8627"}],"wp:term":[{"taxonomy":"product_brand","embeddable":true,"href":"https:\/\/duvall.be\/fr\/wp-json\/wp\/v2\/product_brand?post=8627"},{"taxonomy":"product_cat","embeddable":true,"href":"https:\/\/duvall.be\/fr\/wp-json\/wp\/v2\/product_cat?post=8627"},{"taxonomy":"product_tag","embeddable":true,"href":"https:\/\/duvall.be\/fr\/wp-json\/wp\/v2\/product_tag?post=8627"},{"taxonomy":"magma_product_family","embeddable":true,"href":"https:\/\/duvall.be\/fr\/wp-json\/wp\/v2\/magma_product_family?post=8627"}],"curies":[{"name":"wp","href":"https:\/\/api.w.org\/{rel}","templated":true}]}}