{"id":8618,"date":"2025-03-06T12:30:32","date_gmt":"2025-03-06T12:30:32","guid":{"rendered":"https:\/\/duvall.be\/product\/bosch-dcn-ccu-unite-commande-centrale\/"},"modified":"2025-11-21T14:05:08","modified_gmt":"2025-11-21T14:05:08","slug":"bosch-dcn-ccu-unite-commande-centrale","status":"publish","type":"product","link":"https:\/\/duvall.be\/fr\/produit\/bosch-dcn-ccu-unite-commande-centrale\/","title":{"rendered":"Bosch DCN-CCU Unit\u00e9 de contr\u00f4le centrale"},"content":{"rendered":"<p data-start=\"386\" data-end=\"727\">L&rsquo;unit\u00e9 centrale de commande DCN-CCU (LBB 4100\/00) de Bosch est le pivot central du syst\u00e8me de conf\u00e9rence DCN Next Generation, assurant une gestion sans faille des conf\u00e9rences et de l&rsquo;interpr\u00e9tation. Elle prend en charge jusqu&rsquo;\u00e0 245 postes de contribution c\u00e2bl\u00e9s, ce qui permet d&rsquo;organiser des conf\u00e9rences multilingues avec 31 canaux d&rsquo;interpr\u00e9tation plus la langue de la salle. <\/p>\n<h3>Caract\u00e9ristiques principales<\/h3>\n<ul>\n<li data-start=\"754\" data-end=\"1284\"><strong data-start=\"756\" data-end=\"781\">Contr\u00f4le complet<\/strong> &#8211; G\u00e8re jusqu&rsquo;\u00e0 245 postes de contribution c\u00e2bl\u00e9s, permettant une communication multilingue transparente pour les grandes conf\u00e9rences.<\/li>\n<li data-start=\"754\" data-end=\"1284\"><strong data-start=\"905\" data-end=\"936\" data-is-only-node=\"\">Canaux audio de haute qualit\u00e9<\/strong> &#8211; Fournit jusqu&rsquo;\u00e0 32 canaux audio cristallins, garantissant un son pr\u00e9cis pour tous les participants.<\/li>\n<li data-start=\"754\" data-end=\"1284\"><strong data-start=\"1152\" data-end=\"1179\">Interface conviviale<\/strong> &#8211; Comprend des commandes intuitives et des indicateurs d&rsquo;\u00e9tat pour faciliter la surveillance et la gestion du syst\u00e8me.<\/li>\n<\/ul>\n<p data-start=\"1286\" data-end=\"1529\">Gr\u00e2ce \u00e0 son \u00e9volutivit\u00e9 et \u00e0 sa fiabilit\u00e9, l&rsquo;unit\u00e9 centrale de commande DCN-CCU de Bosch est essentielle \u00e0 l&rsquo;efficacit\u00e9 des conf\u00e9rences. Elle est donc id\u00e9ale pour les institutions gouvernementales, les sommets internationaux et les r\u00e9unions d&rsquo;entreprise.<\/p>\n","protected":false},"excerpt":{"rendered":"<p>L&rsquo;unit\u00e9 centrale de commande DCN-CCU de Bosch est le c\u0153ur du syst\u00e8me de conf\u00e9rence DCN de nouvelle g\u00e9n\u00e9ration. Elle prend en charge jusqu&rsquo;\u00e0 245 postes de contribution c\u00e2bl\u00e9s et offre 32 canaux audio de haute qualit\u00e9 pour une gestion transparente des conf\u00e9rences multilingues.<\/p>\n","protected":false},"featured_media":8327,"template":"","meta":{"_seopress_robots_primary_cat":"0","_seopress_titles_title":"Bosch DCN-CCU | Unit\u00e9 de commande centrale du syst\u00e8me de conf\u00e9rence","_seopress_titles_desc":"Le DCN-CCU de Bosch prend en charge 245 postes de contribution c\u00e2bl\u00e9s et 32 canaux audio, assurant ainsi une gestion multilingue transparente des conf\u00e9rences, quelle que soit la taille de l&#039;\u00e9v\u00e9nement.","_seopress_robots_index":"","_et_pb_use_builder":"","_et_pb_old_content":"","_et_gb_content_width":""},"product_brand":[151],"product_cat":[202],"product_tag":[],"magma_product_family":[287],"class_list":{"0":"post-8618","1":"product","2":"type-product","3":"status-publish","4":"has-post-thumbnail","6":"product_brand-bosch","7":"product_cat-unites-centrales-et-wap","8":"magma_scope-conference-av-technology-fr","9":"magma_scope-multilingual-meetings-events-fr","10":"magma_product_family-bosch-dcn","12":"first","13":"instock","14":"shipping-taxable","15":"purchasable","16":"product-type-simple"},"_links":{"self":[{"href":"https:\/\/duvall.be\/fr\/wp-json\/wp\/v2\/product\/8618","targetHints":{"allow":["GET"]}}],"collection":[{"href":"https:\/\/duvall.be\/fr\/wp-json\/wp\/v2\/product"}],"about":[{"href":"https:\/\/duvall.be\/fr\/wp-json\/wp\/v2\/types\/product"}],"wp:featuredmedia":[{"embeddable":true,"href":"https:\/\/duvall.be\/fr\/wp-json\/wp\/v2\/media\/8327"}],"wp:attachment":[{"href":"https:\/\/duvall.be\/fr\/wp-json\/wp\/v2\/media?parent=8618"}],"wp:term":[{"taxonomy":"product_brand","embeddable":true,"href":"https:\/\/duvall.be\/fr\/wp-json\/wp\/v2\/product_brand?post=8618"},{"taxonomy":"product_cat","embeddable":true,"href":"https:\/\/duvall.be\/fr\/wp-json\/wp\/v2\/product_cat?post=8618"},{"taxonomy":"product_tag","embeddable":true,"href":"https:\/\/duvall.be\/fr\/wp-json\/wp\/v2\/product_tag?post=8618"},{"taxonomy":"magma_product_family","embeddable":true,"href":"https:\/\/duvall.be\/fr\/wp-json\/wp\/v2\/magma_product_family?post=8618"}],"curies":[{"name":"wp","href":"https:\/\/api.w.org\/{rel}","templated":true}]}}