{"id":8609,"date":"2025-03-06T12:36:56","date_gmt":"2025-03-06T12:36:56","guid":{"rendered":"https:\/\/duvall.be\/product\/bosch-extension-audio-lbb4402-00\/"},"modified":"2025-11-21T14:05:08","modified_gmt":"2025-11-21T14:05:08","slug":"bosch-extension-audio-lbb4402-00","status":"publish","type":"product","link":"https:\/\/duvall.be\/fr\/produit\/bosch-extension-audio-lbb4402-00\/","title":{"rendered":"Bosch Audio Expander"},"content":{"rendered":"<p data-start=\"461\" data-end=\"815\">L&rsquo;unit\u00e9 d&rsquo;extension audio LBB 4402\/00 de Bosch est con\u00e7u pour \u00e9tendre les capacit\u00e9s du syst\u00e8me de conf\u00e9rence DCN Next Generation en permettant l&rsquo;int\u00e9gration transparente de sources audio externes. Avec plusieurs entr\u00e9es micro\/ligne, des sorties ligne et des interfaces de contr\u00f4le, cette unit\u00e9 am\u00e9liore la distribution audio de la conf\u00e9rence et la connectivit\u00e9 du syst\u00e8me externe. <\/p>\n<h3 data-start=\"817\" data-end=\"840\">Caract\u00e9ristiques principales<\/h3>\n<ul>\n<li data-start=\"841\" data-end=\"1392\"><strong data-start=\"843\" data-end=\"868\">Entr\u00e9es audio multiples<\/strong> &#8211; Deux entr\u00e9es micro\/ligne et deux entr\u00e9es ligne permettent une int\u00e9gration audio externe flexible.<\/li>\n<li data-start=\"841\" data-end=\"1392\"><strong data-start=\"966\" data-end=\"993\">Quatre sorties audio de ligne<\/strong> &#8211; assurent une distribution audio fiable vers les appareils externes.<\/li>\n<li data-start=\"841\" data-end=\"1392\"><strong data-start=\"1057\" data-end=\"1090\">Interfaces de contr\u00f4le supervis\u00e9<\/strong> &#8211; Comprend huit entr\u00e9es et cinq sorties de contr\u00f4le pour l&rsquo;int\u00e9gration de syst\u00e8mes externes.<\/li>\n<li data-start=\"841\" data-end=\"1392\"><strong data-start=\"1197\" data-end=\"1226\">Traitement audio int\u00e9gr\u00e9<\/strong> &#8211; Optimis\u00e9 pour une transmission claire et \u00e9quilibr\u00e9e du son.<\/li>\n<li data-start=\"841\" data-end=\"1392\"><strong data-start=\"1290\" data-end=\"1322\">Connexion r\u00e9seau redondante<\/strong> &#8211; Assure un fonctionnement ininterrompu du syst\u00e8me de conf\u00e9rence.<\/li>\n<\/ul>\n<p data-start=\"1394\" data-end=\"1613\">Avec un routage audio flexible et une int\u00e9gration transparente au syst\u00e8me DCN, le Bosch LBB 4402\/00 Audio Expander est essentiel pour am\u00e9liorer les configurations de conf\u00e9rence, en assurant une distribution audio de qualit\u00e9 professionnelle.<\/p>\n","protected":false},"excerpt":{"rendered":"<p>L&rsquo;unit\u00e9 d&rsquo;extension audio LBB4402\/00 de Bosch permet d&rsquo;int\u00e9grer des sources audio externes au syst\u00e8me de conf\u00e9rence DCN Next Generation. Il est dot\u00e9 de plusieurs entr\u00e9es et sorties audio, d&rsquo;interfaces de contr\u00f4le supervis\u00e9es et d&rsquo;une connectivit\u00e9 r\u00e9seau redondante pour une flexibilit\u00e9 et une fiabilit\u00e9 accrues du syst\u00e8me.<\/p>\n","protected":false},"featured_media":8372,"template":"","meta":{"_seopress_robots_primary_cat":"0","_seopress_titles_title":"Extension audio Bosch pour le syst\u00e8me de conf\u00e9rence DCN","_seopress_titles_desc":"Le Bosch extension audio am\u00e9liore le syst\u00e8me de conf\u00e9rence DCN avec de multiples entr\u00e9es\/sorties, des interfaces de contr\u00f4le et une int\u00e9gration audio externe.","_seopress_robots_index":"","_et_pb_use_builder":"","_et_pb_old_content":"","_et_gb_content_width":""},"product_brand":[151],"product_cat":[202],"product_tag":[],"magma_product_family":[],"class_list":{"0":"post-8609","1":"product","2":"type-product","3":"status-publish","4":"has-post-thumbnail","6":"product_brand-bosch-fr","7":"product_cat-unites-centrales-et-wap","8":"magma_scope-conference-av-technology-fr","10":"first","11":"instock","12":"shipping-taxable","13":"purchasable","14":"product-type-simple"},"_links":{"self":[{"href":"https:\/\/duvall.be\/fr\/wp-json\/wp\/v2\/product\/8609","targetHints":{"allow":["GET"]}}],"collection":[{"href":"https:\/\/duvall.be\/fr\/wp-json\/wp\/v2\/product"}],"about":[{"href":"https:\/\/duvall.be\/fr\/wp-json\/wp\/v2\/types\/product"}],"wp:featuredmedia":[{"embeddable":true,"href":"https:\/\/duvall.be\/fr\/wp-json\/wp\/v2\/media\/8372"}],"wp:attachment":[{"href":"https:\/\/duvall.be\/fr\/wp-json\/wp\/v2\/media?parent=8609"}],"wp:term":[{"taxonomy":"product_brand","embeddable":true,"href":"https:\/\/duvall.be\/fr\/wp-json\/wp\/v2\/product_brand?post=8609"},{"taxonomy":"product_cat","embeddable":true,"href":"https:\/\/duvall.be\/fr\/wp-json\/wp\/v2\/product_cat?post=8609"},{"taxonomy":"product_tag","embeddable":true,"href":"https:\/\/duvall.be\/fr\/wp-json\/wp\/v2\/product_tag?post=8609"},{"taxonomy":"magma_product_family","embeddable":true,"href":"https:\/\/duvall.be\/fr\/wp-json\/wp\/v2\/magma_product_family?post=8609"}],"curies":[{"name":"wp","href":"https:\/\/api.w.org\/{rel}","templated":true}]}}