{"id":8595,"date":"2025-03-06T12:50:05","date_gmt":"2025-03-06T12:50:05","guid":{"rendered":"https:\/\/duvall.be\/product\/bosch-dcn%e2%80%91eps-extension-alimentation-supplementaire\/"},"modified":"2025-11-21T14:05:07","modified_gmt":"2025-11-21T14:05:07","slug":"bosch-dcn%e2%80%91eps-extension-alimentation-supplementaire","status":"publish","type":"product","link":"https:\/\/duvall.be\/fr\/produit\/bosch-dcn%e2%80%91eps-extension-alimentation-supplementaire\/","title":{"rendered":"Bosch DCN-EPS Extension de l&rsquo;alimentation \u00e9lectrique"},"content":{"rendered":"<p data-start=\"454\" data-end=\"827\">\/Le DCN-EPS (Extension Power Supply) de Bosch est con\u00e7u pour \u00e9tendre la capacit\u00e9 d&rsquo;alimentation du syst\u00e8me de conf\u00e9rence DCN Next Generation, garantissant un fonctionnement ininterrompu lorsque des unit\u00e9s de conf\u00e9rence suppl\u00e9mentaires sont connect\u00e9es. Avec une puissance maximale de 255 W, cette unit\u00e9 alimente efficacement les unit\u00e9s de discussion de conf\u00e9rence, les pupitres d&rsquo;interpr\u00e9tation et les autres appareils connect\u00e9s. <\/p>\n<h3 data-start=\"829\" data-end=\"852\">Caract\u00e9ristiques principales<\/h3>\n<ul>\n<li data-start=\"853\" data-end=\"1519\"><strong data-start=\"855\" data-end=\"876\">Sortie d&rsquo;alimentation 255 W<\/strong> &#8211; Augmente la capacit\u00e9 d&rsquo;alimentation du syst\u00e8me DCN pour les configurations de conf\u00e9rence plus importantes.<\/li>\n<li data-start=\"853\" data-end=\"1519\"><strong data-start=\"957\" data-end=\"981\">C\u00e2blage en boucle<\/strong> &#8211; Simplifie le c\u00e2blage en permettant \u00e0 plusieurs unit\u00e9s d&rsquo;\u00eatre connect\u00e9es efficacement.<\/li>\n<li data-start=\"853\" data-end=\"1519\"><strong data-start=\"1062\" data-end=\"1091\">R\u00e9partiteur de r\u00e9seau int\u00e9gr\u00e9<\/strong> &#8211; Permet une installation flexible \u00e0 n&rsquo;importe quel endroit du c\u00e2blage du syst\u00e8me.<\/li>\n<li data-start=\"853\" data-end=\"1519\"><strong data-start=\"1169\" data-end=\"1193\" data-is-only-node=\"\">Activation automatique<\/strong> &#8211; S&rsquo;allume lorsque l&rsquo;unit\u00e9 centrale de contr\u00f4le (CCU) est mise sous tension, ce qui garantit un fonctionnement sans faille.<\/li>\n<li data-start=\"853\" data-end=\"1519\"><strong data-start=\"1295\" data-end=\"1323\">Protection contre les courts-circuits<\/strong> &#8211; Assure la s\u00e9curit\u00e9 du syst\u00e8me en prot\u00e9geant toutes les sorties contre les courts-circuits.<\/li>\n<li data-start=\"853\" data-end=\"1519\"><strong data-start=\"1402\" data-end=\"1436\">Montage en rack ou autonome<\/strong> &#8211; Peut \u00eatre install\u00e9 dans un rack d&rsquo;\u00e9quipement de 19 pouces ou utilis\u00e9 comme unit\u00e9 autonome.<\/li>\n<\/ul>\n<p data-start=\"1521\" data-end=\"1730\">Gr\u00e2ce \u00e0 sa puissance \u00e9lev\u00e9e et \u00e0 sa conception intelligente, l&rsquo;alimentation DCN-EPS de Bosch est essentielle pour les syst\u00e8mes de conf\u00e9rence n\u00e9cessitant une alimentation suppl\u00e9mentaire, garantissant des performances continues et fiables.<\/p>\n","protected":false},"excerpt":{"rendered":"<p>L&rsquo;alimentation d&rsquo;extension DCN-EPS de Bosch fournit jusqu&rsquo;\u00e0 255 W de puissance suppl\u00e9mentaire pour le syst\u00e8me de conf\u00e9rence DCN Next Generation. Elle est dot\u00e9e d&rsquo;un c\u00e2blage en boucle, d&rsquo;un s\u00e9parateur de r\u00e9seau int\u00e9gr\u00e9 et d&rsquo;une protection contre les courts-circuits, ce qui garantit des performances fiables pour les configurations \u00e9tendues. <\/p>\n","protected":false},"featured_media":8335,"template":"","meta":{"_seopress_robots_primary_cat":"0","_seopress_titles_title":"Bosch DCN-EPS | Alimentation suppl\u00e9mentaire pour les syst\u00e8mes DCN","_seopress_titles_desc":"L&#039;unit\u00e9 d&#039;alimentation d&#039;extension DCN-EPS de Bosch fournit une puissance suppl\u00e9mentaire de 255 W pour les syst\u00e8mes de conf\u00e9rence DCN, avec un c\u00e2blage en boucle et une protection contre les courts-circuits.","_seopress_robots_index":"","_et_pb_use_builder":"","_et_pb_old_content":"","_et_gb_content_width":""},"product_brand":[151],"product_cat":[202],"product_tag":[],"magma_product_family":[],"class_list":{"0":"post-8595","1":"product","2":"type-product","3":"status-publish","4":"has-post-thumbnail","6":"product_brand-bosch-fr","7":"product_cat-unites-centrales-et-wap","8":"magma_scope-conference-av-technology-fr","10":"first","11":"instock","12":"shipping-taxable","13":"purchasable","14":"product-type-simple"},"_links":{"self":[{"href":"https:\/\/duvall.be\/fr\/wp-json\/wp\/v2\/product\/8595","targetHints":{"allow":["GET"]}}],"collection":[{"href":"https:\/\/duvall.be\/fr\/wp-json\/wp\/v2\/product"}],"about":[{"href":"https:\/\/duvall.be\/fr\/wp-json\/wp\/v2\/types\/product"}],"wp:featuredmedia":[{"embeddable":true,"href":"https:\/\/duvall.be\/fr\/wp-json\/wp\/v2\/media\/8335"}],"wp:attachment":[{"href":"https:\/\/duvall.be\/fr\/wp-json\/wp\/v2\/media?parent=8595"}],"wp:term":[{"taxonomy":"product_brand","embeddable":true,"href":"https:\/\/duvall.be\/fr\/wp-json\/wp\/v2\/product_brand?post=8595"},{"taxonomy":"product_cat","embeddable":true,"href":"https:\/\/duvall.be\/fr\/wp-json\/wp\/v2\/product_cat?post=8595"},{"taxonomy":"product_tag","embeddable":true,"href":"https:\/\/duvall.be\/fr\/wp-json\/wp\/v2\/product_tag?post=8595"},{"taxonomy":"magma_product_family","embeddable":true,"href":"https:\/\/duvall.be\/fr\/wp-json\/wp\/v2\/magma_product_family?post=8595"}],"curies":[{"name":"wp","href":"https:\/\/api.w.org\/{rel}","templated":true}]}}