{"id":8569,"date":"2025-03-06T13:53:09","date_gmt":"2025-03-06T13:53:09","guid":{"rendered":"https:\/\/duvall.be\/product\/televic-confidea-g4-point-sans-fil-dante\/"},"modified":"2025-11-21T14:05:07","modified_gmt":"2025-11-21T14:05:07","slug":"televic-confidea-g4-point-sans-fil-dante","status":"publish","type":"product","link":"https:\/\/duvall.be\/fr\/produit\/televic-confidea-g4-point-sans-fil-dante\/","title":{"rendered":"Televic Confidea G4 point d&rsquo;acc\u00e8s sans fil &#8211; Dante"},"content":{"rendered":"<p data-start=\"359\" data-end=\"822\">Le point d&rsquo;acc\u00e8s sans fil (WAP) Confidea G4 de Televic avec int\u00e9gration Dante \u00e0 8 canaux est la solution ultime pour les syst\u00e8mes de conf\u00e9rence modernes. Con\u00e7u pour offrir une fiabilit\u00e9 sans fil in\u00e9gal\u00e9e, ce syst\u00e8me avanc\u00e9 fonctionne de mani\u00e8re transparente sur une fr\u00e9quence \u00e0 double bande de 2,4\/5 GHz, garantissant une communication sans interf\u00e9rence. Il prend en charge jusqu&rsquo;\u00e0 256 postess de d\u00e9l\u00e9gu\u00e9 sans fil et couvre les grandes salles de conf\u00e9rence, offrant un cryptage AES 128 bits s\u00e9curis\u00e9 pour les discussions confidentielles.  <\/p>\n<p data-start=\"824\" data-end=\"1102\">L&rsquo;int\u00e9gration de 8 canaux audio ind\u00e9pendants via Dante offre des options de routage flexibles, permettant une transmission audio num\u00e9rique de haute qualit\u00e9 et \u00e0 faible latence. Gr\u00e2ce \u00e0 sa compatibilit\u00e9 avec d&rsquo;autres appareils compatibles Dante, ce syst\u00e8me offre une exp\u00e9rience audio rationalis\u00e9e et coh\u00e9rente. <\/p>\n<p data-start=\"1104\" data-end=\"1420\">Le Confidea G4 WAP est incroyablement convivial, avec une interface web intuitive pour une configuration facile et un contr\u00f4le en temps r\u00e9el de l&rsquo;\u00e9tat de la batterie pour toutes les unit\u00e9s connect\u00e9es. La s\u00e9lection automatique des canaux et l&rsquo;appairage rapide des unit\u00e9s d\u00e9l\u00e9gu\u00e9es sans fil simplifient le processus d&rsquo;installation, garantissant une exp\u00e9rience sans tracas. <\/p>\n<p data-start=\"1422\" data-end=\"1725\" data-is-last-node=\"\" data-is-only-node=\"\">Id\u00e9al pour une large gamme d&rsquo;applications, le point d&rsquo;acc\u00e8s sans fil Televic Confidea G4 est parfait pour les r\u00e9unions de conseil d&rsquo;administration, les chambres gouvernementales, les conf\u00e9rences internationales avec des besoins d&rsquo;interpr\u00e9tation, les salles d&rsquo;audience et les \u00e9tablissements d&rsquo;enseignement, offrant des performances de premier ordre pour tout environnement professionnel.<\/p>\n","protected":false},"excerpt":{"rendered":"<p>Le point d&rsquo;acc\u00e8s sans fil Televic Confidea G4 avec int\u00e9gration Dante offre une technologie sans fil de pointe, un cryptage AES et une compatibilit\u00e9 Dante \u00e0 8 canaux pour un son num\u00e9rique de qualit\u00e9 sup\u00e9rieure. Il est id\u00e9al pour les petites et grandes salles de conf\u00e9rence et les \u00e9v\u00e9nements polyvalents tels que les r\u00e9unions du conseil d&rsquo;administration, les conf\u00e9rences internationales et les proc\u00e9dures judiciaires. <\/p>\n","protected":false},"featured_media":8375,"template":"","meta":{"_seopress_robots_primary_cat":"0","_seopress_titles_title":"Televic Confidea G4 WAP avec Dante - Conf\u00e9rence avanc\u00e9e","_seopress_titles_desc":"D\u00e9couvrez le point d&#039;acc\u00e8s sans fil Televic Confidea G4 avec int\u00e9gration Dante \u00e0 8 canaux. Id\u00e9al pour les conf\u00e9rences dans les entreprises, les administrations et les \u00e9tablissements d&#039;enseignement.","_seopress_robots_index":"","_et_pb_use_builder":"","_et_pb_old_content":"","_et_gb_content_width":""},"product_brand":[149],"product_cat":[202],"product_tag":[],"magma_product_family":[],"class_list":{"0":"post-8569","1":"product","2":"type-product","3":"status-publish","4":"has-post-thumbnail","6":"product_brand-televic","7":"product_cat-unites-centrales-et-wap","8":"magma_scope-conference-av-technology-fr","10":"first","11":"instock","12":"shipping-taxable","13":"purchasable","14":"product-type-simple"},"_links":{"self":[{"href":"https:\/\/duvall.be\/fr\/wp-json\/wp\/v2\/product\/8569","targetHints":{"allow":["GET"]}}],"collection":[{"href":"https:\/\/duvall.be\/fr\/wp-json\/wp\/v2\/product"}],"about":[{"href":"https:\/\/duvall.be\/fr\/wp-json\/wp\/v2\/types\/product"}],"wp:featuredmedia":[{"embeddable":true,"href":"https:\/\/duvall.be\/fr\/wp-json\/wp\/v2\/media\/8375"}],"wp:attachment":[{"href":"https:\/\/duvall.be\/fr\/wp-json\/wp\/v2\/media?parent=8569"}],"wp:term":[{"taxonomy":"product_brand","embeddable":true,"href":"https:\/\/duvall.be\/fr\/wp-json\/wp\/v2\/product_brand?post=8569"},{"taxonomy":"product_cat","embeddable":true,"href":"https:\/\/duvall.be\/fr\/wp-json\/wp\/v2\/product_cat?post=8569"},{"taxonomy":"product_tag","embeddable":true,"href":"https:\/\/duvall.be\/fr\/wp-json\/wp\/v2\/product_tag?post=8569"},{"taxonomy":"magma_product_family","embeddable":true,"href":"https:\/\/duvall.be\/fr\/wp-json\/wp\/v2\/magma_product_family?post=8569"}],"curies":[{"name":"wp","href":"https:\/\/api.w.org\/{rel}","templated":true}]}}