{"id":8514,"date":"2025-03-07T08:25:55","date_gmt":"2025-03-07T08:25:55","guid":{"rendered":"https:\/\/duvall.be\/product\/televic-unite-cc-28-2-valise-de-charge\/"},"modified":"2025-11-21T14:05:07","modified_gmt":"2025-11-21T14:05:07","slug":"televic-unite-cc-28-2-valise-de-charge","status":"publish","type":"product","link":"https:\/\/duvall.be\/fr\/produit\/televic-unite-cc-28-2-valise-de-charge\/","title":{"rendered":"Televic Unite CC-28\/2 caisse de charge"},"content":{"rendered":"<p data-start=\"407\" data-end=\"763\">La caisse de charge Televic Unite CC-28\/2 est une solution multifonctionnelle de chargement et de transport con\u00e7ue pour le syst\u00e8me de communication sans fil Unite. Elle peut accueillir jusqu&rsquo;\u00e0 28 r\u00e9cepteurs ou \u00e9metteurs, dont deux emplacements sp\u00e9cifiques pour les \u00e9metteurs portatifs. Con\u00e7ue pour \u00eatre fiable, elle garantit que les appareils sont toujours charg\u00e9s, appari\u00e9s en toute s\u00e9curit\u00e9 et pr\u00eats \u00e0 l&#8217;emploi.  <\/p>\n<h3 data-start=\"765\" data-end=\"788\">Caract\u00e9ristiques principales<\/h3>\n<ul data-start=\"789\" data-end=\"1445\">\n<li data-start=\"789\" data-end=\"931\"><strong data-start=\"791\" data-end=\"816\">Chargement simultan\u00e9<\/strong> &#8211; Charge les batteries int\u00e9gr\u00e9es dans les \u00e9metteurs et les r\u00e9cepteurs Unite, ce qui permet \u00e0 tous les appareils de rester aliment\u00e9s et op\u00e9rationnels.<\/li>\n<li data-start=\"932\" data-end=\"1095\"><strong data-start=\"934\" data-end=\"952\">Appairage s\u00e9curis\u00e9<\/strong> &#8211; Stocke et transmet les informations d&rsquo;appairage essentielles telles que les noms de canaux, les identifiants de groupes et les cl\u00e9s audio, garantissant ainsi une installation transparente et s\u00e9curis\u00e9e.<\/li>\n<li data-start=\"1096\" data-end=\"1273\"><strong data-start=\"1098\" data-end=\"1121\">Int\u00e9gration au r\u00e9seau<\/strong> &#8211; Un port Ethernet pour la connectivit\u00e9 au r\u00e9seau permet une configuration, un contr\u00f4le et une maintenance avanc\u00e9s via le logiciel PC Unite Manager.<\/li>\n<li data-start=\"1274\" data-end=\"1445\"><strong data-start=\"1276\" data-end=\"1306\">Conception durable en flight case<\/strong> &#8211; assure une protection robuste pendant le transport et le stockage, ce qui en fait un outil id\u00e9al pour les applications mobiles dans divers environnements professionnels.<\/li>\n<\/ul>\n<p data-start=\"1447\" data-end=\"1711\">Gr\u00e2ce \u00e0 ses fonctions avanc\u00e9es, l&rsquo;Unite CC-28\/2 garantit une installation de communication sans fil efficace et organis\u00e9e. Il est parfait pour les conf\u00e9rences, les visites guid\u00e9es et les \u00e9v\u00e9nements professionnels o\u00f9 une gestion fiable de l&rsquo;\u00e9quipement est essentielle. <\/p>\n","protected":false},"excerpt":{"rendered":"<p>La valise de charge Televic Unite CC-28\/2 est une solution polyvalente pour charger et transporter le syst\u00e8me de communication sans fil Unite. Elle comporte 28 emplacements de chargement, des capacit\u00e9s d&rsquo;appairage s\u00e9curis\u00e9es, une int\u00e9gration r\u00e9seau et un design durable de type flight case, garantissant des performances fiables dans divers environnements professionnels. <\/p>\n","protected":false},"featured_media":8399,"template":"","meta":{"_seopress_robots_primary_cat":"0","_seopress_titles_title":"Televic Unite 28 compartiments caisse de charge - Chargement s\u00fbr et fiable","_seopress_titles_desc":"Louez la valise de charge Televic Unite CC-28\/2 pour charger et transporter en toute s\u00e9curit\u00e9 les r\u00e9cepteurs et \u00e9metteurs Unite. Elle dispose de 28 compartiments et d&#039;une int\u00e9gration r\u00e9seau.","_seopress_robots_index":"","_et_pb_use_builder":"","_et_pb_old_content":"","_et_gb_content_width":""},"product_brand":[149],"product_cat":[211,136],"product_tag":[],"magma_product_family":[280],"class_list":{"0":"post-8514","1":"product","2":"type-product","3":"status-publish","4":"has-post-thumbnail","6":"product_brand-televic","7":"product_cat-composants","8":"product_cat-distribution-audio","9":"magma_scope-tour-guide-systems-fr","10":"magma_product_family-televic-unite","12":"first","13":"instock","14":"shipping-taxable","15":"purchasable","16":"product-type-simple"},"_links":{"self":[{"href":"https:\/\/duvall.be\/fr\/wp-json\/wp\/v2\/product\/8514","targetHints":{"allow":["GET"]}}],"collection":[{"href":"https:\/\/duvall.be\/fr\/wp-json\/wp\/v2\/product"}],"about":[{"href":"https:\/\/duvall.be\/fr\/wp-json\/wp\/v2\/types\/product"}],"wp:featuredmedia":[{"embeddable":true,"href":"https:\/\/duvall.be\/fr\/wp-json\/wp\/v2\/media\/8399"}],"wp:attachment":[{"href":"https:\/\/duvall.be\/fr\/wp-json\/wp\/v2\/media?parent=8514"}],"wp:term":[{"taxonomy":"product_brand","embeddable":true,"href":"https:\/\/duvall.be\/fr\/wp-json\/wp\/v2\/product_brand?post=8514"},{"taxonomy":"product_cat","embeddable":true,"href":"https:\/\/duvall.be\/fr\/wp-json\/wp\/v2\/product_cat?post=8514"},{"taxonomy":"product_tag","embeddable":true,"href":"https:\/\/duvall.be\/fr\/wp-json\/wp\/v2\/product_tag?post=8514"},{"taxonomy":"magma_product_family","embeddable":true,"href":"https:\/\/duvall.be\/fr\/wp-json\/wp\/v2\/magma_product_family?post=8514"}],"curies":[{"name":"wp","href":"https:\/\/api.w.org\/{rel}","templated":true}]}}