{"id":8509,"date":"2025-03-07T09:17:10","date_gmt":"2025-03-07T09:17:10","guid":{"rendered":"https:\/\/duvall.be\/product\/televic-unite-th-microphone-emetteur\/"},"modified":"2025-11-21T14:05:07","modified_gmt":"2025-11-21T14:05:07","slug":"televic-unite-th-microphone-emetteur","status":"publish","type":"product","link":"https:\/\/duvall.be\/fr\/produit\/televic-unite-th-microphone-emetteur\/","title":{"rendered":"Televic Unite TH microphone \/ \u00e9metteur"},"content":{"rendered":"<p data-start=\"387\" data-end=\"718\">L&rsquo;\u00e9metteur portable Televic Unite TH est un appareil polyvalent qui peut \u00eatre utilis\u00e9 comme \u00e9metteur ou comme microphone sans fil. Con\u00e7u pour des applications telles que les visites guid\u00e9es, la pr\u00e9sentation sans fil, les conf\u00e9rences et l&rsquo;interpr\u00e9tation, il assure une transmission audio sans faille gr\u00e2ce \u00e0 une technologie avanc\u00e9e de suppression du bruit et de cryptage. <\/p>\n<h3 data-start=\"720\" data-end=\"743\">Caract\u00e9ristiques principales<\/h3>\n<ul data-start=\"744\" data-end=\"1817\">\n<li data-start=\"744\" data-end=\"877\"><strong data-start=\"746\" data-end=\"785\">Microphone cardio\u00efde anti-bruit<\/strong> &#8211; R\u00e9duit les bruits de fond et minimise les bruits de manipulation pour une bonne intelligibilit\u00e9 de la parole.<\/li>\n<li data-start=\"878\" data-end=\"1035\"><strong data-start=\"880\" data-end=\"925\">Processeur de signal num\u00e9rique int\u00e9gr\u00e9 (DSP<\/strong> ) &#8211; R\u00e8gle automatiquement l&rsquo;amplification du microphone et supprime les bruits de fond, am\u00e9liorant ainsi la clart\u00e9 de la parole.<\/li>\n<li data-start=\"1036\" data-end=\"1166\"><strong data-start=\"1038\" data-end=\"1068\">Interface audio Bluetooth\u00ae<\/strong> &#8211; Se connecte aux smartphones pour diffuser des commentaires pr\u00e9enregistr\u00e9s ou de la musique d&rsquo;ambiance pendant les visites.<\/li>\n<li data-start=\"1167\" data-end=\"1306\"><strong data-start=\"1169\" data-end=\"1193\">Communication s\u00e9curis\u00e9e<\/strong> &#8211; Le cryptage AES-256 bits prot\u00e8ge contre l&rsquo;\u00e9coute non autoris\u00e9e, garantissant une communication priv\u00e9e et fiable.<\/li>\n<li data-start=\"1307\" data-end=\"1412\"><strong data-start=\"1309\" data-end=\"1328\">Technologie DECT<\/strong> &#8211; Fonctionnement sans licence et sans frais gr\u00e2ce \u00e0 la gestion automatique des fr\u00e9quences.<\/li>\n<li data-start=\"1413\" data-end=\"1530\"><strong data-start=\"1415\" data-end=\"1443\">Port\u00e9e \u00e9tendue<\/strong> &#8211; Couvre jusqu&rsquo;\u00e0 300 m\u00e8tres \u00e0 l&rsquo;air libre, garantissant la flexibilit\u00e9 dans divers environnements.<\/li>\n<li data-start=\"1531\" data-end=\"1696\"><strong data-start=\"1533\" data-end=\"1559\">Commandes conviviales<\/strong> &#8211; Comprend des touches programmables de sourdine, de marche\/arr\u00eat et de menu, ainsi qu&rsquo;un \u00e9cran OLED affichant le nom de la cha\u00eene, l&rsquo;\u00e9tat de la batterie et les param\u00e8tres.<\/li>\n<li data-start=\"1697\" data-end=\"1817\"><strong data-start=\"1699\" data-end=\"1720\">Longue dur\u00e9e de vie de la batterie<\/strong> &#8211; La batterie lithium-ion int\u00e9gr\u00e9e et rempla\u00e7able offre jusqu&rsquo;\u00e0 18 heures de fonctionnement continu.<\/li>\n<\/ul>\n<p data-start=\"1819\" data-end=\"1994\">Avec ses fonctions avanc\u00e9es et ses performances fiables, le Televic Unite TH est le choix id\u00e9al pour la transmission professionnelle de la parole sans fil.<\/p>\n","protected":false},"excerpt":{"rendered":"<p>L&rsquo;\u00e9metteur \u00e0 main Televic Unite TH est un appareil polyvalent qui peut \u00eatre utilis\u00e9 comme \u00e9metteur ou comme microphone sans fil. Il est \u00e9quip\u00e9 d&rsquo;un microphone cardio\u00efde antibruit, d&rsquo;un DSP int\u00e9gr\u00e9, d&rsquo;une connectivit\u00e9 Bluetooth\u00ae et d&rsquo;un cryptage AES-256. Id\u00e9al pour les visites guid\u00e9es, les pr\u00e9sentations, les conf\u00e9rences et l&rsquo;interpr\u00e9tation.  <\/p>\n","protected":false},"featured_media":8421,"template":"","meta":{"_seopress_robots_primary_cat":"0","_seopress_titles_title":"Televic Unite TH - microphone sans fil et \u00e9metteur","_seopress_titles_desc":"Louez le microphone \u00e0 main Televic Unite TH pour une transmission claire et s\u00fbre de la parole lors de visites guid\u00e9es, de pr\u00e9sentations et de conf\u00e9rences.","_seopress_robots_index":"","_et_pb_use_builder":"","_et_pb_old_content":"","_et_gb_content_width":""},"product_brand":[149],"product_cat":[200,211],"product_tag":[],"magma_product_family":[280],"class_list":{"0":"post-8509","1":"product","2":"type-product","3":"status-publish","4":"has-post-thumbnail","6":"product_brand-televic","7":"product_cat-emetteurs","8":"product_cat-composants","9":"magma_scope-tour-guide-systems-fr","10":"magma_product_family-televic-unite","12":"first","13":"instock","14":"shipping-taxable","15":"purchasable","16":"product-type-simple"},"_links":{"self":[{"href":"https:\/\/duvall.be\/fr\/wp-json\/wp\/v2\/product\/8509","targetHints":{"allow":["GET"]}}],"collection":[{"href":"https:\/\/duvall.be\/fr\/wp-json\/wp\/v2\/product"}],"about":[{"href":"https:\/\/duvall.be\/fr\/wp-json\/wp\/v2\/types\/product"}],"wp:featuredmedia":[{"embeddable":true,"href":"https:\/\/duvall.be\/fr\/wp-json\/wp\/v2\/media\/8421"}],"wp:attachment":[{"href":"https:\/\/duvall.be\/fr\/wp-json\/wp\/v2\/media?parent=8509"}],"wp:term":[{"taxonomy":"product_brand","embeddable":true,"href":"https:\/\/duvall.be\/fr\/wp-json\/wp\/v2\/product_brand?post=8509"},{"taxonomy":"product_cat","embeddable":true,"href":"https:\/\/duvall.be\/fr\/wp-json\/wp\/v2\/product_cat?post=8509"},{"taxonomy":"product_tag","embeddable":true,"href":"https:\/\/duvall.be\/fr\/wp-json\/wp\/v2\/product_tag?post=8509"},{"taxonomy":"magma_product_family","embeddable":true,"href":"https:\/\/duvall.be\/fr\/wp-json\/wp\/v2\/magma_product_family?post=8509"}],"curies":[{"name":"wp","href":"https:\/\/api.w.org\/{rel}","templated":true}]}}