{"id":8220,"date":"2023-03-09T12:19:24","date_gmt":"2023-03-09T12:19:24","guid":{"rendered":"https:\/\/duvall.be\/politique-de-confidentialite\/"},"modified":"2025-03-05T14:56:58","modified_gmt":"2025-03-05T14:56:58","slug":"politique-de-confidentialite","status":"publish","type":"page","link":"https:\/\/duvall.be\/fr\/politique-de-confidentialite\/","title":{"rendered":"Politique de confidentialit\u00e9"},"content":{"rendered":"<p>[et_pb_section fb_built=\u00a0\u00bb1&Prime; admin_label=\u00a0\u00bbsection\u00a0\u00bb _builder_version=\u00a0\u00bb4.16&Prime; da_disable_devices=\u00a0\u00bboff|off|off\u00a0\u00bb global_colors_info=\u00a0\u00bb{}\u00a0\u00bb da_is_popup=\u00a0\u00bboff\u00a0\u00bb da_exit_intent=\u00a0\u00bboff\u00a0\u00bb da_has_close=\u00a0\u00bbon\u00a0\u00bb da_alt_close=\u00a0\u00bboff\u00a0\u00bb da_dark_close=\u00a0\u00bboff\u00a0\u00bb da_not_modal=\u00a0\u00bbon\u00a0\u00bb da_is_singular=\u00a0\u00bboff\u00a0\u00bb da_with_loader=\u00a0\u00bboff\u00a0\u00bb da_has_shadow=\u00a0\u00bbon\u00a0\u00bb][et_pb_row admin_label=\u00a0\u00bbrang\u00e9e\u00a0\u00bb _builder_version=\u00a0\u00bb4.16&Prime; background_size=\u00a0\u00bbinitial\u00a0\u00bb background_position=\u00a0\u00bbtop_left\u00a0\u00bb background_repeat=\u00a0\u00bbrepeat\u00a0\u00bb global_colors_info=\u00a0\u00bb{}\u00a0\u00bb][et_pb_column type=\u00a0\u00bb4_4&Prime; _builder_version=\u00a0\u00bb4.16&Prime; custom_padding=\u00a0\u00bb|||\u00a0\u00bb global_colors_info=\u00a0\u00bb{}\u00a0\u00bb custom_padding__hover=\u00a0\u00bb|||\u00a0\u00bb][et_pb_text admin_label=\u00a0\u00bbText\u00a0\u00bb _builder_version=\u00a0\u00bb4.20.2&Prime; background_size=\u00a0\u00bbinitial\u00a0\u00bb background_position=\u00a0\u00bbtop_left\u00a0\u00bb background_repeat=\u00a0\u00bbrepeat\u00a0\u00bb global_colors_info=\u00a0\u00bb{}\u00a0\u00bb]<\/p>\n<h2><strong>duvall prot\u00e8ge votre vie priv\u00e9e !<\/strong><\/h2>\n<p>Lorsque vous fournissez vos donn\u00e9es personnelles, vous acceptez qu&rsquo;elles soient trait\u00e9es dans les banques de donn\u00e9es de<span> <\/span><strong>duvall<\/strong><span> <\/span>BVBA, Ambachtsweg 22, 9820 Merelbeke. Les donn\u00e9es personnelles que vous nous communiquez ne seront utilis\u00e9es que pour : <\/p>\n<ul>\n<li>vous informer sur nos nouveaux produits et services, notamment en vous envoyant par courrier \u00e9lectronique des informations susceptibles de vous int\u00e9resser.<\/li>\n<li>Am\u00e9liorer la gestion de nos sites et des services que nous vous offrons.<\/li>\n<\/ul>\n<p>Nous assurons la s\u00e9curit\u00e9 des informations personnelles que vous nous confiez et nous nous engageons \u00e0 respecter les dispositions l\u00e9gales belges en la mati\u00e8re, comme la loi du 8 d\u00e9cembre 1992 relative \u00e0 la protection de la vie priv\u00e9e. En outre, nous ne communiquerons en aucun cas vos donn\u00e9es personnelles \u00e0 des tiers, \u00e0 moins que vous n&rsquo;ayez explicitement donn\u00e9 votre accord pr\u00e9alable. <\/p>\n<p>En outre, vous pouvez \u00e0 tout moment introduire un recours contre le traitement ult\u00e9rieur de vos donn\u00e9es. Ce recours est totalement gratuit. Pour ce faire, veuillez nous en informer par lettre ou par e-mail.  <\/p>\n<h2><strong>Mettre \u00e0 jour ou supprimer vos donn\u00e9es ?  <\/strong><\/h2>\n<p>Comme le pr\u00e9voit la loi sur la protection de la vie priv\u00e9e, vous avez le droit, \u00e0 tout moment, de consulter vos donn\u00e9es personnelles et, le cas \u00e9ch\u00e9ant, de les modifier.<\/p>\n<h2><strong>Pr\u00e9server la s\u00e9curit\u00e9 de vos donn\u00e9es<\/strong><\/h2>\n<p>Vos donn\u00e9es personnelles sont conserv\u00e9es en toute s\u00e9curit\u00e9 par<span> <\/span><strong>duvall<\/strong>. Elles ne sont pas accessibles \u00e0 des tiers ou \u00e0 des <span> <\/span><strong>duvall-staff<\/strong> qui n&rsquo;ont pas les droits d&rsquo;acc\u00e8s requis. Le nombre de <span> <\/span>Les <strong>membres du personnel de duvall<\/strong> qui ont acc\u00e8s \u00e0 vos donn\u00e9es personnelles sont limit\u00e9s au strict minimum. Nous avons \u00e9galement mis en place des mesures de s\u00e9curit\u00e9 strictes et \u00e9tendues afin d&rsquo;\u00e9viter tout acc\u00e8s ind\u00e9sirable et toute utilisation abusive de vos donn\u00e9es personnelles. <\/p>\n<h2><strong>L&rsquo;utilisation de cookies<\/strong><\/h2>\n<p>Lors de votre visite sur le site web de duvall, des cookies peuvent \u00eatre install\u00e9s sur le disque dur de votre ordinateur. Ces mini-fichiers sont uniquement utilis\u00e9s pour offrir une meilleure exp\u00e9rience utilisateur au visiteur qui revient sur ce site. Ces cookies ne sont pas utilis\u00e9s pour enregistrer le comportement de navigation du visiteur sur d&rsquo;autres sites.  <\/p>\n<p>Votre navigateur internet permet de bloquer les cookies, de produire un avertissement lorsqu&rsquo;un cookie est sur le point d&rsquo;\u00eatre install\u00e9 ou que les cookies sont supprim\u00e9s du disque dur apr\u00e8s votre visite. Veuillez consulter la section d&rsquo;aide de votre navigateur internet. <\/p>\n<h2><strong>Google Analytics<\/strong><\/h2>\n<p>Ce site utilise Google Analytics, un service d&rsquo;analyse du Web propos\u00e9 par Google Inc. (\u00ab\u00a0Google\u00a0\u00bb). Pour analyser l&rsquo;utilisation du site, Google Analytics utilise des cookies. Les informations g\u00e9n\u00e9r\u00e9es par les cookies en fonction de l&rsquo;utilisation du site (y compris l&rsquo;adresse IP) sont transf\u00e9r\u00e9es et stock\u00e9es par Google sur des serveurs situ\u00e9s aux Etats-Unis.  <\/p>\n<p>Google utilise ces informations pour suivre l&rsquo;utilisation du site, pour cr\u00e9er des rapports sur l&rsquo;activit\u00e9 du site \u00e0 l&rsquo;intention de son propri\u00e9taire et pour offrir d&rsquo;autres services li\u00e9s \u00e0 l&rsquo;activit\u00e9 du site et \u00e0 l&rsquo;utilisation d&rsquo;Internet. Google est autoris\u00e9 \u00e0 communiquer ces informations \u00e0 des tiers si la loi l&rsquo;y oblige ou si ces tiers traitent ces informations pour le compte de Google. Google ne combinera pas l&rsquo;adresse IP avec d&rsquo;autres donn\u00e9es dont il dispose. En utilisant ce site Internet, vous autorisez le traitement des informations par Google de la mani\u00e8re d\u00e9crite ci-dessus et dans le but susmentionn\u00e9.   <\/p>\n<p>[\/et_pb_text][\/et_pb_column][\/et_pb_row][\/et_pb_section]<\/p>\n","protected":false},"excerpt":{"rendered":"<p>duvall prot\u00e8ge votre vie priv\u00e9e ! Lorsque vous fournissez vos donn\u00e9es personnelles, vous acceptez qu&rsquo;elles soient trait\u00e9es dans les banques de donn\u00e9es de duvall BVBA, Ambachtsweg 22, 9820 Merelbeke. Les donn\u00e9es personnelles que vous nous communiquez ne seront utilis\u00e9es que pour : vous informer sur nos nouveaux produits et services, notamment en vous envoyant par [&hellip;]<\/p>\n","protected":false},"author":1,"featured_media":0,"parent":0,"menu_order":0,"comment_status":"closed","ping_status":"open","template":"","meta":{"_seopress_robots_primary_cat":"0","_seopress_titles_title":"","_seopress_titles_desc":"","_seopress_robots_index":"","_et_pb_use_builder":"on","_et_pb_old_content":"","_et_gb_content_width":"","footnotes":""},"class_list":["post-8220","page","type-page","status-publish","hentry"],"_links":{"self":[{"href":"https:\/\/duvall.be\/fr\/wp-json\/wp\/v2\/pages\/8220","targetHints":{"allow":["GET"]}}],"collection":[{"href":"https:\/\/duvall.be\/fr\/wp-json\/wp\/v2\/pages"}],"about":[{"href":"https:\/\/duvall.be\/fr\/wp-json\/wp\/v2\/types\/page"}],"author":[{"embeddable":true,"href":"https:\/\/duvall.be\/fr\/wp-json\/wp\/v2\/users\/1"}],"replies":[{"embeddable":true,"href":"https:\/\/duvall.be\/fr\/wp-json\/wp\/v2\/comments?post=8220"}],"version-history":[{"count":0,"href":"https:\/\/duvall.be\/fr\/wp-json\/wp\/v2\/pages\/8220\/revisions"}],"wp:attachment":[{"href":"https:\/\/duvall.be\/fr\/wp-json\/wp\/v2\/media?parent=8220"}],"curies":[{"name":"wp","href":"https:\/\/api.w.org\/{rel}","templated":true}]}}